{"id":8757,"date":"2024-11-13T18:08:01","date_gmt":"2024-11-13T15:08:01","guid":{"rendered":"https:\/\/iicbarcellona.esteri.it\/?page_id=8757"},"modified":"2026-02-03T14:00:14","modified_gmt":"2026-02-03T11:00:14","slug":"netiquette-internet","status":"publish","type":"page","link":"https:\/\/iicbarcellona.esteri.it\/it\/chi-siamo\/contatti\/netiquette-internet\/","title":{"rendered":"Netiquette Internet"},"content":{"rendered":"<p>L\u2019Istituto Italiano di Cultura di Barcellona utilizza i social media (Facebook, Instagram, X e Youtube) a fini istituzionali per migliorare la trasparenza e informare il pubblico capillarmente sulle proprie attivit\u00e0, nonch\u00e9 per condividere le iniziative di promozione e le opportunit\u00e0 relative alla lingua e alla cultura italiana, notizie dal Consolato Generale a Barcellona e dall\u2019Ambasciata d\u2019Italia a Madrid.<\/p>\n<p>L\u2019IIC di Barcellona informa, comunica, riceve e pubblica contenuti di natura istituzionale.<\/p>\n<p>I contenuti pubblicati includono fotografie, video istituzionali, comunicati stampa, informazioni di servizio, notizie sulle attivit\u00e0 della sede, notizie dall\u2019Italia, elementi di cultura italiana, opportunit\u00e0 di lavoro. I dati personali sono trattati in conformit\u00e0 alla normativa vigente, la cui informativa \u00e8 disponibile\u00a0qui.<\/p>\n<p>Attraverso i propri canali social, questa sede pu\u00f2 condividere e ripubblicare contenuti e messaggi di interesse pubblico o di servizio pubblicati da altri utenti. l\u2019IIC di Barcellona si impegna a gestire spazi di comunicazione e dialogo attraverso i propri account sui social media e chiede ai propri utenti, NELL&#8217;INTERAZIONE E NEL DIALOGO CON I CONTENUTI PUBBLICATI, di rispettare alcune semplici regole. In particolare, non saranno comunque tollerati e saranno rimossi a insindacabile giudizio dell\u2019amministratore i seguenti commenti:<\/p>\n<p>&#8211; insulti, volgarit\u00e0, offese, minacce e, in generale, atteggiamenti violenti, irrispettosi o diffamatori; a tutti si chiede di esporre la propria opinione con correttezza, misura e rispetto;<\/p>\n<p>-contenuti osceni, o tali da offendere la sensibilit\u00e0 degli utenti;<\/p>\n<p>-qualsiasi forma di pubblicit\u00e0 o promozione di interessi privati di qualunque tipo;<\/p>\n<p>-contenuti ingannevoli, allarmistici, o in violazione di diritti di terzi;<\/p>\n<p>-contenuti discriminatori per genere, razza, etnia, lingua, credo religioso, opinioni politiche, orientamento sessuale, et\u00e0, condizioni personali e sociali;<\/p>\n<p>-contenuti che violino il diritto d\u2019autore o che sostengano l\u2019utilizzo non autorizzato di marchi registrati;<\/p>\n<p>-contenuti lesivi di qualunque norma dei sistemi giuridici italiano o spagnolo;<\/p>\n<p>-contenuti lesivi della riservatezza e della protezione di dati personali. Vanno evitati riferimenti a fatti o a dettagli privi di rilevanza pubblica e che ledano la sfera personale di terzi.<\/p>\n<p>Per chi dovesse violare ripetutamente queste condizioni o quelle contenute nelle policy degli strumenti adottati, questa sede, coerentemente con la Social Media Policy del MAECI, si riserva il diritto di usare il ban o il blocco (quando possibile, dopo un primo avvertimento, che avverr\u00e0 via messaggio privato) per impedire ulteriori interventi, e di segnalare l\u2019utente ai responsabili della piattaforma ed eventualmente alle forze dell\u2019ordine o in altre sedi.<\/p>\n<p>Questa sede interagisce con gli utenti attraverso i propri profili social soltanto per un primo orientamento sui vari temi. Per poter dar corso ai servizi di informazione e assistenza \u00e8 possibile contattare la sede come indicato nella\u00a0sezione dedicata del sito.<\/p>\n<hr \/>\n<hr \/>\n<p>Prima pubblicazione: 01\/10\/2024 | Ultimo aggiornamento: 03\/02\/2026<\/p>\n","protected":false},"excerpt":{"rendered":"L\u2019Istituto Italiano di Cultura di Barcellona utilizza i social media (Facebook, Instagram, X e Youtube) a fini istituzionali per migliorare la trasparenza e informare il pubblico capillarmente sulle proprie attivit\u00e0, nonch\u00e9 per condividere le iniziative di promozione e le opportunit\u00e0 relative alla lingua e alla cultura italiana, notizie dal Consolato Generale a Barcellona e dall\u2019Ambasciata [&hellip;]","protected":false},"author":3,"featured_media":0,"parent":41,"menu_order":0,"comment_status":"closed","ping_status":"closed","template":"","meta":{"footnotes":""},"class_list":["post-8757","page","type-page","status-publish","hentry"],"_links":{"self":[{"href":"https:\/\/iicbarcellona.esteri.it\/it\/wp-json\/wp\/v2\/pages\/8757","targetHints":{"allow":["GET"]}}],"collection":[{"href":"https:\/\/iicbarcellona.esteri.it\/it\/wp-json\/wp\/v2\/pages"}],"about":[{"href":"https:\/\/iicbarcellona.esteri.it\/it\/wp-json\/wp\/v2\/types\/page"}],"author":[{"embeddable":true,"href":"https:\/\/iicbarcellona.esteri.it\/it\/wp-json\/wp\/v2\/users\/3"}],"replies":[{"embeddable":true,"href":"https:\/\/iicbarcellona.esteri.it\/it\/wp-json\/wp\/v2\/comments?post=8757"}],"version-history":[{"count":3,"href":"https:\/\/iicbarcellona.esteri.it\/it\/wp-json\/wp\/v2\/pages\/8757\/revisions"}],"predecessor-version":[{"id":14203,"href":"https:\/\/iicbarcellona.esteri.it\/it\/wp-json\/wp\/v2\/pages\/8757\/revisions\/14203"}],"up":[{"embeddable":true,"href":"https:\/\/iicbarcellona.esteri.it\/it\/wp-json\/wp\/v2\/pages\/41"}],"wp:attachment":[{"href":"https:\/\/iicbarcellona.esteri.it\/it\/wp-json\/wp\/v2\/media?parent=8757"}],"curies":[{"name":"wp","href":"https:\/\/api.w.org\/{rel}","templated":true}]}}