{"id":542,"date":"2023-08-10T11:09:11","date_gmt":"2023-08-10T08:09:11","guid":{"rendered":"https:\/\/iicbarcellona.esteri.it\/?page_id=542"},"modified":"2024-10-16T14:42:36","modified_gmt":"2024-10-16T11:42:36","slug":"politiche-di-trattamento-dei-dati-personali","status":"publish","type":"page","link":"https:\/\/iicbarcellona.esteri.it\/it\/chi-siamo\/la-sede\/informazioni-pratiche\/politiche-di-trattamento-dei-dati-personali\/","title":{"rendered":"Politiche di trattamento dei dati personali"},"content":{"rendered":"<div>\n<p><strong>Politiche di trattamento dei dati personali dell&#8217;Istituto Italiano di Cultura di Barcellona (IIC) del Ministero degli Affari Esteri e della Cooperazione Internazionale (MAECI)<\/strong><\/p>\n<p><strong>(Regolamento Generale sulla Protezione dei Dati (UE) 2016\/679, art. 13)<\/strong><\/p>\n<p>&nbsp;<\/p>\n<ul>\n<li><strong>Generalit\u00e0<\/strong><\/li>\n<\/ul>\n<p>Il trattamento dei dati personali effettuato dall\u2019IIC, quale Ufficio estero del MAECI, \u00e8 improntato ai principi di liceit\u00e0, correttezza e trasparenza a tutela dei diritti e delle libert\u00e0 fondamentali delle persone fisiche.<br \/>\nIl titolare del trattamento \u00e8 il Ministero degli Affari Esteri e della Cooperazione internazionale (MAECI) della Repubblica italiana il quale opera, nel caso specifico, per il tramite dell\u2019Istituto Italiano di Cultura di Barcellona<br \/>\nPasaje M\u00e9ndez Vigo, 5<br \/>\n08009 Barcellona<br \/>\nTel.(+34)934875306,<br \/>\nemail: <a href=\"mailto:iicbarcellona@esteri.it\">iicbarcellona@esteri.it<\/a><br \/>\npec: <a href=\"mailto:iic.barcellona@cert.esteri.it\">iic.barcellona@cert.esteri.it<\/a><\/p>\n<p>&nbsp;<\/p>\n<p>Per eventuali quesiti o reclami l\u2019interessato pu\u00f2 contattare il Responsabile della Protezione dei Dati personali (RPD) del MAECI<br \/>\nIndirizzo postale:<br \/>\nMinistero degli Affari Esteri e della Cooperazione internazionale<br \/>\nPiazzale della Farnesina 1,<br \/>\n00135 ROMA<br \/>\ntelefono: 0039 06 36911 (centralino)<br \/>\nmail: <a href=\"mailto:rpd@esteri.it\">rpd@esteri.it<\/a><br \/>\npec: <a href=\"mailto:rpd@cert.esteri.it\">rpd@cert.esteri.it<\/a><\/p>\n<p>&nbsp;<\/p>\n<p>I dati personali raccolti saranno inseriti in una banca dati utilizzata per le seguenti finalit\u00e0: invito agli eventi culturali organizzati dall\u2019IIC, diffusione di un notiziario culturale, promozione dei corsi di lingua italiana, utilizzo della biblioteca.<\/p>\n<p>Il trattamento dei dati immessi nella banca dati \u00e8 basato sul consenso. L\u2019eventuale rifiuto al conferimento dei dati non consentir\u00e0 all\u2019interessato di accedere al servizio.<\/p>\n<p>Il trattamento dei dati, svolto da personale appositamente incaricato dell\u2019IIC sar\u00e0 effettuato in modalit\u00e0 mista.<\/p>\n<p>Ogni 5 anni dalla registrazione o dal suo rinnovo, l\u2019Istituto chieder\u00e0 agli utenti conferma telematica del loro interesse al servizio e provveder\u00e0 a cancellare i dati personali di coloro che non dovessero fornirla, per mancata risposta o per diniego espresso.<\/p>\n<p>L\u2019interessato pu\u00f2 chiedere l\u2019accesso ai propri dati personali e la loro rettifica. Fatte salve le conseguenze sull\u2019accesso al servizio, egli pu\u00f2 altres\u00ec chiedere la cancellazione di tali dati, nonch\u00e9 la limitazione del trattamento o l\u2019opposizione al loro trattamento. In questi casi, l\u2019interessato dovr\u00e0 presentare apposita richiesta all\u2019IIC di Barcellona, informando per conoscenza l\u2019RPD del MAECI.<\/p>\n<p>&nbsp;<\/p>\n<p>Se ritiene che i suoi diritti siano stati violati, l\u2019interessato pu\u00f2 presentare un reclamo all\u2019RPD del MAECI (e\/o all\u2019RPD del Responsabile del trattamento).<br \/>\nIn alternativa, pu\u00f2 rivolgersi al Garante italiano per la Protezione dei Dati personali ;<br \/>\nPiazza di Montecitorio 121<br \/>\n00186 ROMA<br \/>\ntel.0039-06696771 (centralino)<br \/>\nmail: <a href=\"mailto:garante@gpdp.it\">garante@gpdp.it<\/a><br \/>\npec: <a href=\"mailto:protocollo@pec.gpdp.it\">protocollo@pec.gpdp.it<\/a>.<\/p>\n<\/div>\n<p>&nbsp;<\/p>\n<p>Data di creazione: 2022 | Ultimo aggiornamento: 10\/10\/2024<\/p>\n","protected":false},"excerpt":{"rendered":"Politiche di trattamento dei dati personali dell&#8217;Istituto Italiano di Cultura di Barcellona (IIC) del Ministero degli Affari Esteri e della Cooperazione Internazionale (MAECI) (Regolamento Generale sulla Protezione dei Dati (UE) 2016\/679, art. 13) &nbsp; Generalit\u00e0 Il trattamento dei dati personali effettuato dall\u2019IIC, quale Ufficio estero del MAECI, \u00e8 improntato ai principi di liceit\u00e0, correttezza e [&hellip;]","protected":false},"author":3,"featured_media":0,"parent":519,"menu_order":0,"comment_status":"closed","ping_status":"closed","template":"","meta":{"footnotes":""},"class_list":["post-542","page","type-page","status-publish","hentry"],"_links":{"self":[{"href":"https:\/\/iicbarcellona.esteri.it\/it\/wp-json\/wp\/v2\/pages\/542","targetHints":{"allow":["GET"]}}],"collection":[{"href":"https:\/\/iicbarcellona.esteri.it\/it\/wp-json\/wp\/v2\/pages"}],"about":[{"href":"https:\/\/iicbarcellona.esteri.it\/it\/wp-json\/wp\/v2\/types\/page"}],"author":[{"embeddable":true,"href":"https:\/\/iicbarcellona.esteri.it\/it\/wp-json\/wp\/v2\/users\/3"}],"replies":[{"embeddable":true,"href":"https:\/\/iicbarcellona.esteri.it\/it\/wp-json\/wp\/v2\/comments?post=542"}],"version-history":[{"count":2,"href":"https:\/\/iicbarcellona.esteri.it\/it\/wp-json\/wp\/v2\/pages\/542\/revisions"}],"predecessor-version":[{"id":8275,"href":"https:\/\/iicbarcellona.esteri.it\/it\/wp-json\/wp\/v2\/pages\/542\/revisions\/8275"}],"up":[{"embeddable":true,"href":"https:\/\/iicbarcellona.esteri.it\/it\/wp-json\/wp\/v2\/pages\/519"}],"wp:attachment":[{"href":"https:\/\/iicbarcellona.esteri.it\/it\/wp-json\/wp\/v2\/media?parent=542"}],"curies":[{"name":"wp","href":"https:\/\/api.w.org\/{rel}","templated":true}]}}