{"id":519,"date":"2023-08-09T12:38:31","date_gmt":"2023-08-09T09:38:31","guid":{"rendered":"https:\/\/iicbarcellona.esteri.it\/chi-siamo\/la-sede\/informazioni-pratiche\/"},"modified":"2025-10-30T13:48:58","modified_gmt":"2025-10-30T10:48:58","slug":"informazioni-pratiche","status":"publish","type":"page","link":"https:\/\/iicbarcellona.esteri.it\/it\/chi-siamo\/la-sede\/informazioni-pratiche\/","title":{"rendered":"Informazioni pratiche"},"content":{"rendered":"<p><strong>Orario di apertura al pubblico:\u00a0<\/strong><\/p>\n<p>Dal Luned\u00ec al Gioved\u00ec dalle 09.00 alle 16:30<\/p>\n<p>Venerd\u00ec dalle 09.00 alle 14.30<\/p>\n<hr \/>\n<p><strong>Per informazioni relative i corsi di lingua e certificazioni ufficiali :<\/strong><\/p>\n<p><strong><a href=\"mailto:segreteriacorsi.iicbarcellona@esteri.it\">segreteriacorsi.iicbarcellona@esteri.it<\/a><\/strong><\/p>\n<p><strong><a href=\"mailto:coordinamentocorsi.iicbarcellona@esteri.it\">coordinamentocorsi.iicbarcellona@esteri.it<\/a><\/strong><\/p>\n<hr \/>\n<p><strong>Istituto Italiano di Cultura di Barcellona<\/strong><br \/>\nPassatge M\u00e9ndez Vigo, 5<br \/>\nE &#8211; 08009 Barcelona<br \/>\ntelefono: +34-934875306<br \/>\nfax: +34-934874590<br \/>\nemail: <a href=\"mailto:iicbarcellona@esteri.it\">iicbarcellona@esteri.it<\/a><br \/>\nPEC: <a href=\"mailto:iic.barcellona@cert.esteri.it\">iic.barcellona@cert.esteri.it<\/a> (indirizzo abilitato esclusivamente alla ricezione di posta elettronica certificata\/PEC)<\/p>\n<hr \/>\n<p><strong>Calendario delle festivit\u00e0 2025<\/strong><\/p>\n<p>01 gennaio Capodanno<br \/>\n06 gennaio Epifania<br \/>\n21 aprile Luned\u00ec dell&#8217;Angelo<br \/>\n01 maggio Festa del Lavoro<br \/>\n02 giugno Festa della Repubblica italiana<br \/>\n15 agosto Assunzione<br \/>\n11 settembre Festa nazionale catalana<br \/>\n12 ottobre Festa nazionale spagnola<br \/>\n01 novembre Tutti i Santi<br \/>\n25 dicembre Natale<br \/>\n26 dicembre Santo Stefano<\/p>\n<hr \/>\n<p><strong>Calendario delle festivit\u00e0 2026<\/strong><\/p>\n<p>01 gennaio Capodanno<br \/>\n06 gennaio Epifania<br \/>\n06 aprile Luned\u00ec dell&#8217;Angelo<br \/>\n01 maggio Festa del Lavoro<br \/>\n02 giugno Festa della Repubblica italiana<br \/>\n15 agosto Assunzione<br \/>\n11 settembre Festa nazionale catalana<br \/>\n12 ottobre Festa nazionale spagnola<br \/>\n01 novembre Tutti i Santi<br \/>\n25 dicembre Natale<br \/>\n26 dicembre Santo Stefano<\/p>\n<p>&nbsp;<\/p>\n<hr \/>\n<hr \/>\n<p>Prima pubblicazione: 1\/12\/2005 | Ultimo aggiornamento: 30\/10\/2025<\/p>\n","protected":false},"excerpt":{"rendered":"Orario di apertura al pubblico:\u00a0 Dal Luned\u00ec al Gioved\u00ec dalle 09.00 alle 16:30 Venerd\u00ec dalle 09.00 alle 14.30 Per informazioni relative i corsi di lingua e certificazioni ufficiali : segreteriacorsi.iicbarcellona@esteri.it coordinamentocorsi.iicbarcellona@esteri.it Istituto Italiano di Cultura di Barcellona Passatge M\u00e9ndez Vigo, 5 E &#8211; 08009 Barcelona telefono: +34-934875306 fax: +34-934874590 email: iicbarcellona@esteri.it PEC: iic.barcellona@cert.esteri.it (indirizzo abilitato [&hellip;]","protected":false},"author":3,"featured_media":0,"parent":40,"menu_order":0,"comment_status":"closed","ping_status":"closed","template":"","meta":{"footnotes":""},"class_list":["post-519","page","type-page","status-publish","hentry"],"_links":{"self":[{"href":"https:\/\/iicbarcellona.esteri.it\/it\/wp-json\/wp\/v2\/pages\/519","targetHints":{"allow":["GET"]}}],"collection":[{"href":"https:\/\/iicbarcellona.esteri.it\/it\/wp-json\/wp\/v2\/pages"}],"about":[{"href":"https:\/\/iicbarcellona.esteri.it\/it\/wp-json\/wp\/v2\/types\/page"}],"author":[{"embeddable":true,"href":"https:\/\/iicbarcellona.esteri.it\/it\/wp-json\/wp\/v2\/users\/3"}],"replies":[{"embeddable":true,"href":"https:\/\/iicbarcellona.esteri.it\/it\/wp-json\/wp\/v2\/comments?post=519"}],"version-history":[{"count":6,"href":"https:\/\/iicbarcellona.esteri.it\/it\/wp-json\/wp\/v2\/pages\/519\/revisions"}],"predecessor-version":[{"id":13081,"href":"https:\/\/iicbarcellona.esteri.it\/it\/wp-json\/wp\/v2\/pages\/519\/revisions\/13081"}],"up":[{"embeddable":true,"href":"https:\/\/iicbarcellona.esteri.it\/it\/wp-json\/wp\/v2\/pages\/40"}],"wp:attachment":[{"href":"https:\/\/iicbarcellona.esteri.it\/it\/wp-json\/wp\/v2\/media?parent=519"}],"curies":[{"name":"wp","href":"https:\/\/api.w.org\/{rel}","templated":true}]}}