{"id":5169,"date":"2024-02-23T13:09:32","date_gmt":"2024-02-23T10:09:32","guid":{"rendered":"https:\/\/iicbarcellona.esteri.it\/?page_id=5169"},"modified":"2026-03-06T12:54:22","modified_gmt":"2026-03-06T09:54:22","slug":"celi-adolescenti","status":"publish","type":"page","link":"https:\/\/iicbarcellona.esteri.it\/it\/lingua-e-cultura\/certificazioni\/celi-adolescenti\/","title":{"rendered":"CELI Adolescenti"},"content":{"rendered":"<h4 style=\"text-align: center;\"><strong>Esami CELI a \u2013 2026<\/strong><br \/>\n<strong>Istituto Italiano di Cultura di Barcellona<\/strong><br \/>\n<strong>Universit\u00e0 per Stranieri di Perugia<\/strong><\/h4>\n<p><a href=\"https:\/\/iicbarcellona.esteri.it\/wp-content\/uploads\/2026\/03\/CELI-adolescenti-2026.pdf\"><img loading=\"lazy\" decoding=\"async\" class=\"img-fluid aligncenter wp-image-14807\" src=\"https:\/\/iicbarcellona.esteri.it\/wp-content\/uploads\/2026\/03\/CELI-ADOLESCENTI-2026-1.jpg\" alt=\"\" width=\"900\" height=\"506\" srcset=\"https:\/\/iicbarcellona.esteri.it\/wp-content\/uploads\/2026\/03\/CELI-ADOLESCENTI-2026-1.jpg 1280w, https:\/\/iicbarcellona.esteri.it\/wp-content\/uploads\/2026\/03\/CELI-ADOLESCENTI-2026-1-300x169.jpg 300w, https:\/\/iicbarcellona.esteri.it\/wp-content\/uploads\/2026\/03\/CELI-ADOLESCENTI-2026-1-1024x576.jpg 1024w, https:\/\/iicbarcellona.esteri.it\/wp-content\/uploads\/2026\/03\/CELI-ADOLESCENTI-2026-1-768x432.jpg 768w\" sizes=\"auto, (max-width: 900px) 100vw, 900px\" \/><\/a><\/p>\n<p>I <strong>CELI a<\/strong> sono certificati di conoscenza della lingua italiana rivolti ad adolescenti di et\u00e0 compresa tra i 12 e i 18 anni.<br \/>\nVerificano la capacit\u00e0 d\u2019uso della lingua italiana nelle pi\u00f9 comuni situazioni comunicative nelle quali un adolescente si trova ad interagire.<br \/>\nI <strong>CELI<\/strong> a sono articolati in 3 livelli: <strong>CELI 1 a (A2) <\/strong>&#8211;<strong> CELI 2 a (B1) <\/strong>&#8211;<strong> CELI 3 a (B2)<\/strong> e si svolgono una volta all\u2019anno.<\/p>\n<p><strong>Sessione d\u2019esame: 09 Maggio 2026<\/strong><br \/>\n<strong>Livelli CELI 1a-A2, CELI 2a-B1 e CELI 3a-B2<\/strong><br \/>\n<strong>Iscrizioni online aperte fino al 07 aprile 2026<\/strong><br \/>\n<a href=\"https:\/\/icbl.eduplanweb.it\/courses\/#\/certificazioni\"><strong>https:\/\/icbl.eduplanweb.it\/courses\/#\/certificazioni<\/strong><\/a><\/p>\n<p>Per ulteriori informazioni vi potete rivolgere ai seguenti indirizzi :<br \/>\n<strong><a href=\"mailto:segreteriacorsi.iicbarcellona@esteri.it\">segreteriacorsi.iicbarcellona@esteri.it<\/a><\/strong><br \/>\n<strong><a href=\"mailto:coordinamentocorsi.iicbarcellona@esteri.it\">coordinamentocorsi.iicbarcellona@esteri.it<\/a><\/strong><\/p>\n","protected":false},"excerpt":{"rendered":"Esami CELI a \u2013 2026 Istituto Italiano di Cultura di Barcellona Universit\u00e0 per Stranieri di Perugia I CELI a sono certificati di conoscenza della lingua italiana rivolti ad adolescenti di et\u00e0 compresa tra i 12 e i 18 anni. Verificano la capacit\u00e0 d\u2019uso della lingua italiana nelle pi\u00f9 comuni situazioni comunicative nelle quali un adolescente [&hellip;]","protected":false},"author":5,"featured_media":0,"parent":44,"menu_order":1,"comment_status":"closed","ping_status":"closed","template":"","meta":{"footnotes":""},"class_list":["post-5169","page","type-page","status-publish","hentry"],"_links":{"self":[{"href":"https:\/\/iicbarcellona.esteri.it\/it\/wp-json\/wp\/v2\/pages\/5169","targetHints":{"allow":["GET"]}}],"collection":[{"href":"https:\/\/iicbarcellona.esteri.it\/it\/wp-json\/wp\/v2\/pages"}],"about":[{"href":"https:\/\/iicbarcellona.esteri.it\/it\/wp-json\/wp\/v2\/types\/page"}],"author":[{"embeddable":true,"href":"https:\/\/iicbarcellona.esteri.it\/it\/wp-json\/wp\/v2\/users\/5"}],"replies":[{"embeddable":true,"href":"https:\/\/iicbarcellona.esteri.it\/it\/wp-json\/wp\/v2\/comments?post=5169"}],"version-history":[{"count":6,"href":"https:\/\/iicbarcellona.esteri.it\/it\/wp-json\/wp\/v2\/pages\/5169\/revisions"}],"predecessor-version":[{"id":14822,"href":"https:\/\/iicbarcellona.esteri.it\/it\/wp-json\/wp\/v2\/pages\/5169\/revisions\/14822"}],"up":[{"embeddable":true,"href":"https:\/\/iicbarcellona.esteri.it\/it\/wp-json\/wp\/v2\/pages\/44"}],"wp:attachment":[{"href":"https:\/\/iicbarcellona.esteri.it\/it\/wp-json\/wp\/v2\/media?parent=5169"}],"curies":[{"name":"wp","href":"https:\/\/api.w.org\/{rel}","templated":true}]}}