{"id":506,"date":"2023-08-09T12:31:36","date_gmt":"2023-08-09T09:31:36","guid":{"rendered":"https:\/\/iicbarcellona.esteri.it\/?page_id=506"},"modified":"2026-02-03T13:58:21","modified_gmt":"2026-02-03T10:58:21","slug":"storia-e-direttori-iic","status":"publish","type":"page","link":"https:\/\/iicbarcellona.esteri.it\/it\/chi-siamo\/la-sede\/storia-e-direttori-iic\/","title":{"rendered":"Storia e direttori IIC"},"content":{"rendered":"<p>L&#8217;<strong>Istituto Italiano di Cultura<\/strong> di Barcellona \u00e8 stato fondato nel 1950.<\/p>\n<hr \/>\n<p><span class=\"titoloRosso\">Direttori dell&#8217;Istituto Italiano di Cultura dalla fondazione ad oggi: <\/span><\/p>\n<p>(1950-1962) Renato Freschi<br \/>\n(1962-1967) Mario Forte<br \/>\n(1967-1973) Elzeario Sillari<br \/>\n(1974-1976) Ferdinando Caruso<br \/>\n(1976-1986) Aldo Penasa<br \/>\n(1986-1989) Giuseppe Manica<br \/>\n(1989-1991) Eustachio Porsia<br \/>\n(1993-1998) Bruno Bellone<br \/>\n(1998-2000) Angelo Manenti<br \/>\n(2000-2006) Ennio Bispuri<br \/>\n(2006-2009) Elio Traina<br \/>\n(2009-2010) Fortunato Ceraso<br \/>\n(2013-2017) Roberta Ferrazza<br \/>\n(2017-2019) Angelo Gio\u00e8<br \/>\n(2020-2023) Lucio Izzo<br \/>\n(2023- &#8230;) Annamaria Di Giorgio<\/p>\n<hr \/>\n<p>L&#8217;<strong>Istituto Italiano di Cultura<\/strong> \u00e8 un ente pubblico, dipendente dal <strong>Ministero degli Affari Esteri<\/strong>, senza fini di lucro che ha lo scopo di promuovere la cultura e la lingua italiana nel mondo.<\/p>\n<p>E&#8217; collegato alle rappresentanze diplomatico-consolari nella citt\u00e0 in cui si trova ed \u00e8 retto da un Direttore, nominato dal <strong>Ministro degli Affari Esteri<\/strong>, su proposta del <strong>Direttore Generale della Direzione Generale per la Promozione e la Cooperazione Culturale<\/strong>.<\/p>\n<p>Le funzioni specifiche assolte dall&#8217;Istituto consistono in:<br \/>\n\u2022 stabilire contatti con istituzioni, enti e personalit\u00e0 del mondo culturale e scientifico del paese ospitante e favorire le proposte e i progetti per la conoscenza della cultura, della lingua e della realt\u00e0 italiane o comunque finalizzati alla collaborazione culturale e scientifica;<br \/>\n\u2022 fornire la documentazione e l&#8217;informazione sulla vita culturale italiana e sulle relative istituzioni;<br \/>\n\u2022 promuovere iniziative, manifestazioni culturali e mostre, preferibilmente in collaborazione con le strutture culturali locali;<br \/>\n\u2022 sostenere iniziative per lo sviluppo culturale delle comunit\u00e0 italiane all&#8217;estero per favorire sia la loro integrazione nel paese ospitante sia il rapporto culturale con la patria d&#8217;origine;<br \/>\n\u2022 assicurare collaborazione a studiosi e studenti italiani nella loro attivit\u00e0 di ricerca e di studio all&#8217;estero;<br \/>\n\u2022 promuovere e favorire specifiche iniziative per la diffusione della lingua italiana all&#8217;estero, avvalendosi anche della collaborazione dei lettori d&#8217;italiano presso le universit\u00e0 del paese ospitante, e delle universit\u00e0 italiane che svolgono specifiche attivit\u00e0 didattiche e scientifiche connesse con queste finalit\u00e0.<\/p>\n<p>Tra le molteplici iniziative culturali promosse, l&#8217;<strong>Istituto Italiano di Cultura<\/strong> favorisce:<\/p>\n<p>Incontri con personalit\u00e0 della cultura italiana, Seminari, Conferenze, Tavole Rotonde, Mostre, Concerti, Cicli di Cinema italiano, Spettacoli teatrali, Corsi di Lingua e Cultura italiane (a diversi livelli), Corsi di Storia, Corsi d&#8217;Arte, Corsi di Cucina, Corsi di Cinema, Corsi di Musica.<\/p>\n<p>&nbsp;<\/p>\n<p>Prima pubblicazione: 1\/12\/2005 | Ultimo aggiornamento: 03\/02\/2026<\/p>\n","protected":false},"excerpt":{"rendered":"L&#8217;Istituto Italiano di Cultura di Barcellona \u00e8 stato fondato nel 1950. Direttori dell&#8217;Istituto Italiano di Cultura dalla fondazione ad oggi: (1950-1962) Renato Freschi (1962-1967) Mario Forte (1967-1973) Elzeario Sillari (1974-1976) Ferdinando Caruso (1976-1986) Aldo Penasa (1986-1989) Giuseppe Manica (1989-1991) Eustachio Porsia (1993-1998) Bruno Bellone (1998-2000) Angelo Manenti (2000-2006) Ennio Bispuri (2006-2009) Elio Traina (2009-2010) Fortunato [&hellip;]","protected":false},"author":3,"featured_media":0,"parent":40,"menu_order":1,"comment_status":"closed","ping_status":"closed","template":"","meta":{"footnotes":""},"class_list":["post-506","page","type-page","status-publish","hentry"],"_links":{"self":[{"href":"https:\/\/iicbarcellona.esteri.it\/it\/wp-json\/wp\/v2\/pages\/506","targetHints":{"allow":["GET"]}}],"collection":[{"href":"https:\/\/iicbarcellona.esteri.it\/it\/wp-json\/wp\/v2\/pages"}],"about":[{"href":"https:\/\/iicbarcellona.esteri.it\/it\/wp-json\/wp\/v2\/types\/page"}],"author":[{"embeddable":true,"href":"https:\/\/iicbarcellona.esteri.it\/it\/wp-json\/wp\/v2\/users\/3"}],"replies":[{"embeddable":true,"href":"https:\/\/iicbarcellona.esteri.it\/it\/wp-json\/wp\/v2\/comments?post=506"}],"version-history":[{"count":5,"href":"https:\/\/iicbarcellona.esteri.it\/it\/wp-json\/wp\/v2\/pages\/506\/revisions"}],"predecessor-version":[{"id":14194,"href":"https:\/\/iicbarcellona.esteri.it\/it\/wp-json\/wp\/v2\/pages\/506\/revisions\/14194"}],"up":[{"embeddable":true,"href":"https:\/\/iicbarcellona.esteri.it\/it\/wp-json\/wp\/v2\/pages\/40"}],"wp:attachment":[{"href":"https:\/\/iicbarcellona.esteri.it\/it\/wp-json\/wp\/v2\/media?parent=506"}],"curies":[{"name":"wp","href":"https:\/\/api.w.org\/{rel}","templated":true}]}}