{"id":45,"date":"2023-04-03T20:56:23","date_gmt":"2023-04-03T18:56:23","guid":{"rendered":"https:\/\/istitutobuenosaires.esteri.it\/?page_id=45"},"modified":"2026-01-29T12:53:38","modified_gmt":"2026-01-29T09:53:38","slug":"studiare-in-italia","status":"publish","type":"page","link":"https:\/\/iicbarcellona.esteri.it\/it\/lingua-e-cultura\/studiare-in-italia\/","title":{"rendered":"Studiare in Italia"},"content":{"rendered":"<p><strong>Corsi di lingua e cultura italiana offerti dalle Universit\u00e0 Italiane:<\/strong><\/p>\n<ul>\n<li><a title=\"Universit\u00e0 per stranieri di Perugia\" href=\"http:\/\/www.unistrapg.it\/italiano\/didattica\/lingua_cultura\/\">Universit\u00e0 per stranieri di Perugia<\/a> (<em>con certificazione<\/em>)<\/li>\n<li><a title=\"Universit\u00e0 per stranieri di Siena \" href=\"http:\/\/www.unistrasi.it\/\">Universit\u00e0 per stranieri di Siena <\/a>(<em>con certificazione<\/em>)<\/li>\n<li>Universit\u00e0 degli studi di Roma Tre<br \/>\n1. <a title=\"Corsi CLA\" href=\"http:\/\/www.cla.uniroma3.it\/\">Corsi CLA<\/a> (<em>con certificazione<\/em>)<br \/>\n2. <a title=\"Italiano L2\" href=\"http:\/\/host.uniroma3.it\/dipartimenti\/linguistica\">Italiano L2<\/a> (<em>con certificazione<\/em>)<\/li>\n<li><a title=\"Universit\u00e0 Politecnica delle Marche \" href=\"http:\/\/www.univpm.it\/\">Universit\u00e0 Politecnica delle Marche <\/a><\/li>\n<li><a title=\"Universit\u00e0 degli studi di Bergamo \" href=\"http:\/\/www.unibg.it\/struttura\/struttura.asp?cerca=cis_intro\">Universit\u00e0 degli studi di Bergamo <\/a><\/li>\n<li><a title=\"Universit\u00e0 degli studi di Bologna \u2013 Cilta \" href=\"http:\/\/www.unibo.it\/Portale\/Offerta+formativa\/Summer+and+winter+school\/italiano_per_stranieri.htm\">Universit\u00e0 degli studi di Bologna <\/a><\/li>\n<li><a title=\"Universit\u00e0 degli studi di Bologna \u2013 Cliro \" href=\"http:\/\/www.cliro.unibo.it\/\">Universit\u00e0 degli studi di Bologna \u2013 Cliro <\/a><\/li>\n<li><a title=\"Universit\u00e0 degli studi di Firenze - Centro di cultura per stranieri \" href=\"http:\/\/www.unifi.it\/unifi\/ccs\/\">Universit\u00e0 degli studi di Firenze &#8211; Centro di cultura per stranieri <\/a><\/li>\n<li><a title=\"Universit\u00e0 degli studi de l'Aquila \" href=\"http:\/\/www.univaq.it\/section.php?id=299\">Universit\u00e0 degli studi de l&#8217;Aquila <\/a><\/li>\n<li><a title=\"Universit\u00e0 del Salento\" href=\"https:\/\/www.unisalento.it\/\">Universit\u00e0 del Salento<\/a><\/li>\n<li><a title=\"Universit\u00e0 degli studi di Milano\" href=\"http:\/\/studenti.unimi.it\/foreign\/gargnano.htm\">Universit\u00e0 degli studi di Milano<\/a><\/li>\n<li><a title=\"Universit\u00e0 degli studi di Parma \" href=\"http:\/\/www.unipr.it\/arpa\/cla\/\">Universit\u00e0 degli studi di Parma <\/a><\/li>\n<li><a title=\"Universit\u00e0 degli studi di Trento \" href=\"http:\/\/www.unitn.it\/\">Universit\u00e0 degli studi di Trento <\/a><\/li>\n<li><a title=\"Universit\u00e0 degli studi di Urbino \" href=\"http:\/\/www.uniurb.it\/it\/portale\/index.php?mist_id=10&amp;lang=IT&amp;tipo=IST&amp;page=13\">Universit\u00e0 degli studi di Urbino <\/a><\/li>\n<li><a title=\"Universit\u00e0 degli studi Ca' Foscari di Venezia\" href=\"http:\/\/venus.unive.it\/cli\/\">Universit\u00e0 degli studi Ca&#8217; Foscari di Venezia <\/a><\/li>\n<li><a title=\"Universit\u00e0 Cattolica del Sacro Cuore\" href=\"http:\/\/milano.unicatt.it\/masters_8699.html\">Universit\u00e0 Cattolica del Sacro Cuore\u00a0 <\/a><\/li>\n<li><a title=\"click to open\" href=\"http:\/\/cla.unica.it\/\">Universit\u00e0 degli studi di Cagliari &#8211; Centro linguistico d&#8217;ateneo<\/a><\/li>\n<li><a title=\"Universit\u00e0 degli studi di Palermo - Scuola di lingua italiana per stranieri\" href=\"http:\/\/portale.unipa.it\/strutture\/scuolaitalianastranieri\/\">Universit\u00e0 degli studi di Palermo &#8211; Scuola di lingua italiana per stranieri<\/a><\/li>\n<\/ul>\n","protected":false},"excerpt":{"rendered":"Corsi di lingua e cultura italiana offerti dalle Universit\u00e0 Italiane: Universit\u00e0 per stranieri di Perugia (con certificazione) Universit\u00e0 per stranieri di Siena (con certificazione) Universit\u00e0 degli studi di Roma Tre 1. Corsi CLA (con certificazione) 2. Italiano L2 (con certificazione) Universit\u00e0 Politecnica delle Marche Universit\u00e0 degli studi di Bergamo Universit\u00e0 degli studi di Bologna Universit\u00e0 [&hellip;]","protected":false},"author":1,"featured_media":0,"parent":16,"menu_order":8,"comment_status":"closed","ping_status":"closed","template":"","meta":{"footnotes":""},"class_list":["post-45","page","type-page","status-publish","hentry"],"_links":{"self":[{"href":"https:\/\/iicbarcellona.esteri.it\/it\/wp-json\/wp\/v2\/pages\/45","targetHints":{"allow":["GET"]}}],"collection":[{"href":"https:\/\/iicbarcellona.esteri.it\/it\/wp-json\/wp\/v2\/pages"}],"about":[{"href":"https:\/\/iicbarcellona.esteri.it\/it\/wp-json\/wp\/v2\/types\/page"}],"author":[{"embeddable":true,"href":"https:\/\/iicbarcellona.esteri.it\/it\/wp-json\/wp\/v2\/users\/1"}],"replies":[{"embeddable":true,"href":"https:\/\/iicbarcellona.esteri.it\/it\/wp-json\/wp\/v2\/comments?post=45"}],"version-history":[{"count":3,"href":"https:\/\/iicbarcellona.esteri.it\/it\/wp-json\/wp\/v2\/pages\/45\/revisions"}],"predecessor-version":[{"id":14074,"href":"https:\/\/iicbarcellona.esteri.it\/it\/wp-json\/wp\/v2\/pages\/45\/revisions\/14074"}],"up":[{"embeddable":true,"href":"https:\/\/iicbarcellona.esteri.it\/it\/wp-json\/wp\/v2\/pages\/16"}],"wp:attachment":[{"href":"https:\/\/iicbarcellona.esteri.it\/it\/wp-json\/wp\/v2\/media?parent=45"}],"curies":[{"name":"wp","href":"https:\/\/api.w.org\/{rel}","templated":true}]}}