{"id":44,"date":"2023-04-03T20:56:11","date_gmt":"2023-04-03T18:56:11","guid":{"rendered":"https:\/\/istitutobuenosaires.esteri.it\/?page_id=44"},"modified":"2026-03-27T15:13:31","modified_gmt":"2026-03-27T12:13:31","slug":"certificazioni","status":"publish","type":"page","link":"https:\/\/iicbarcellona.esteri.it\/it\/lingua-e-cultura\/certificazioni\/","title":{"rendered":"Certificazioni"},"content":{"rendered":"<h3>Certificazioni Linguistiche della Lingua Italiana<\/h3>\n<p data-start=\"101\" data-end=\"387\">I<strong data-start=\"101\" data-end=\"130\"> Certificati di Italiano<\/strong> sono titoli ufficiali che attestano il livello di competenza comunicativa in italiano come lingua straniera. Sono rivolti a cittadini stranieri, a cittadini italiani residenti all\u2019estero \u2014 discendenti di emigrati italiani \u2014 e a immigrati stranieri presenti in Italia. Per sostenere l\u2019esame non \u00e8 richiesto alcun titolo di studio specifico.<\/p>\n<p data-start=\"462\" data-end=\"692\">Per l\u2019organizzazione e la somministrazione degli esami all\u2019estero tramite gli Istituti Italiani di Cultura, il Ministero degli Affari Esteri e della Cooperazione Internazionale ha stipulato convenzioni con le seguenti istituzioni: <a href=\"http:\/\/www.cvcl.it\/\" target=\"_blank\" rel=\"noopener\">Universit\u00e0 per Stranieri di Perugia<\/a> (CELI \u2013 CIC), <a href=\"http:\/\/www.unistrasi.it\/\" target=\"_blank\" rel=\"noopener\">Universit\u00e0 per Stranieri di Siena\u00a0<\/a>(CILS), <a href=\"https:\/\/certificazioneitaliano.uniroma3.it\/\" target=\"_blank\" rel=\"noopener\">Universit\u00e0 degli Studi Roma Tre<\/a> (CERT.IT), <a href=\"http:\/\/www.plida.it\/plida\/\" target=\"_blank\" rel=\"noopener\">Societ\u00e0 Dante Alighieri<\/a> (PLIDA).<\/p>\n<p data-start=\"462\" data-end=\"692\"><span style=\"text-decoration: underline;\"><strong>L&#8217;Istituto Italiano di Cultura di Barcellona offre la possibilit\u00e0 di sostenere gli esami CELI, per l&#8217;ottenimento del certificato di italiano rilasciato dall&#8217;Universit\u00e0 per Stranieri di Perugia, presso la propria sede.<\/strong><\/span><\/p>\n<div>\n<p style=\"text-align: justify;\"><strong>L\u2019Universit\u00e0 per Stranieri di Perugia<\/strong> rilascia certificati linguistici dal 1987 ed \u00e8 stata la prima istituzione italiana ad aver operato nel settore della certificazione della conoscenza dell\u2019Italiano come Lingua Seconda (L2). Informazioni pi\u00f9 dettagliate sono disponibili sul sito dell&#8217;Universit\u00e0, nelle sezioni dedicate agli <a href=\"https:\/\/cvcl.unistrapg.it\/pagine\/esami-celi-generici\">esami CELI<\/a> e <a href=\"https:\/\/www.unistrapg.it\/sites\/default\/files\/docs\/certificazioni\/regolamento-esami-celi-parte-pubblica.pdf\">relativo regolamento.<\/a><\/p>\n<p style=\"font-weight: 400;\">Per un&#8217;eventuale autovalutazione, \u00e8 disponibile una <b><strong><a href=\"https:\/\/iicbarcellona.esteri.it\/wp-content\/uploads\/2024\/01\/Griglia-per-lautovalutazione-QCER.pdf\">griglia di riferimento.<\/a><\/strong><\/b><\/p>\n<p><span style=\"color: #ff0000;\"><strong>CALENDARIO ESAMI CELI 2026<\/strong><\/span><br \/>\n<strong>09.05.2026 (adolescenti A2&gt;B2), 09.06.2026 e 11.11.2026 (standard B1&gt;C2)<\/strong><\/p>\n<p><strong>INSCRIZIONI ONLINE (<a href=\"https:\/\/icbl.eduplanweb.it\/courses\/#\/certificazioni\"><span style=\"color: #ff0000;\">link<\/span><\/a>)<\/strong><\/p>\n<p style=\"text-align: justify;\">Per ragioni indipendenti dalla volont\u00e0 dell\u2019Istituto Italiano di Cultura di Barcellona, sede d\u2019esame, \u00e8 possibile che le prove si debbano svolgere in pi\u00f9 di una giornata.<br \/>\nI candidati iscritti per ogni sessione verranno puntualmente informati del calendario della parte scritta, e gli orari assegnati individualmente per la parte orale.<\/p>\n<p style=\"text-align: justify;\"><a href=\"https:\/\/iicbarcellona.esteri.it\/wp-content\/uploads\/2026\/02\/INFO-CELI-2026-2-ita.pdf\"><strong>SCARICA<\/strong> <\/a><strong>IL PROGRAMMA INFORMATIVO<\/strong><\/p>\n<p><strong><a href=\"https:\/\/iicbarcellona.esteri.it\/wp-content\/uploads\/2024\/09\/scheda_iscrizione_celi_def.pdf\">SCARICA<\/a> LA SCHEDA ISCRIZIONE ESAMI CELI<\/strong><\/p>\n<p><strong><span style=\"text-decoration: underline;\">Si segnala che al definizione delle date di esame e la loro eventuale variazione, nonch\u00e9 i contenuti delle prove di esame, la correzione delle stesse e le relative tempistiche sono esclusiva responsabilit\u00e0 dell&#8217;Universit\u00e0 per Stranieri di Perugia. L&#8217;Istituto, ancorch\u00e9 sollecitato dagli interessati in proposito, non pu\u00f2 in nessun caso intervenire su tali aspetti.<\/span><\/strong><\/p>\n<\/div>\n","protected":false},"excerpt":{"rendered":"Certificazioni Linguistiche della Lingua Italiana I Certificati di Italiano sono titoli ufficiali che attestano il livello di competenza comunicativa in italiano come lingua straniera. Sono rivolti a cittadini stranieri, a cittadini italiani residenti all\u2019estero \u2014 discendenti di emigrati italiani \u2014 e a immigrati stranieri presenti in Italia. Per sostenere l\u2019esame non \u00e8 richiesto alcun titolo [&hellip;]","protected":false},"author":1,"featured_media":0,"parent":16,"menu_order":4,"comment_status":"closed","ping_status":"closed","template":"","meta":{"footnotes":""},"class_list":["post-44","page","type-page","status-publish","hentry"],"_links":{"self":[{"href":"https:\/\/iicbarcellona.esteri.it\/it\/wp-json\/wp\/v2\/pages\/44","targetHints":{"allow":["GET"]}}],"collection":[{"href":"https:\/\/iicbarcellona.esteri.it\/it\/wp-json\/wp\/v2\/pages"}],"about":[{"href":"https:\/\/iicbarcellona.esteri.it\/it\/wp-json\/wp\/v2\/types\/page"}],"author":[{"embeddable":true,"href":"https:\/\/iicbarcellona.esteri.it\/it\/wp-json\/wp\/v2\/users\/1"}],"replies":[{"embeddable":true,"href":"https:\/\/iicbarcellona.esteri.it\/it\/wp-json\/wp\/v2\/comments?post=44"}],"version-history":[{"count":7,"href":"https:\/\/iicbarcellona.esteri.it\/it\/wp-json\/wp\/v2\/pages\/44\/revisions"}],"predecessor-version":[{"id":15383,"href":"https:\/\/iicbarcellona.esteri.it\/it\/wp-json\/wp\/v2\/pages\/44\/revisions\/15383"}],"up":[{"embeddable":true,"href":"https:\/\/iicbarcellona.esteri.it\/it\/wp-json\/wp\/v2\/pages\/16"}],"wp:attachment":[{"href":"https:\/\/iicbarcellona.esteri.it\/it\/wp-json\/wp\/v2\/media?parent=44"}],"curies":[{"name":"wp","href":"https:\/\/api.w.org\/{rel}","templated":true}]}}