{"id":42,"date":"2023-04-03T20:55:37","date_gmt":"2023-04-03T18:55:37","guid":{"rendered":"https:\/\/istitutobuenosaires.esteri.it\/?page_id=42"},"modified":"2026-03-24T16:04:01","modified_gmt":"2026-03-24T13:04:01","slug":"i-corsi-di-lingua","status":"publish","type":"page","link":"https:\/\/iicbarcellona.esteri.it\/it\/lingua-e-cultura\/i-corsi-di-lingua\/","title":{"rendered":"I corsi di lingua"},"content":{"rendered":"<div><img loading=\"lazy\" decoding=\"async\" class=\"alignnone size-full wp-image-15268 img-fluid\" src=\"https:\/\/iicbarcellona.esteri.it\/wp-content\/uploads\/2026\/03\/Banner-Corsi-di-Lingua.jpg\" alt=\"\" width=\"1223\" height=\"305\" srcset=\"https:\/\/iicbarcellona.esteri.it\/wp-content\/uploads\/2026\/03\/Banner-Corsi-di-Lingua.jpg 1223w, https:\/\/iicbarcellona.esteri.it\/wp-content\/uploads\/2026\/03\/Banner-Corsi-di-Lingua-300x75.jpg 300w, https:\/\/iicbarcellona.esteri.it\/wp-content\/uploads\/2026\/03\/Banner-Corsi-di-Lingua-1024x255.jpg 1024w, https:\/\/iicbarcellona.esteri.it\/wp-content\/uploads\/2026\/03\/Banner-Corsi-di-Lingua-768x192.jpg 768w\" sizes=\"auto, (max-width: 1223px) 100vw, 1223px\" \/><br \/>\n&nbsp;<\/p>\n<p style=\"text-align: justify;\"><strong>Perch\u00e9 studiare l\u2019italiano all\u2019Istituto Italiano di Cultura di Barcellona?<\/strong><\/p>\n<p style=\"text-align: justify;\">Sicuramente perch\u00e9 \u00e8 un organismo ufficiale dello Stato italiano in Catalogna per la promozione della lingua e della cultura e inoltre perch\u00e9:<\/p>\n<ul>\n<li style=\"text-align: justify;\">da oltre 70 anni, l\u2019IIC \u00e8 una parte d\u2019Italia nel cuore dell\u2019Eixample;<br \/>\n\u2022 i docenti sono tutti madrelingua e qualificati per insegnare italiano come lingua straniera ad adulti ispanofoni e catalanofoni;<br \/>\n\u2022 l\u2019IIC \u00e8 anche cultura: conferenze, cinema, mostre, concerti, teatro, danza, moda, design, gastronomia e molto altro ancora;<br \/>\n\u2022 l\u2019ampia offerta didattica comprende corsi, anche per piccoli gruppi, durante tutto l\u2019anno: quadrimestrali o intensivi, di gruppo o individuali, online e in presenza;<span style=\"text-decoration: line-through;\"><br \/>\n<\/span>\u2022 i corsi sono strutturati secondo i livelli del Quadro Comune Europeo di Riferimento (<a href=\"https:\/\/europass.europa.eu\/it\/common-european-framework-reference-language-skills\"><strong><em>QCER<\/em><\/strong><\/a>) del Consiglio d\u2019Europa, per garantire un percorso d\u2019apprendimento coerente, organico e chiaro negli obiettivi e nei risultati;<br \/>\n\u2022 al termine di ogni corso, anche individuale, si rilascia un attestato di frequenza, riconosciuto da universit\u00e0, enti pubblici e privati, italiani e locali;<br \/>\n\u2022 \u00e8 possibile sostenere esami di certificazione della lingua italiana e frequentare corsi specifici di preparazione;<br \/>\n\u2022 gli iscritti hanno facilitazioni per corsi di lingua in Italia, riduzioni su spettacoli e l\u2019accesso a prezzo scontato alla\u00a0<a href=\"https:\/\/www.medialibrary.it\/\"><em><strong>Biblioteca Digitale MLOL<\/strong><\/em><\/a> e al prestito di volumi, DVD, film, etc. della mediateca dell\u2019IIC , con oltre 19.000 titoli.<\/li>\n<\/ul>\n<\/div>\n","protected":false},"excerpt":{"rendered":"&nbsp; Perch\u00e9 studiare l\u2019italiano all\u2019Istituto Italiano di Cultura di Barcellona? Sicuramente perch\u00e9 \u00e8 un organismo ufficiale dello Stato italiano in Catalogna per la promozione della lingua e della cultura e inoltre perch\u00e9: da oltre 70 anni, l\u2019IIC \u00e8 una parte d\u2019Italia nel cuore dell\u2019Eixample; \u2022 i docenti sono tutti madrelingua e qualificati per insegnare italiano [&hellip;]","protected":false},"author":1,"featured_media":0,"parent":16,"menu_order":0,"comment_status":"closed","ping_status":"closed","template":"","meta":{"footnotes":""},"class_list":["post-42","page","type-page","status-publish","hentry"],"_links":{"self":[{"href":"https:\/\/iicbarcellona.esteri.it\/it\/wp-json\/wp\/v2\/pages\/42","targetHints":{"allow":["GET"]}}],"collection":[{"href":"https:\/\/iicbarcellona.esteri.it\/it\/wp-json\/wp\/v2\/pages"}],"about":[{"href":"https:\/\/iicbarcellona.esteri.it\/it\/wp-json\/wp\/v2\/types\/page"}],"author":[{"embeddable":true,"href":"https:\/\/iicbarcellona.esteri.it\/it\/wp-json\/wp\/v2\/users\/1"}],"replies":[{"embeddable":true,"href":"https:\/\/iicbarcellona.esteri.it\/it\/wp-json\/wp\/v2\/comments?post=42"}],"version-history":[{"count":7,"href":"https:\/\/iicbarcellona.esteri.it\/it\/wp-json\/wp\/v2\/pages\/42\/revisions"}],"predecessor-version":[{"id":15269,"href":"https:\/\/iicbarcellona.esteri.it\/it\/wp-json\/wp\/v2\/pages\/42\/revisions\/15269"}],"up":[{"embeddable":true,"href":"https:\/\/iicbarcellona.esteri.it\/it\/wp-json\/wp\/v2\/pages\/16"}],"wp:attachment":[{"href":"https:\/\/iicbarcellona.esteri.it\/it\/wp-json\/wp\/v2\/media?parent=42"}],"curies":[{"name":"wp","href":"https:\/\/api.w.org\/{rel}","templated":true}]}}