{"id":40,"date":"2023-04-03T20:55:02","date_gmt":"2023-04-03T18:55:02","guid":{"rendered":"https:\/\/istitutobuenosaires.esteri.it\/?page_id=40"},"modified":"2026-02-03T13:59:31","modified_gmt":"2026-02-03T10:59:31","slug":"la-sede","status":"publish","type":"page","link":"https:\/\/iicbarcellona.esteri.it\/it\/chi-siamo\/la-sede\/","title":{"rendered":"La Sede"},"content":{"rendered":"<p>Fondato nel 1950, l\u2019Istituto Italiano di Cultura di Barcellona ha sede in un\u2019elegante palazzina costruita nel 1889, al n\u00ba5 del Passatge di M\u00e9ndez Vigo, nel cuore dell\u2019Eixample. Questa strada privata, progettata dall\u2019architetto Jeroni Granell Barrera, nel 1868, rappresenta uno dei migliori esempi conservati di \u201cpaesaggio all\u2019inglese\u201d, con palazzine signorili e giardini.<\/p>\n<p>I tre piani della sede dell\u2019Istituto, di propriet\u00e0 dello Stato italiano, sono occupati da uffici, da aule per i corsi di lingua, da una sala polivalente e una biblioteca con oltre 19.000 volumi consultabili. In particolare, l\u2019Istituto dispone di un giardino che, nella parte centrale pavimentata, riproduce una piazza italiana dove si organizzano eventi culturali, letture, proiezioni, concerti all\u2019aperto. Nel giardino, oltre a una magnolia, un ulivo, una giovane quercia e una mimosa, spicca per le sue dimensioni il falso pepe (o albero del pepe rosa), di grande interesse perch\u00e9 \u00e8 un rarissimo esemplare presente in citt\u00e0. Grazie alla variegata vegetazione il giardino dell\u2019Istituto offre a studenti e visitatori una tranquilla parentesi di verde in pieno centro, a due passi dalla Casa Batll\u00f3 e la Pedrera.<\/p>\n<hr \/>\n<p>Istituto Italiano di Cultura di Barcellona<br \/>\nPassatge M\u00e9ndez Vigo, 5<br \/>\nE &#8211; 08009 Barcelona<\/p>\n<p>telefono: +34-934875306<br \/>\nemail:\u00a0<a href=\"mailto:iicbarcellona@esteri.it\">iicbarcellona@esteri.it<\/a><\/p>\n<hr \/>\n<hr \/>\n<p>Prima pubblicazione: 1\/12\/2005 | Ultimo aggiornamento: 03\/02\/2026<\/p>\n","protected":false},"excerpt":{"rendered":"Fondato nel 1950, l\u2019Istituto Italiano di Cultura di Barcellona ha sede in un\u2019elegante palazzina costruita nel 1889, al n\u00ba5 del Passatge di M\u00e9ndez Vigo, nel cuore dell\u2019Eixample. Questa strada privata, progettata dall\u2019architetto Jeroni Granell Barrera, nel 1868, rappresenta uno dei migliori esempi conservati di \u201cpaesaggio all\u2019inglese\u201d, con palazzine signorili e giardini. I tre piani della [&hellip;]","protected":false},"author":1,"featured_media":0,"parent":15,"menu_order":2,"comment_status":"closed","ping_status":"closed","template":"","meta":{"footnotes":""},"class_list":["post-40","page","type-page","status-publish","hentry"],"_links":{"self":[{"href":"https:\/\/iicbarcellona.esteri.it\/it\/wp-json\/wp\/v2\/pages\/40","targetHints":{"allow":["GET"]}}],"collection":[{"href":"https:\/\/iicbarcellona.esteri.it\/it\/wp-json\/wp\/v2\/pages"}],"about":[{"href":"https:\/\/iicbarcellona.esteri.it\/it\/wp-json\/wp\/v2\/types\/page"}],"author":[{"embeddable":true,"href":"https:\/\/iicbarcellona.esteri.it\/it\/wp-json\/wp\/v2\/users\/1"}],"replies":[{"embeddable":true,"href":"https:\/\/iicbarcellona.esteri.it\/it\/wp-json\/wp\/v2\/comments?post=40"}],"version-history":[{"count":6,"href":"https:\/\/iicbarcellona.esteri.it\/it\/wp-json\/wp\/v2\/pages\/40\/revisions"}],"predecessor-version":[{"id":14201,"href":"https:\/\/iicbarcellona.esteri.it\/it\/wp-json\/wp\/v2\/pages\/40\/revisions\/14201"}],"up":[{"embeddable":true,"href":"https:\/\/iicbarcellona.esteri.it\/it\/wp-json\/wp\/v2\/pages\/15"}],"wp:attachment":[{"href":"https:\/\/iicbarcellona.esteri.it\/it\/wp-json\/wp\/v2\/media?parent=40"}],"curies":[{"name":"wp","href":"https:\/\/api.w.org\/{rel}","templated":true}]}}