{"id":35,"date":"2023-04-03T20:52:42","date_gmt":"2023-04-03T18:52:42","guid":{"rendered":"https:\/\/istitutobuenosaires.esteri.it\/?page_id=35"},"modified":"2024-07-15T20:47:34","modified_gmt":"2024-07-15T17:47:34","slug":"calendario","status":"publish","type":"page","link":"https:\/\/iicbarcellona.esteri.it\/it\/gli_eventi\/calendario\/","title":{"rendered":"Eventi in programma"},"content":{"rendered":"        <div class=\"row\">\n\t\t\t<!-- Ricerca sedi post -->\n\t\t\t<div class=\"col-12 mt-4\">\n\t\t\t  <div class=\"callout callout-highlight note ricerca-esteri p-4\">\n                    <div class=\"callout-title\">\n                        <svg class=\"icon\">\n                            <use xlink:href=\"https:\/\/iicbarcellona.esteri.it\/wp-content\/themes\/sedi-tema\/assets\/svg\/sprites.svg#it-search\"><\/use>\n                        <\/svg>Inserisci i parametri di ricerca                    <\/div>\n                    <form id=\"searchFormPost\" name=\"form-search-post\" class=\"form-row align-items-center\" action=\"https:\/\/iicbarcellona.esteri.it\/it\/wp-json\/wp\/v2\/pages\/35\/\" method=\"GET\"> \n                        <!-- <div class=\"form-group pt-5\"> -->\n                            <!-- <input type=\"hidden\" id=\"lang\" name=\"lang\" value=\"\"> --> <!-- <\/div> -->\n\n                        <div class=\"it-datepicker-wrapper\">\n                            <div class=\"row\">\n                                <div class=\"form-group col-md-6\">\n                                    <label class=\"active\" for=\"date-init\">Dal<\/label>\n                                    <input class=\"form-control\" name=\"date-init\" id=\"date-init\" type=\"date\" placeholder=\"gg\/mm\/aaaa\" value=\"\"lang=\"en-EN\">  \n                                <\/div>\n                                <div class=\"form-group col-md-6\">\n                                    <label class=\"active\" for=\"date-end\">Al<\/label>\n                                    <input class=\"form-control\" name=\"date-end\" id=\"date-end\" type=\"date\" placeholder=\"gg\/mm\/aaaa\" value=\"\">\n                                <\/div>\n                            <\/div>\n                        <\/div>\n                        <div class=\"form-group col-md-12 mt-3\">\n                            <label for=\"searchText\">Campo ricerca libera<\/label>\n                            <input type=\"text\" name=\"searchText\" class=\"form-control\" id=\"searchText\" value=\"\">\n                        <\/div>\n                        <div class=\"form-group col-md-4 offset-md-8 text-end\">\n                            <a href=\"https:\/\/iicbarcellona.esteri.it\/it\/gli_eventi\/calendario\/\" title=\"Form reset\" id=\"resetImput\" class=\"btn btn-outline-primary btn-xs\">Reset<\/a>\n                            <button type=\"submit\" class=\"btn btn-primary btn-xs\">Mostra risultati<\/button>\n                        <\/div>\n                    <\/form>\n\t\t\t\t<\/div>\n\t\t\t<\/div>\n\t\t<\/div>\n                    \n            <div class=\"row\">\n                            <div class=\"col-12 mt-3\">\n                <!--start card-->\n                <div class=\"card-wrapper card-space\">\n                    <div class=\"card card-bg card-big border-bottom-card\">\n                        <div class=\"card-body row\">\n                                                    <div class=\"col-sm-3\">\n                                <div class=\"img-responsive\">\n                                    <figure class=\"img-wrapper\">\n                                        <a href=\"https:\/\/iicbarcellona.esteri.it\/it\/gli_eventi\/calendario\/aperitivi-di-architettura-italia-e-catalogna-a-confronto\/\" title=\"Leggi l'articolo: APERITIVI DI ARCHITETTURA: ITALIA E CATALOGNA A CONFRONTO\">\n                                                                                            <img loading=\"lazy\" decoding=\"async\" width=\"300\" height=\"169\" src=\"https:\/\/iicbarcellona.esteri.it\/wp-content\/uploads\/2026\/02\/IIC-Aperitivi-Ap1-def-orizzontale-per-davide-300x169.png\" srcset=\"https:\/\/iicbarcellona.esteri.it\/wp-content\/uploads\/2026\/02\/IIC-Aperitivi-Ap1-def-orizzontale-per-davide.png 1920w, https:\/\/iicbarcellona.esteri.it\/wp-content\/uploads\/2026\/02\/IIC-Aperitivi-Ap1-def-orizzontale-per-davide-300x169.png 300w, https:\/\/iicbarcellona.esteri.it\/wp-content\/uploads\/2026\/02\/IIC-Aperitivi-Ap1-def-orizzontale-per-davide-1024x576.png 1024w, https:\/\/iicbarcellona.esteri.it\/wp-content\/uploads\/2026\/02\/IIC-Aperitivi-Ap1-def-orizzontale-per-davide-768x432.png 768w\" sizes=\"auto, (max-width: 1920px) 100vw, 1920px\"  title=\"IIC-Aperitivi-Ap1 def orizzontale per davide\" alt=\"\" class=\"img-fluid\">\n                                                                                    <\/a>\n                                    <\/figure>\n                                <\/div>\n                            <\/div>\n                            <div class=\"col-sm-9\">\n                                                            <div class=\"category-top\">\n                                    <span class=\"fw-bold text-success\">In corso<\/span>                                                                        <span class=\"data\">\n                                        <svg class=\"icon icon-secondary\">\n                                            <use xlink:href=\"https:\/\/iicbarcellona.esteri.it\/wp-content\/themes\/sedi-tema\/assets\/svg\/sprites.svg#it-calendar\"><\/use>\n                                        <\/svg> Mar 10 Mar 2026<svg class=\"icon icon-xs icon-secondary me-1 ms-1\"><use href=\"https:\/\/iicbarcellona.esteri.it\/wp-content\/themes\/sedi-tema\/assets\/svg\/sprites.svg#it-arrow-right\"><\/use><\/svg>Mer 10 Giu 2026                                    <\/span>\n                                                                    <\/div>\n                            <h5 class=\"card-title big-heading text-uppercase\"><a class=\"text-body text-decoration-none\" href=\"https:\/\/iicbarcellona.esteri.it\/it\/gli_eventi\/calendario\/aperitivi-di-architettura-italia-e-catalogna-a-confronto\/\" title=\"APERITIVI DI ARCHITETTURA: ITALIA E CATALOGNA A CONFRONTO\">APERITIVI DI ARCHITETTURA: ITALIA E CATALOGNA A CONFRONTO<\/a><\/h5>\n                            <p class=\"card-text\">Nell\u2019ambito del programma di eventi Barcellona 2026 Capitale Mondiale dell\u2019Architettura, il Consolato Generale d\u2019Italia e l\u2019Istituto Italiano di Cultura di Barcellona, in collaborazione con la Fundaci\u00f3 Mies van der Rohe e con il sostegno della Direzione Generale Creativit\u00e0 Contemporanea del Ministero della Cultura, propongono un progetto speciale che mira a offrire uno spazio di incontro [&hellip;]<\/p>\n                                <a title=\"APERITIVI DI ARCHITETTURA: ITALIA E CATALOGNA A CONFRONTO\" class=\"read-more\" href=\"https:\/\/iicbarcellona.esteri.it\/it\/gli_eventi\/calendario\/aperitivi-di-architettura-italia-e-catalogna-a-confronto\/\">\n                                    <span class=\"text\">Leggi di pi\u00f9<\/span>\n                                    <svg class=\"icon\">\n                                    <use xlink:href=\"https:\/\/iicbarcellona.esteri.it\/wp-content\/themes\/sedi-tema\/assets\/svg\/sprites.svg#it-arrow-right\"><\/use>\n                                    <\/svg>\n                                <\/a>\n                                                        <\/div>\n                                                    <\/div>\n                    <\/div>\n                <\/div>\n                <!--end card-->\n                <\/div><!-- col-12 .mt-3-->\n                            <div class=\"col-12 mt-3\">\n                <!--start card-->\n                <div class=\"card-wrapper card-space\">\n                    <div class=\"card card-bg card-big border-bottom-card\">\n                        <div class=\"card-body row\">\n                                                    <div class=\"col-sm-3\">\n                                <div class=\"img-responsive\">\n                                    <figure class=\"img-wrapper\">\n                                        <a href=\"https:\/\/iicbarcellona.esteri.it\/it\/gli_eventi\/calendario\/xvii-festival-del-libro-dartista-e-della-piccola-edizione-2026\/\" title=\"Leggi l'articolo: XVII Festival del libro d\u2019artista e della piccola edizione 2026\">\n                                                                                            <img loading=\"lazy\" decoding=\"async\" width=\"244\" height=\"300\" src=\"https:\/\/iicbarcellona.esteri.it\/wp-content\/uploads\/2026\/04\/circular-books-244x300.jpg\" srcset=\"https:\/\/iicbarcellona.esteri.it\/wp-content\/uploads\/2026\/04\/circular-books.jpg 1402w, https:\/\/iicbarcellona.esteri.it\/wp-content\/uploads\/2026\/04\/circular-books-244x300.jpg 244w, https:\/\/iicbarcellona.esteri.it\/wp-content\/uploads\/2026\/04\/circular-books-833x1024.jpg 833w, https:\/\/iicbarcellona.esteri.it\/wp-content\/uploads\/2026\/04\/circular-books-768x944.jpg 768w\" sizes=\"auto, (max-width: 1402px) 100vw, 1402px\"  title=\"circular books\" alt=\"\" class=\"img-fluid\">\n                                                                                    <\/a>\n                                    <\/figure>\n                                <\/div>\n                            <\/div>\n                            <div class=\"col-sm-9\">\n                                                            <div class=\"category-top\">\n                                    <span class=\"fw-bold text-success\">In corso<\/span>                                                                        <span class=\"data\">\n                                        <svg class=\"icon icon-secondary\">\n                                            <use xlink:href=\"https:\/\/iicbarcellona.esteri.it\/wp-content\/themes\/sedi-tema\/assets\/svg\/sprites.svg#it-calendar\"><\/use>\n                                        <\/svg> Gio 23 Apr 2026                                    <\/span>\n                                                                    <\/div>\n                            <h5 class=\"card-title big-heading text-uppercase\"><a class=\"text-body text-decoration-none\" href=\"https:\/\/iicbarcellona.esteri.it\/it\/gli_eventi\/calendario\/xvii-festival-del-libro-dartista-e-della-piccola-edizione-2026\/\" title=\"XVII Festival del libro d\u2019artista e della piccola edizione 2026\">XVII Festival del libro d\u2019artista e della piccola edizione 2026<\/a><\/h5>\n                            <p class=\"card-text\">In occasione della Giornata mondiale del libro Unesco e di Sant Jordi, torna il Festival del Libro d\u2019artista e della piccola edizione, promosso da Elisa Pellacani e Associaci\u00f3 ILDE in collaborazione con il Districte de Ciutat Vella e il Centre Civic Pati Llimona, con il patrocinio dell&#8217;Istituto Italiano di Cultura di Barcellona. Giunto alla sua [&hellip;]<\/p>\n                                <a title=\"XVII Festival del libro d\u2019artista e della piccola edizione 2026\" class=\"read-more\" href=\"https:\/\/iicbarcellona.esteri.it\/it\/gli_eventi\/calendario\/xvii-festival-del-libro-dartista-e-della-piccola-edizione-2026\/\">\n                                    <span class=\"text\">Leggi di pi\u00f9<\/span>\n                                    <svg class=\"icon\">\n                                    <use xlink:href=\"https:\/\/iicbarcellona.esteri.it\/wp-content\/themes\/sedi-tema\/assets\/svg\/sprites.svg#it-arrow-right\"><\/use>\n                                    <\/svg>\n                                <\/a>\n                                                        <\/div>\n                                                    <\/div>\n                    <\/div>\n                <\/div>\n                <!--end card-->\n                <\/div><!-- col-12 .mt-3-->\n                            <div class=\"col-12 mt-3\">\n                <!--start card-->\n                <div class=\"card-wrapper card-space\">\n                    <div class=\"card card-bg card-big border-bottom-card\">\n                        <div class=\"card-body row\">\n                                                    <div class=\"col-sm-3\">\n                                <div class=\"img-responsive\">\n                                    <figure class=\"img-wrapper\">\n                                        <a href=\"https:\/\/iicbarcellona.esteri.it\/it\/gli_eventi\/calendario\/firarrels\/\" title=\"Leggi l'articolo: Firarrels\">\n                                                                                            <img loading=\"lazy\" decoding=\"async\" width=\"300\" height=\"282\" src=\"https:\/\/iicbarcellona.esteri.it\/wp-content\/uploads\/2026\/04\/triptic-firarrels-2026_oficial_2_compressed-2_page-0001-1-300x282.jpg\" srcset=\"https:\/\/iicbarcellona.esteri.it\/wp-content\/uploads\/2026\/04\/triptic-firarrels-2026_oficial_2_compressed-2_page-0001-1.jpg 592w, https:\/\/iicbarcellona.esteri.it\/wp-content\/uploads\/2026\/04\/triptic-firarrels-2026_oficial_2_compressed-2_page-0001-1-300x282.jpg 300w\" sizes=\"auto, (max-width: 592px) 100vw, 592px\"  title=\"triptic firarrels 2026_oficial_2_compressed (2)_page-0001 (1)\" alt=\"\" class=\"img-fluid\">\n                                                                                    <\/a>\n                                    <\/figure>\n                                <\/div>\n                            <\/div>\n                            <div class=\"col-sm-9\">\n                                                            <div class=\"category-top\">\n                                    <span class=\"fw-bold \"><\/span>                                                                        <span class=\"\">\n                                        <svg class=\"icon icon-secondary\">\n                                            <use xlink:href=\"https:\/\/iicbarcellona.esteri.it\/wp-content\/themes\/sedi-tema\/assets\/svg\/sprites.svg#it-calendar\"><\/use>\n                                        <\/svg> Ven 24 Apr 2026<svg class=\"icon icon-xs icon-secondary me-1 ms-1\"><use href=\"https:\/\/iicbarcellona.esteri.it\/wp-content\/themes\/sedi-tema\/assets\/svg\/sprites.svg#it-arrow-right\"><\/use><\/svg>Dom 26 Apr 2026                                    <\/span>\n                                                                    <\/div>\n                            <h5 class=\"card-title big-heading text-uppercase\"><a class=\"text-body text-decoration-none\" href=\"https:\/\/iicbarcellona.esteri.it\/it\/gli_eventi\/calendario\/firarrels\/\" title=\"Firarrels\">Firarrels<\/a><\/h5>\n                            <p class=\"card-text\">Dal 24 al 26 aprile 2026, il comune di Tivenys ospita il festival culturale ed enogastronomico FirArrels Tivenys \u2013 Italia 2026: il festival \u00e8 un appuntamento culturale ed enogastronomico annuale, che in questa edizione \u00e8 dedicato alla valorizzazione della cultura italiana attraverso tradizioni, musica, gastronomia e spettacolo. La rassegna si arricchisce con la partecipazione straordinaria [&hellip;]<\/p>\n                                <a title=\"Firarrels\" class=\"read-more\" href=\"https:\/\/iicbarcellona.esteri.it\/it\/gli_eventi\/calendario\/firarrels\/\">\n                                    <span class=\"text\">Leggi di pi\u00f9<\/span>\n                                    <svg class=\"icon\">\n                                    <use xlink:href=\"https:\/\/iicbarcellona.esteri.it\/wp-content\/themes\/sedi-tema\/assets\/svg\/sprites.svg#it-arrow-right\"><\/use>\n                                    <\/svg>\n                                <\/a>\n                                                        <\/div>\n                                                    <\/div>\n                    <\/div>\n                <\/div>\n                <!--end card-->\n                <\/div><!-- col-12 .mt-3-->\n                            <div class=\"col-12 mt-3\">\n                <!--start card-->\n                <div class=\"card-wrapper card-space\">\n                    <div class=\"card card-bg card-big border-bottom-card\">\n                        <div class=\"card-body row\">\n                                                    <div class=\"col-sm-3\">\n                                <div class=\"img-responsive\">\n                                    <figure class=\"img-wrapper\">\n                                        <a href=\"https:\/\/iicbarcellona.esteri.it\/it\/gli_eventi\/calendario\/caffe-letterario-alcide-pierantozzi\/\" title=\"Leggi l'articolo: Caff\u00e9 letterario |\u00a0Alcide Pierantozzi\">\n                                                                                            <img loading=\"lazy\" decoding=\"async\" width=\"240\" height=\"300\" src=\"https:\/\/iicbarcellona.esteri.it\/wp-content\/uploads\/2026\/03\/Club-di-lettura-240x300.png\" srcset=\"https:\/\/iicbarcellona.esteri.it\/wp-content\/uploads\/2026\/03\/Club-di-lettura.png 1080w, https:\/\/iicbarcellona.esteri.it\/wp-content\/uploads\/2026\/03\/Club-di-lettura-240x300.png 240w, https:\/\/iicbarcellona.esteri.it\/wp-content\/uploads\/2026\/03\/Club-di-lettura-819x1024.png 819w, https:\/\/iicbarcellona.esteri.it\/wp-content\/uploads\/2026\/03\/Club-di-lettura-768x960.png 768w\" sizes=\"auto, (max-width: 1080px) 100vw, 1080px\"  title=\"Club di lettura\" alt=\"\" class=\"img-fluid\">\n                                                                                    <\/a>\n                                    <\/figure>\n                                <\/div>\n                            <\/div>\n                            <div class=\"col-sm-9\">\n                                                            <div class=\"category-top\">\n                                    <span class=\"fw-bold \"><\/span>                                                                        <span class=\"\">\n                                        <svg class=\"icon icon-secondary\">\n                                            <use xlink:href=\"https:\/\/iicbarcellona.esteri.it\/wp-content\/themes\/sedi-tema\/assets\/svg\/sprites.svg#it-calendar\"><\/use>\n                                        <\/svg> Mer 29 Apr 2026                                    <\/span>\n                                                                    <\/div>\n                            <h5 class=\"card-title big-heading text-uppercase\"><a class=\"text-body text-decoration-none\" href=\"https:\/\/iicbarcellona.esteri.it\/it\/gli_eventi\/calendario\/caffe-letterario-alcide-pierantozzi\/\" title=\"Caff\u00e9 letterario |\u00a0Alcide Pierantozzi\">Caff\u00e9 letterario |\u00a0Alcide Pierantozzi<\/a><\/h5>\n                            <p class=\"card-text\">Ritorna il nostro appuntamento con l\u2019aperitivo letterario, il club di lettura dell\u2019IIC, che in questa occasione propone la lettura del romanzo Lo sbilico di Alcide Pierantozzi. Alcide ha quarant\u2019anni, a volte dorme ancora con sua madre, prende sette pasticche al giorno (cinque la mattina e due dopo cena), ed \u00e8 considerato \u00abun paziente lucido, vigile, [&hellip;]<\/p>\n                                <a title=\"Caff\u00e9 letterario |\u00a0Alcide Pierantozzi\" class=\"read-more\" href=\"https:\/\/iicbarcellona.esteri.it\/it\/gli_eventi\/calendario\/caffe-letterario-alcide-pierantozzi\/\">\n                                    <span class=\"text\">Leggi di pi\u00f9<\/span>\n                                    <svg class=\"icon\">\n                                    <use xlink:href=\"https:\/\/iicbarcellona.esteri.it\/wp-content\/themes\/sedi-tema\/assets\/svg\/sprites.svg#it-arrow-right\"><\/use>\n                                    <\/svg>\n                                <\/a>\n                                                        <\/div>\n                                                    <\/div>\n                    <\/div>\n                <\/div>\n                <!--end card-->\n                <\/div><!-- col-12 .mt-3-->\n                            <div class=\"col-12 mt-3\">\n                <!--start card-->\n                <div class=\"card-wrapper card-space\">\n                    <div class=\"card card-bg card-big border-bottom-card\">\n                        <div class=\"card-body row\">\n                                                    <div class=\"col-sm-3\">\n                                <div class=\"img-responsive\">\n                                    <figure class=\"img-wrapper\">\n                                        <a href=\"https:\/\/iicbarcellona.esteri.it\/it\/gli_eventi\/calendario\/fem-jazz-2026\/\" title=\"Leggi l'articolo: FEM JAZZ 2026\">\n                                                                                            <img loading=\"lazy\" decoding=\"async\" width=\"240\" height=\"300\" src=\"https:\/\/iicbarcellona.esteri.it\/wp-content\/uploads\/2026\/04\/1-2-240x300.png\" srcset=\"https:\/\/iicbarcellona.esteri.it\/wp-content\/uploads\/2026\/04\/1-2.png 1080w, https:\/\/iicbarcellona.esteri.it\/wp-content\/uploads\/2026\/04\/1-2-240x300.png 240w, https:\/\/iicbarcellona.esteri.it\/wp-content\/uploads\/2026\/04\/1-2-819x1024.png 819w, https:\/\/iicbarcellona.esteri.it\/wp-content\/uploads\/2026\/04\/1-2-768x960.png 768w\" sizes=\"auto, (max-width: 1080px) 100vw, 1080px\"  title=\"1\" alt=\"\" class=\"img-fluid\">\n                                                                                    <\/a>\n                                    <\/figure>\n                                <\/div>\n                            <\/div>\n                            <div class=\"col-sm-9\">\n                                                            <div class=\"category-top\">\n                                    <span class=\"fw-bold \"><\/span>                                                                        <span class=\"\">\n                                        <svg class=\"icon icon-secondary\">\n                                            <use xlink:href=\"https:\/\/iicbarcellona.esteri.it\/wp-content\/themes\/sedi-tema\/assets\/svg\/sprites.svg#it-calendar\"><\/use>\n                                        <\/svg> Sab 09 Mag 2026                                    <\/span>\n                                                                    <\/div>\n                            <h5 class=\"card-title big-heading text-uppercase\"><a class=\"text-body text-decoration-none\" href=\"https:\/\/iicbarcellona.esteri.it\/it\/gli_eventi\/calendario\/fem-jazz-2026\/\" title=\"FEM JAZZ 2026\">FEM JAZZ 2026<\/a><\/h5>\n                            <p class=\"card-text\">In occasione della Giornata dell\u2019Europa, torna l\u2019appuntamento con il jazz al femminile promosso dal cluster EUNIC Barcelona insieme all\u2019Escola Superior de M\u00fasica de Catalunya, con il sostegno della Commissione Europea a Barcellona, della Diputaci\u00f3 e del Comune: sabato 9 maggio alle ore 19, nella suggestiva Pla\u00e7a del Rei, si esibir\u00e0 un ensemble di eccellenti musiciste [&hellip;]<\/p>\n                                <a title=\"FEM JAZZ 2026\" class=\"read-more\" href=\"https:\/\/iicbarcellona.esteri.it\/it\/gli_eventi\/calendario\/fem-jazz-2026\/\">\n                                    <span class=\"text\">Leggi di pi\u00f9<\/span>\n                                    <svg class=\"icon\">\n                                    <use xlink:href=\"https:\/\/iicbarcellona.esteri.it\/wp-content\/themes\/sedi-tema\/assets\/svg\/sprites.svg#it-arrow-right\"><\/use>\n                                    <\/svg>\n                                <\/a>\n                                                        <\/div>\n                                                    <\/div>\n                    <\/div>\n                <\/div>\n                <!--end card-->\n                <\/div><!-- col-12 .mt-3-->\n            \n            <div class=\"col-md-12 mt-4 pb-4\">\n                <nav class=\"navigation col-md-12\" aria-label=\"Navigation\">\n                    <h2 class=\"screen-reader-text visually-hidden\">Paginazione<\/h2>\n                    <div class=\"nav-links\">\n                                        <\/div>\n                <\/nav>\n            <\/div>   <!--.col-md-12 -->\n              <\/div><!--.row -->\n              \n","protected":false},"excerpt":{"rendered":"","protected":false},"author":1,"featured_media":0,"parent":17,"menu_order":0,"comment_status":"closed","ping_status":"closed","template":"","meta":{"footnotes":""},"class_list":["post-35","page","type-page","status-publish","hentry"],"_links":{"self":[{"href":"https:\/\/iicbarcellona.esteri.it\/it\/wp-json\/wp\/v2\/pages\/35","targetHints":{"allow":["GET"]}}],"collection":[{"href":"https:\/\/iicbarcellona.esteri.it\/it\/wp-json\/wp\/v2\/pages"}],"about":[{"href":"https:\/\/iicbarcellona.esteri.it\/it\/wp-json\/wp\/v2\/types\/page"}],"author":[{"embeddable":true,"href":"https:\/\/iicbarcellona.esteri.it\/it\/wp-json\/wp\/v2\/users\/1"}],"replies":[{"embeddable":true,"href":"https:\/\/iicbarcellona.esteri.it\/it\/wp-json\/wp\/v2\/comments?post=35"}],"version-history":[{"count":2,"href":"https:\/\/iicbarcellona.esteri.it\/it\/wp-json\/wp\/v2\/pages\/35\/revisions"}],"predecessor-version":[{"id":7038,"href":"https:\/\/iicbarcellona.esteri.it\/it\/wp-json\/wp\/v2\/pages\/35\/revisions\/7038"}],"up":[{"embeddable":true,"href":"https:\/\/iicbarcellona.esteri.it\/it\/wp-json\/wp\/v2\/pages\/17"}],"wp:attachment":[{"href":"https:\/\/iicbarcellona.esteri.it\/it\/wp-json\/wp\/v2\/media?parent=35"}],"curies":[{"name":"wp","href":"https:\/\/api.w.org\/{rel}","templated":true}]}}