{"id":248,"date":"2023-06-30T13:38:16","date_gmt":"2023-06-30T10:38:16","guid":{"rendered":"https:\/\/iicbarcellona.esteri.it\/?page_id=248"},"modified":"2026-01-22T15:37:16","modified_gmt":"2026-01-22T12:37:16","slug":"termini-e-condizioni","status":"publish","type":"page","link":"https:\/\/iicbarcellona.esteri.it\/it\/lingua-e-cultura\/i-corsi-di-lingua\/come-iscriversi\/termini-e-condizioni\/","title":{"rendered":"Termini e condizioni d\u2019iscrizione a un corso o seminario dell\u2019Istituto Italiano di Cultura di Barcellona"},"content":{"rendered":"<p style=\"text-align: justify;\">L\u2019interessato dichiara di avere pi\u00f9 di 18 anni (in caso contrario, il pagamento sar\u00e0 effettuato da un genitore o tutore legale).<br \/>\nPer lo svolgimento dei corsi in modalit\u00e0 online, l\u2019iscritto autorizza l\u2019IIC a comunicare all\u2019insegnante la propria mail.<br \/>\nL\u2019importo del corso si verser\u00e0 in un\u2019unica soluzione. Non si accettano n\u00e9 acconti n\u00e9 anticipi.<br \/>\nIl costo del manuale non \u00e8 compreso nell\u2019importo del corso.<br \/>\nIl corso verr\u00e0 attivato se, al termine del periodo d\u2019iscrizione, si sar\u00e0 raggiunto il numero minimo di iscritti.<br \/>\nII numero massimo di studenti per classe sar\u00e0 di 12 persone nei corsi online e di 15 persone per i corsi in presenza (in casi eccezionali, si potr\u00e0 aumentare il numero di 1 o 2 unit\u00e0), massimo 10 persone nei corsi di conversazione.<br \/>\nLa restituzione dell\u2019importo del corso \u00e8 prevista esclusivamente nel caso non si formi la classe, qualora l\u2019iscritto non possa optare per un altro orario.<br \/>\nL\u2019Istituto si riserva la possibilit\u00e0 di effettuare cambiamenti o modifiche di calendario, di orario e\/o professore per necessit\u00e0 di servizio.<\/p>\n<hr \/>\n<p style=\"text-align: justify;\"><span style=\"color: #666699;\"><strong><em>A causa di importanti lavori di ristrutturazione presso le nostre strutture, che inizieranno a febbraio, alcune lezioni all&#8217;inizio del semestre potrebbero essere tenute a distanza (in modalit\u00e0 sincrona).<\/em><\/strong><\/span><br \/>\n<span style=\"color: #666699;\"><strong><em>L&#8217;IIC si impegna a informare gli studenti iscritti ai corsi interessati di eventuali modifiche con il maggior anticipo possibile.<\/em><\/strong><\/span><\/p>\n<hr \/>\n<p style=\"text-align: justify;\">Ultimato il processo di pagamento, il sistema genera automaticamente un\u2019e-mail di conferma, che accredita l\u2019avvenuta iscrizione.<br \/>\nLa segreteria dei corsi verifica e registra le iscrizioni in ordine di arrivo.<br \/>\nEsaurito il numero di posti disponibili per ogni classe, il corso sar\u00e0 considerato chiuso e i nominativi degli interessati saranno inseriti in una lista d\u2019attesa.<br \/>\nCon l&#8217;iscrizione al corso, lo studente acconsente automaticamente a ricevere la newsletter dell&#8217;IIC all&#8217;indirizzo email fornito, per essere informato sul programma culturale e sulle attivit\u00e0 dell&#8217;Istituto.<br \/>\nSi potr\u00e0 revocare l\u2019iscrizione in qualunque momento, inviando apposita e-mail di rinuncia all\u2019indirizzo :\u00a0<a href=\"mailto:iicbarcellona@esteri.it\">iicbarcellona@esteri.it<\/a><\/p>\n","protected":false},"excerpt":{"rendered":"L\u2019interessato dichiara di avere pi\u00f9 di 18 anni (in caso contrario, il pagamento sar\u00e0 effettuato da un genitore o tutore legale). Per lo svolgimento dei corsi in modalit\u00e0 online, l\u2019iscritto autorizza l\u2019IIC a comunicare all\u2019insegnante la propria mail. L\u2019importo del corso si verser\u00e0 in un\u2019unica soluzione. Non si accettano n\u00e9 acconti n\u00e9 anticipi. Il costo [&hellip;]","protected":false},"author":5,"featured_media":0,"parent":218,"menu_order":0,"comment_status":"closed","ping_status":"closed","template":"","meta":{"footnotes":""},"class_list":["post-248","page","type-page","status-publish","hentry"],"_links":{"self":[{"href":"https:\/\/iicbarcellona.esteri.it\/it\/wp-json\/wp\/v2\/pages\/248","targetHints":{"allow":["GET"]}}],"collection":[{"href":"https:\/\/iicbarcellona.esteri.it\/it\/wp-json\/wp\/v2\/pages"}],"about":[{"href":"https:\/\/iicbarcellona.esteri.it\/it\/wp-json\/wp\/v2\/types\/page"}],"author":[{"embeddable":true,"href":"https:\/\/iicbarcellona.esteri.it\/it\/wp-json\/wp\/v2\/users\/5"}],"replies":[{"embeddable":true,"href":"https:\/\/iicbarcellona.esteri.it\/it\/wp-json\/wp\/v2\/comments?post=248"}],"version-history":[{"count":6,"href":"https:\/\/iicbarcellona.esteri.it\/it\/wp-json\/wp\/v2\/pages\/248\/revisions"}],"predecessor-version":[{"id":13817,"href":"https:\/\/iicbarcellona.esteri.it\/it\/wp-json\/wp\/v2\/pages\/248\/revisions\/13817"}],"up":[{"embeddable":true,"href":"https:\/\/iicbarcellona.esteri.it\/it\/wp-json\/wp\/v2\/pages\/218"}],"wp:attachment":[{"href":"https:\/\/iicbarcellona.esteri.it\/it\/wp-json\/wp\/v2\/media?parent=248"}],"curies":[{"name":"wp","href":"https:\/\/api.w.org\/{rel}","templated":true}]}}