{"id":15,"date":"2023-04-03T20:29:59","date_gmt":"2023-04-03T18:29:59","guid":{"rendered":"https:\/\/istitutobuenosaires.esteri.it\/?page_id=15"},"modified":"2026-03-13T14:24:32","modified_gmt":"2026-03-13T11:24:32","slug":"chi-siamo","status":"publish","type":"page","link":"https:\/\/iicbarcellona.esteri.it\/it\/chi-siamo\/","title":{"rendered":"Chi siamo"},"content":{"rendered":"<p><img loading=\"lazy\" decoding=\"async\" class=\"wp-image-152 img-fluid aligncenter\" src=\"https:\/\/iicbarcellona.esteri.it\/wp-content\/uploads\/2023\/05\/143420_f_iic51IICcolorebarcellona3-300x200.jpg\" alt=\"143420_f_iic51IICcolorebarcellona3\" width=\"198\" height=\"132\" srcset=\"https:\/\/iicbarcellona.esteri.it\/wp-content\/uploads\/2023\/05\/143420_f_iic51IICcolorebarcellona3-300x200.jpg 300w, https:\/\/iicbarcellona.esteri.it\/wp-content\/uploads\/2023\/05\/143420_f_iic51IICcolorebarcellona3-768x512.jpg 768w, https:\/\/iicbarcellona.esteri.it\/wp-content\/uploads\/2023\/05\/143420_f_iic51IICcolorebarcellona3.jpg 886w\" sizes=\"auto, (max-width: 198px) 100vw, 198px\" \/><\/p>\n<p><strong>Chi siamo<\/strong><\/p>\n<p>Presenti nelle principali citt\u00e0 dei cinque continenti, gli 88 Istituti Italiani di Cultura nel Mondo sono un ideale luogo di incontro e di dialogo per intellettuali, artisti ed altri operatori culturali, ma anche per i semplici cittadini, sia italiani che locali, che vogliano instaurare o mantenere un rapporto con il nostro Paese.<br \/>\nNon soltanto vetrina dell\u2019Italia e fonte di informazioni aggiornate sul \u201cSistema Paese\u201d, ma anche centro propulsore di iniziative ed attivit\u00e0 di cooperazione culturale, l\u2019Istituto Italiano di Cultura diventa riferimento essenziale per le collettivit\u00e0 italiane all\u2019estero e per la crescente domanda di cultura italiana che si registra in tutto il mondo.<br \/>\nDi supporto all\u2019attivit\u00e0 gi\u00e0 svolta dalle Ambasciate e dai Consolati, gli Istituti Italiani di Cultura individuano gli strumenti pi\u00f9 idonei per promuovere l\u2019immagine dell\u2019Italia quale centro di produzione, conservazione e diffusione culturale dall\u2019epoca classica sino ai nostri giorni. Oltre all\u2019organizzazione di eventi culturali in diversi settori (arte, musica, cinema, teatro, danza, moda, design, fotografia), gli Istituti Italiani di Cultura:<\/p>\n<ul>\n<li>offrono l\u2019opportunit\u00e0, a coloro che lo desiderano, di conoscere la lingua e la cultura italiana, attraverso l\u2019organizzazione di corsi, la gestione di biblioteche e l\u2019offerta di materiale didattico ed editoriale;<\/li>\n<li>creano i contatti ed i presupposti per agevolare l\u2019integrazione di operatori italiani nei processi di scambio e di produzione culturale a livello internazionale;<\/li>\n<li>forniscono informazioni e supporto logistico ad operatori culturali pubblici e privati, sia italiani che locali;<\/li>\n<li>sostengono iniziative che favoriscono il dialogo interculturale fondato sui principi di democrazia e solidariet\u00e0 internazionale.<\/li>\n<\/ul>\n<hr \/>\n<p>L&#8217;Istituto Italiano di Cultura di Barcellona, organismo ufficiale dello Stato italiano, ha come obiettivo la promozione e la diffusione della lingua e della cultura italiana nell&#8217;area di competenza (il Levante della Spagna: Catalogna, Aragona, Comunit\u00e0 Valenziana, Murcia, Isole Baleari e il Principato di Andorra) attraverso l&#8217;organizzazione di eventi culturali per favorire la circolazione delle idee, dell&#8217;arte e della scienza.<\/p>\n<hr \/>\n<p><strong>Servizi<\/strong><\/p>\n<p>L&#8217;IIC fornisce i seguenti servizi al pubblico:<\/p>\n<p>\u2022 Corsi di lingua e cultura italiana tenuti da competenti professori madrelingua.<\/p>\n<p>\u2022 Una Biblioteca con oltre 19.000 volumi a disposizione degli studenti e dei soci per la consultazione e prestito di libri e riviste italiani.<\/p>\n<p>\u2022Accesso alla Biblioteca digitale MLOL<\/p>\n<hr \/>\n<p>L\u2019Istituto \u00e8 tra i fondatori, assieme al Goethe Institute e all&#8217;Institut Fran\u00e7ais, di <strong>Eunic Barcelona,<\/strong>\u00a0cluster locale della rete europea delle organizzazioni culturali (European Union National Institutes for Culture). Il cluster promuove la cooperazione culturale europea, la diversit\u00e0 linguistica e il dialogo culturale, fungendo da ponte tra le istituzioni culturali europee e la scena locale di Barcellona anche attraverso l&#8217;organizzazione di eventi annuali come il <a href=\"https:\/\/www.barcelona.cat\/barcelonapoesia\/es\/recital-del-cluster-eunic-de-barcelona\">Barcelona Poesia<\/a> o Fem Jazz.<\/p>\n<p>Fanno parte del cluster, come membri o osservatori, anche l&#8217;<a href=\"https:\/\/www.llull.cat\/espanyol\/actualitat\/actualitat_noticies_detall.cfm?id=45373&amp;url=eunic-barcelona-promueve-encuentro-institutos-culturales-marco-mondiacult-2025.htm\">Institut Ramon Llull<\/a>, i Consolati di Ungheria, Romania e Svizzera, la Rappresentanza della Commissione Europea e il <a href=\"https:\/\/www.britishcouncil.es\/events\/mondiacult-barcelona-2025\">British Council.<\/a><\/p>\n<p><a href=\"https:\/\/www.eunicglobal.eu\/about\"><strong><img loading=\"lazy\" decoding=\"async\" class=\"alignnone size-medium wp-image-7494 img-fluid\" src=\"https:\/\/iicbarcellona.esteri.it\/wp-content\/uploads\/2024\/08\/logo-eunic-formatkey-png-w983-300x94.png\" alt=\"\" width=\"300\" height=\"94\" srcset=\"https:\/\/iicbarcellona.esteri.it\/wp-content\/uploads\/2024\/08\/logo-eunic-formatkey-png-w983-300x94.png 300w, https:\/\/iicbarcellona.esteri.it\/wp-content\/uploads\/2024\/08\/logo-eunic-formatkey-png-w983-768x240.png 768w, https:\/\/iicbarcellona.esteri.it\/wp-content\/uploads\/2024\/08\/logo-eunic-formatkey-png-w983.png 983w\" sizes=\"auto, (max-width: 300px) 100vw, 300px\" \/><\/strong><\/a><\/p>\n<hr \/>\n<p><strong>Disclaimer privacy e immagini<\/strong><\/p>\n<p>Informiamo che le immagini fotografiche o video che potranno essere ripresi durante gli eventi organizzati dall\u2019IIC Barcellona saranno utilizzati esclusivamente a fini di pubblicazione sui social media istituzionali. Il trattamento di questi dati \u00e8 svolto da personale appositamente incaricato e formato, dipendente dell\u2019IIC Barcellona. Nessun dato \u00e8 mostrato o ceduto a terzi. Se qualcuno avesse qualche obiezione in merito, \u00e8 pregato di informare il personale dell\u2019Istituto presente all\u2019evento.<\/p>\n<hr \/>\n<p>Prima pubblicazione: 1\/12\/2005 | Ultimo aggiornamento: 13\/03\/2026<\/p>\n","protected":false},"excerpt":{"rendered":"Chi siamo Presenti nelle principali citt\u00e0 dei cinque continenti, gli 88 Istituti Italiani di Cultura nel Mondo sono un ideale luogo di incontro e di dialogo per intellettuali, artisti ed altri operatori culturali, ma anche per i semplici cittadini, sia italiani che locali, che vogliano instaurare o mantenere un rapporto con il nostro Paese. Non [&hellip;]","protected":false},"author":1,"featured_media":152,"parent":0,"menu_order":2,"comment_status":"closed","ping_status":"closed","template":"","meta":{"footnotes":""},"class_list":["post-15","page","type-page","status-publish","has-post-thumbnail","hentry"],"_links":{"self":[{"href":"https:\/\/iicbarcellona.esteri.it\/it\/wp-json\/wp\/v2\/pages\/15","targetHints":{"allow":["GET"]}}],"collection":[{"href":"https:\/\/iicbarcellona.esteri.it\/it\/wp-json\/wp\/v2\/pages"}],"about":[{"href":"https:\/\/iicbarcellona.esteri.it\/it\/wp-json\/wp\/v2\/types\/page"}],"author":[{"embeddable":true,"href":"https:\/\/iicbarcellona.esteri.it\/it\/wp-json\/wp\/v2\/users\/1"}],"replies":[{"embeddable":true,"href":"https:\/\/iicbarcellona.esteri.it\/it\/wp-json\/wp\/v2\/comments?post=15"}],"version-history":[{"count":7,"href":"https:\/\/iicbarcellona.esteri.it\/it\/wp-json\/wp\/v2\/pages\/15\/revisions"}],"predecessor-version":[{"id":15031,"href":"https:\/\/iicbarcellona.esteri.it\/it\/wp-json\/wp\/v2\/pages\/15\/revisions\/15031"}],"wp:featuredmedia":[{"embeddable":true,"href":"https:\/\/iicbarcellona.esteri.it\/it\/wp-json\/wp\/v2\/media\/152"}],"wp:attachment":[{"href":"https:\/\/iicbarcellona.esteri.it\/it\/wp-json\/wp\/v2\/media?parent=15"}],"curies":[{"name":"wp","href":"https:\/\/api.w.org\/{rel}","templated":true}]}}