{"id":95,"date":"2023-04-03T20:56:11","date_gmt":"2023-04-03T17:56:11","guid":{"rendered":"https:\/\/iicbarcellona.esteri.it\/lingua-e-cultura\/certificazioni\/"},"modified":"2026-02-23T13:58:41","modified_gmt":"2026-02-23T10:58:41","slug":"certificazioni","status":"publish","type":"page","link":"https:\/\/iicbarcellona.esteri.it\/es\/lingua-e-cultura\/certificazioni\/","title":{"rendered":"Certificazioni"},"content":{"rendered":"<h3>Certificaciones Ling\u00fc\u00edsticas de la Lengua Italiana<\/h3>\n<h3>(Universit\u00e0 per Stranieri di Perugia)<\/h3>\n<p><a href=\"https:\/\/iicbarcellona.esteri.it\/wp-content\/uploads\/2024\/06\/INFO-CELI-2024-it2.pdf\"><img loading=\"lazy\" decoding=\"async\" class=\"aligncenter size-full wp-image-6620 img-fluid\" src=\"https:\/\/iicbarcellona.esteri.it\/wp-content\/uploads\/2024\/06\/CELI-BANNER-2024-a-1.jpg\" alt=\"\" width=\"1890\" height=\"378\" srcset=\"https:\/\/iicbarcellona.esteri.it\/wp-content\/uploads\/2024\/06\/CELI-BANNER-2024-a-1.jpg 1890w, https:\/\/iicbarcellona.esteri.it\/wp-content\/uploads\/2024\/06\/CELI-BANNER-2024-a-1-300x60.jpg 300w, https:\/\/iicbarcellona.esteri.it\/wp-content\/uploads\/2024\/06\/CELI-BANNER-2024-a-1-1024x205.jpg 1024w, https:\/\/iicbarcellona.esteri.it\/wp-content\/uploads\/2024\/06\/CELI-BANNER-2024-a-1-768x154.jpg 768w\" sizes=\"auto, (max-width: 1890px) 100vw, 1890px\" \/><\/a><\/p>\n<div>\n<p>&nbsp;<\/p>\n<p style=\"text-align: justify;\"><span style=\"color: #ff0000;\"><strong><span style=\"text-decoration: underline;\">La Universidad para Extranjeros de Perugia, la ALTE y el Marco Com\u00fan Europeo de Referencia para las Lenguas (MCER)\u00a0<\/span><\/strong><\/span><\/p>\n<p style=\"text-align: justify;\">La Universidad para Extranjeros de Perugia expide certificados ling\u00fc\u00edsticos desde 1987 y fue la primera instituci\u00f3n italiana que actu\u00f3 en el sector de la certificaci\u00f3n del conocimiento del italiano como segunda lengua (L2).<\/p>\n<p>Existe una grilla de autoevaluaci\u00f3n, que puedes consultar haciendo clic aqu\u00ed<\/p>\n<p>Para informaci\u00f3n m\u00e1s detallada consultar los siguientes enlaces : (<a href=\"https:\/\/cvcl.unistrapg.it\/pagine\/esami-celi-generici\"><strong>ENLACE 1<\/strong><\/a>) , (<a href=\"https:\/\/www.unistrapg.it\/sites\/default\/files\/docs\/certificazioni\/regolamento-esami-celi-parte-pubblica.pdf\"><strong>ENLACE 2<\/strong><\/a>)<\/p>\n<p style=\"font-weight: 400;\">Existe una cuadro de autoevaluaci\u00f3n, que puedes consultar haciendo clic <b><strong><a href=\"https:\/\/iicbarcellona.esteri.it\/wp-content\/uploads\/2024\/01\/Griglia-per-lautovalutazione-QCER.pdf\">aqu\u00ed<\/a><\/strong><\/b><\/p>\n<p><span style=\"text-decoration: underline; color: #ff0000;\"><strong>CALENDARIO EX\u00c1MENES CELI 2026<\/strong><\/span><\/p>\n<p style=\"text-align: justify;\"><strong>09.05.2026 (adolescentes A2&gt;B2) , 09.06.2026 y 11.11.2026 (standard niveles B1&gt;C2)<\/strong><\/p>\n<p><strong>INSCRIPCIONES ONLINE <span style=\"color: #ff0000;\">(<a href=\"https:\/\/icbl.eduplanweb.it\/courses\/#\/certificazioni\">ENLACE<\/a>)<\/span><\/strong><\/p>\n<p style=\"text-align: justify;\">Por motivos ajenos al Instituto Cultural Italiano de Barcelona, sede de examen, las pruebas se pueden desarrollar en m\u00e1s de un d\u00eda.<br \/>\nLos candidatos inscritos para cada sesi\u00f3n ser\u00e1n informados oportunamente del calendario de la parte escrita y de los horarios asignados individualmente para la parte oral.<\/p>\n<p><strong><a href=\"https:\/\/iicbarcellona.esteri.it\/wp-content\/uploads\/2026\/02\/INFO-CELI-2026-2-spa.pdf\"><span style=\"text-decoration: underline;\">DESCARGA<\/span> <\/a>EL PROGRAMA INFORMATIVO<\/strong><\/p>\n<p><strong><a href=\"https:\/\/iicbarcellona.esteri.it\/wp-content\/uploads\/2024\/09\/scheda_iscrizione_celi_def.pdf\">DESCARGA <\/a>EL FORMULARIO DE INSCRIPCI\u00d3N AL EXAMEN CELI<\/strong><\/p>\n<\/div>\n","protected":false},"excerpt":{"rendered":"Certificaciones Ling\u00fc\u00edsticas de la Lengua Italiana (Universit\u00e0 per Stranieri di Perugia) &nbsp; La Universidad para Extranjeros de Perugia, la ALTE y el Marco Com\u00fan Europeo de Referencia para las Lenguas (MCER)\u00a0 La Universidad para Extranjeros de Perugia expide certificados ling\u00fc\u00edsticos desde 1987 y fue la primera instituci\u00f3n italiana que actu\u00f3 en el sector de la [&hellip;]","protected":false},"author":1,"featured_media":0,"parent":89,"menu_order":4,"comment_status":"closed","ping_status":"closed","template":"","meta":{"footnotes":""},"class_list":["post-95","page","type-page","status-publish","hentry"],"_links":{"self":[{"href":"https:\/\/iicbarcellona.esteri.it\/es\/wp-json\/wp\/v2\/pages\/95","targetHints":{"allow":["GET"]}}],"collection":[{"href":"https:\/\/iicbarcellona.esteri.it\/es\/wp-json\/wp\/v2\/pages"}],"about":[{"href":"https:\/\/iicbarcellona.esteri.it\/es\/wp-json\/wp\/v2\/types\/page"}],"author":[{"embeddable":true,"href":"https:\/\/iicbarcellona.esteri.it\/es\/wp-json\/wp\/v2\/users\/1"}],"replies":[{"embeddable":true,"href":"https:\/\/iicbarcellona.esteri.it\/es\/wp-json\/wp\/v2\/comments?post=95"}],"version-history":[{"count":7,"href":"https:\/\/iicbarcellona.esteri.it\/es\/wp-json\/wp\/v2\/pages\/95\/revisions"}],"predecessor-version":[{"id":14498,"href":"https:\/\/iicbarcellona.esteri.it\/es\/wp-json\/wp\/v2\/pages\/95\/revisions\/14498"}],"up":[{"embeddable":true,"href":"https:\/\/iicbarcellona.esteri.it\/es\/wp-json\/wp\/v2\/pages\/89"}],"wp:attachment":[{"href":"https:\/\/iicbarcellona.esteri.it\/es\/wp-json\/wp\/v2\/media?parent=95"}],"curies":[{"name":"wp","href":"https:\/\/api.w.org\/{rel}","templated":true}]}}