{"id":93,"date":"2023-04-03T20:55:55","date_gmt":"2023-04-03T17:55:55","guid":{"rendered":"https:\/\/iicbarcellona.esteri.it\/lingua-e-cultura\/borse-di-studio\/"},"modified":"2026-01-23T15:10:42","modified_gmt":"2026-01-23T12:10:42","slug":"borse-di-studio","status":"publish","type":"page","link":"https:\/\/iicbarcellona.esteri.it\/es\/lingua-e-cultura\/borse-di-studio\/","title":{"rendered":"Becas"},"content":{"rendered":"<div>\n<p><strong>Premios para estudiantes del IIC (VERANO 2023)<\/strong><\/p>\n<p>&nbsp;<\/p>\n<p>Para acceder a la lista de escuelas de idiomas que ofrecen descuentos reservados para los estudiantes del Instituto Italiano\u00a0de Cultura que m\u00e1s se lo merezcan, clica <strong><a href=\"https:\/\/iicbarcellona.esteri.it\/IIC_Barcellona\/resource\/doc\/2023\/06\/scuole.2023.pdf\">aqu\u00ed<\/a><\/strong><\/p>\n<p>A continuaci\u00f3n deber\u00e1s descargar el <a href=\"https:\/\/iicbarcellona.esteri.it\/IIC_Barcellona\/resource\/doc\/2023\/06\/formularioborse2023.doc\"><strong>formulario<\/strong> <\/a>y enviarlo antes del 21 de junio de 2023 a: <a href=\"mailto:coordinamentocorsi.iicbarcellona@esteri.it\">coordinamentocorsi.iicbarcellona@esteri.it<\/a><\/p>\n<\/div>\n","protected":false},"excerpt":{"rendered":"Premios para estudiantes del IIC (VERANO 2023) &nbsp; Para acceder a la lista de escuelas de idiomas que ofrecen descuentos reservados para los estudiantes del Instituto Italiano\u00a0de Cultura que m\u00e1s se lo merezcan, clica aqu\u00ed A continuaci\u00f3n deber\u00e1s descargar el formulario y enviarlo antes del 21 de junio de 2023 a: coordinamentocorsi.iicbarcellona@esteri.it","protected":false},"author":1,"featured_media":0,"parent":89,"menu_order":2,"comment_status":"closed","ping_status":"closed","template":"","meta":{"footnotes":""},"class_list":["post-93","page","type-page","status-publish","hentry"],"_links":{"self":[{"href":"https:\/\/iicbarcellona.esteri.it\/es\/wp-json\/wp\/v2\/pages\/93","targetHints":{"allow":["GET"]}}],"collection":[{"href":"https:\/\/iicbarcellona.esteri.it\/es\/wp-json\/wp\/v2\/pages"}],"about":[{"href":"https:\/\/iicbarcellona.esteri.it\/es\/wp-json\/wp\/v2\/types\/page"}],"author":[{"embeddable":true,"href":"https:\/\/iicbarcellona.esteri.it\/es\/wp-json\/wp\/v2\/users\/1"}],"replies":[{"embeddable":true,"href":"https:\/\/iicbarcellona.esteri.it\/es\/wp-json\/wp\/v2\/comments?post=93"}],"version-history":[{"count":4,"href":"https:\/\/iicbarcellona.esteri.it\/es\/wp-json\/wp\/v2\/pages\/93\/revisions"}],"predecessor-version":[{"id":635,"href":"https:\/\/iicbarcellona.esteri.it\/es\/wp-json\/wp\/v2\/pages\/93\/revisions\/635"}],"up":[{"embeddable":true,"href":"https:\/\/iicbarcellona.esteri.it\/es\/wp-json\/wp\/v2\/pages\/89"}],"wp:attachment":[{"href":"https:\/\/iicbarcellona.esteri.it\/es\/wp-json\/wp\/v2\/media?parent=93"}],"curies":[{"name":"wp","href":"https:\/\/api.w.org\/{rel}","templated":true}]}}