{"id":91,"date":"2023-04-03T20:55:37","date_gmt":"2023-04-03T17:55:37","guid":{"rendered":"https:\/\/iicbarcellona.esteri.it\/lingua-e-cultura\/i-corsi-di-lingua\/"},"modified":"2026-03-24T16:04:21","modified_gmt":"2026-03-24T13:04:21","slug":"i-corsi-di-lingua","status":"publish","type":"page","link":"https:\/\/iicbarcellona.esteri.it\/es\/lingua-e-cultura\/i-corsi-di-lingua\/","title":{"rendered":"I corsi di lingua"},"content":{"rendered":"<p><img loading=\"lazy\" decoding=\"async\" class=\"alignnone size-full wp-image-15268 img-fluid\" src=\"https:\/\/iicbarcellona.esteri.it\/wp-content\/uploads\/2026\/03\/Banner-Corsi-di-Lingua.jpg\" alt=\"\" width=\"1223\" height=\"305\" srcset=\"https:\/\/iicbarcellona.esteri.it\/wp-content\/uploads\/2026\/03\/Banner-Corsi-di-Lingua.jpg 1223w, https:\/\/iicbarcellona.esteri.it\/wp-content\/uploads\/2026\/03\/Banner-Corsi-di-Lingua-300x75.jpg 300w, https:\/\/iicbarcellona.esteri.it\/wp-content\/uploads\/2026\/03\/Banner-Corsi-di-Lingua-1024x255.jpg 1024w, https:\/\/iicbarcellona.esteri.it\/wp-content\/uploads\/2026\/03\/Banner-Corsi-di-Lingua-768x192.jpg 768w\" sizes=\"auto, (max-width: 1223px) 100vw, 1223px\" \/><\/p>\n<p>&nbsp;<\/p>\n<p style=\"text-align: justify;\"><strong>\u00bfPor qu\u00e9 estudiar italiano en el Instituto Italiano de Cultura de Barcelona?<\/strong><\/p>\n<p style=\"text-align: justify;\">Seguramente porque es un organismo oficial del Estado italiano en Catalu\u00f1a para la promoci\u00f3n de la lengua y la cultura y tambi\u00e9n porque:<\/p>\n<ul>\n<li style=\"text-align: justify;\">desde m\u00e1s de 70 a\u00f1os, el IIC es una parte de Italia en el coraz\u00f3n del Eixample;<br \/>\n\u2022 los profesores son todos nativos y est\u00e1n calificados para ense\u00f1ar italiano como lengua extranjera a adultos de habla hispana y catalana;<br \/>\n\u2022 el IIC tambi\u00e9n es cultura: conferencias, cine, exposiciones, conciertos, teatro, danza, moda, dise\u00f1o, gastronom\u00eda y mucho m\u00e1s;<\/li>\n<li style=\"text-align: justify;\">hay una amplia oferta de cursos, tambi\u00e9n para grupos reducidos, durante todo el a\u00f1o: cuatrimestrales o intensivos, en grupo o individuales, en l\u00ednea y presenciales<span style=\"text-decoration: line-through;\">;<\/span><span style=\"text-decoration: line-through;\"><br \/>\n<\/span>\u2022 los cursos est\u00e1n estructurados de acuerdo con los niveles del Marco Com\u00fan Europeo de Referencia <em><strong>(<a href=\"https:\/\/europass.europa.eu\/es\/common-european-framework-reference-language-skills\">MCER<\/a>)<\/strong><\/em> del Consejo de Europa, para asegurar un camino de aprendizaje coherente, org\u00e1nico y claro en objetivos y resultados;<br \/>\n\u2022 al final de cada curso, incluso individual, se emite un certificado de asistencia, reconocido por universidades, entidades p\u00fablicas y privadas, tanto italianas como locales;<br \/>\n\u2022 es posible realizar ex\u00e1menes de certificaci\u00f3n del italiano y asistir a cursos de preparaci\u00f3n espec\u00edficos;<br \/>\n\u2022 los alumnos tienen descuentos para cursos de idiomas en Italia, reducciones en espect\u00e1culos y acceso a precio reducido a la <a href=\"https:\/\/www.medialibrary.it\/\"><strong><em>Biblioteca Digital MLOL<\/em><\/strong><\/a> y al pr\u00e9stamo de libros, DVD, pel\u00edculas, etc. de la mediateca del CII, que cuenta con m\u00e1s de 19.000 t\u00edtulos.<\/li>\n<\/ul>\n","protected":false},"excerpt":{"rendered":"&nbsp; \u00bfPor qu\u00e9 estudiar italiano en el Instituto Italiano de Cultura de Barcelona? Seguramente porque es un organismo oficial del Estado italiano en Catalu\u00f1a para la promoci\u00f3n de la lengua y la cultura y tambi\u00e9n porque: desde m\u00e1s de 70 a\u00f1os, el IIC es una parte de Italia en el coraz\u00f3n del Eixample; \u2022 los [&hellip;]","protected":false},"author":1,"featured_media":0,"parent":89,"menu_order":0,"comment_status":"closed","ping_status":"closed","template":"","meta":{"footnotes":""},"class_list":["post-91","page","type-page","status-publish","hentry"],"_links":{"self":[{"href":"https:\/\/iicbarcellona.esteri.it\/es\/wp-json\/wp\/v2\/pages\/91","targetHints":{"allow":["GET"]}}],"collection":[{"href":"https:\/\/iicbarcellona.esteri.it\/es\/wp-json\/wp\/v2\/pages"}],"about":[{"href":"https:\/\/iicbarcellona.esteri.it\/es\/wp-json\/wp\/v2\/types\/page"}],"author":[{"embeddable":true,"href":"https:\/\/iicbarcellona.esteri.it\/es\/wp-json\/wp\/v2\/users\/1"}],"replies":[{"embeddable":true,"href":"https:\/\/iicbarcellona.esteri.it\/es\/wp-json\/wp\/v2\/comments?post=91"}],"version-history":[{"count":7,"href":"https:\/\/iicbarcellona.esteri.it\/es\/wp-json\/wp\/v2\/pages\/91\/revisions"}],"predecessor-version":[{"id":15272,"href":"https:\/\/iicbarcellona.esteri.it\/es\/wp-json\/wp\/v2\/pages\/91\/revisions\/15272"}],"up":[{"embeddable":true,"href":"https:\/\/iicbarcellona.esteri.it\/es\/wp-json\/wp\/v2\/pages\/89"}],"wp:attachment":[{"href":"https:\/\/iicbarcellona.esteri.it\/es\/wp-json\/wp\/v2\/media?parent=91"}],"curies":[{"name":"wp","href":"https:\/\/api.w.org\/{rel}","templated":true}]}}