{"id":89,"date":"2023-04-03T20:30:34","date_gmt":"2023-04-03T17:30:34","guid":{"rendered":"https:\/\/iicbarcellona.esteri.it\/lingua-e-cultura\/"},"modified":"2024-11-12T12:28:08","modified_gmt":"2024-11-12T09:28:08","slug":"lingua-e-cultura","status":"publish","type":"page","link":"https:\/\/iicbarcellona.esteri.it\/es\/lingua-e-cultura\/","title":{"rendered":"Lengua y cultura"},"content":{"rendered":"<p>El inter\u00e9s por el italiano en el mundo est\u00e1 creciendo: hoy es uno de los idiomas extranjeros m\u00e1s estudiado en el mundo.\u00bfEntonces, para qu\u00e9 estudiar italiano?<\/p>\n<p>&nbsp;<\/p>\n<p><strong>El italiano es una lengua de cultura.<\/strong><\/p>\n<p>Conocerlo significa tener acceso a un patrimonio art\u00edstico y literario fundamental en la historia de Europa, a importantes textos human\u00edsticos y cient\u00edficos y a la producci\u00f3n teatral, musical, oper\u00edstica, cinematogr\u00e1fica y televisiva italiana, como a las creaciones contempor\u00e1neas.<\/p>\n<p><strong>El italiano es una lengua de estudio.<\/strong><\/p>\n<p>Son muchos los estudiantes que cada a\u00f1o deciden conocer nuestras escuelas, universidades, academias y bibliotecas. Un n\u00famero cada vez m\u00e1s alto de j\u00f3venes estudiantes y brillantes investigadores, procedentes de todo el mundo, eligen nuestras estructuras de excelencia y establecen relaciones entre Italia y su pa\u00eds de origen.<\/p>\n<p><strong>El italiano es una lengua de trabajo.<\/strong><\/p>\n<p>Empresarios, hombres de negocio, inversores, profesionales y trabajadores de cualquier sector entran en contacto con el mundo industrial, artesanal y de servicios.<\/p>\n<hr \/>\n<hr \/>\n<p>Prima pubblicazione: 1\/12\/2005 | Ultimo aggiornamento: 12\/11\/2024<\/p>\n","protected":false},"excerpt":{"rendered":"El inter\u00e9s por el italiano en el mundo est\u00e1 creciendo: hoy es uno de los idiomas extranjeros m\u00e1s estudiado en el mundo.\u00bfEntonces, para qu\u00e9 estudiar italiano? &nbsp; El italiano es una lengua de cultura. Conocerlo significa tener acceso a un patrimonio art\u00edstico y literario fundamental en la historia de Europa, a importantes textos human\u00edsticos y [&hellip;]","protected":false},"author":1,"featured_media":0,"parent":0,"menu_order":4,"comment_status":"closed","ping_status":"closed","template":"","meta":{"footnotes":""},"class_list":["post-89","page","type-page","status-publish","hentry"],"_links":{"self":[{"href":"https:\/\/iicbarcellona.esteri.it\/es\/wp-json\/wp\/v2\/pages\/89","targetHints":{"allow":["GET"]}}],"collection":[{"href":"https:\/\/iicbarcellona.esteri.it\/es\/wp-json\/wp\/v2\/pages"}],"about":[{"href":"https:\/\/iicbarcellona.esteri.it\/es\/wp-json\/wp\/v2\/types\/page"}],"author":[{"embeddable":true,"href":"https:\/\/iicbarcellona.esteri.it\/es\/wp-json\/wp\/v2\/users\/1"}],"replies":[{"embeddable":true,"href":"https:\/\/iicbarcellona.esteri.it\/es\/wp-json\/wp\/v2\/comments?post=89"}],"version-history":[{"count":5,"href":"https:\/\/iicbarcellona.esteri.it\/es\/wp-json\/wp\/v2\/pages\/89\/revisions"}],"predecessor-version":[{"id":8707,"href":"https:\/\/iicbarcellona.esteri.it\/es\/wp-json\/wp\/v2\/pages\/89\/revisions\/8707"}],"wp:attachment":[{"href":"https:\/\/iicbarcellona.esteri.it\/es\/wp-json\/wp\/v2\/media?parent=89"}],"curies":[{"name":"wp","href":"https:\/\/api.w.org\/{rel}","templated":true}]}}