{"id":8718,"date":"2024-11-12T12:45:52","date_gmt":"2024-11-12T09:45:52","guid":{"rendered":"https:\/\/iicbarcellona.esteri.it\/?page_id=8718"},"modified":"2026-03-25T12:27:40","modified_gmt":"2026-03-25T09:27:40","slug":"historia-del-iic-y-sus-directores","status":"publish","type":"page","link":"https:\/\/iicbarcellona.esteri.it\/es\/chi-siamo\/la-sede\/historia-del-iic-y-sus-directores\/","title":{"rendered":"Historia del IIC y sus directores"},"content":{"rendered":"<div class=\"entry-content\">\n<p><strong>El Istituto Italiano di Cultura di Barcellona ha sido fundado en 1950.<\/strong><\/p>\n<hr \/>\n<p>Directores del Istituto Italiano di Cultura desde su fundaci\u00f3n:<\/p>\n<p>(1950-1962) Renato Freschi<br \/>\n(1962-1967) Mario Forte<br \/>\n(1967-1973) Elzeario Sillari<br \/>\n(1974-1976) Ferdinando Caruso<br \/>\n(1976-1986) Aldo Penasa<br \/>\n(1986-1989) Giuseppe Manica<br \/>\n(1989-1991) Eustachio Porsia<br \/>\n(1993-1998) Bruno Bellone<br \/>\n(1998-2000) Angelo Manenti<br \/>\n(2000-2006) Ennio Bispuri<br \/>\n(2006-2009) Elio Traina<br \/>\n(2009-2010) Fortunato Ceraso<br \/>\n(2013-2017) Roberta Ferrazza<br \/>\n(2017-2019) Angelo Gio\u00e8<br \/>\n(2020-2023) Lucio Izzo<br \/>\n(2023- \u2026) Annamaria Di Giorgio<\/p>\n<hr \/>\n<p>El <strong>Instituto Italiano de Cultura de Barcelona <\/strong>es un ente p\u00fablico, sin \u00e1nimo de lucro, que depende del Ministerio de Asuntos Exteriores y tiene como objetivo promover la cultura y la lengua italiana en el mundo.<\/p>\n<p>Est\u00e1 vinculado a las representaciones diplom\u00e1tico-consulares en la ciudad en que se encuentra y depende de un Director, nombrado por el Ministro de Asuntos Exteriores, a petici\u00f3n del Director General de la Direcci\u00f3n General para la Promoci\u00f3n y la Cooperaci\u00f3n Cultural.<\/p>\n<p>Las funciones espec\u00edficas del instituto consisten en:<br \/>\n. establecer contactos con instituciones, entidades y personalidades del mundo cultural y cient\u00edfico del pa\u00eds anfitri\u00f3n y favorecer las propuestas y los proyectos para el conocimiento de la cultura, de la lengua y de la realidad italianas o en todo caso finalizados a la colaboraci\u00f3n cultural y cient\u00edfica;<br \/>\n\u2022 proporcionar documentaci\u00f3n e informaci\u00f3n sobre la vida cultural italiana y sobre las relativas instituciones;<br \/>\n. promover iniciativas, manifestaciones culturales y exposiciones, preferiblemente en colaboraci\u00f3n con las entidades culturales locales;<br \/>\n\u2022 sustentar iniciativas para el desarrollo cultural de las comunidades italianas en el extranjero para favorecer tanto su integraci\u00f3n en el pa\u00eds anfitri\u00f3n, como la relaci\u00f3n cultural con la patria de origen;<br \/>\n\u2022 asegurar la colaboraci\u00f3n a estudiosos y a estudiantes italianos en su actividad de investigaci\u00f3n y estudios en el extranjero;<br \/>\n\u2022 promover y favorecer espec\u00edficas iniciativas para la difusi\u00f3n de la lengua italiana en el extranjero, sirvi\u00e9ndose tambi\u00e9n de la colaboraci\u00f3n de los lectores de italiano las universidades locales y de las universidades italianas que desarrollan espec\u00edficas actividades did\u00e1cticas y cient\u00edficas relacionadas con estas finalidades.<\/p>\n<p>Entre las m\u00faltiples iniciativas culturales, el Instituto Italiano de Cultura favorece: Encuentros con personalidades de la cultura italiana, Seminarios, Conferencias, Mesas Redondas, Exposiciones, Conciertos, Ciclos de Cine italiano, Espect\u00e1culos teatrales, Cursos de Lengua y Cultura italianas, Cursos de Historia, Cursos de arte, Cursos de Cine y Cursos de M\u00fasica.<\/p>\n<hr \/>\n<hr \/>\n<p>Prima pubblicazione: 1\/12\/2005 | Ultimo aggiornamento: 12\/11\/2024<\/p>\n<\/div>\n","protected":false},"excerpt":{"rendered":"El Istituto Italiano di Cultura di Barcellona ha sido fundado en 1950. Directores del Istituto Italiano di Cultura desde su fundaci\u00f3n: (1950-1962) Renato Freschi (1962-1967) Mario Forte (1967-1973) Elzeario Sillari (1974-1976) Ferdinando Caruso (1976-1986) Aldo Penasa (1986-1989) Giuseppe Manica (1989-1991) Eustachio Porsia (1993-1998) Bruno Bellone (1998-2000) Angelo Manenti (2000-2006) Ennio Bispuri (2006-2009) Elio Traina (2009-2010) [&hellip;]","protected":false},"author":3,"featured_media":0,"parent":85,"menu_order":0,"comment_status":"closed","ping_status":"closed","template":"","meta":{"footnotes":""},"class_list":["post-8718","page","type-page","status-publish","hentry"],"_links":{"self":[{"href":"https:\/\/iicbarcellona.esteri.it\/es\/wp-json\/wp\/v2\/pages\/8718","targetHints":{"allow":["GET"]}}],"collection":[{"href":"https:\/\/iicbarcellona.esteri.it\/es\/wp-json\/wp\/v2\/pages"}],"about":[{"href":"https:\/\/iicbarcellona.esteri.it\/es\/wp-json\/wp\/v2\/types\/page"}],"author":[{"embeddable":true,"href":"https:\/\/iicbarcellona.esteri.it\/es\/wp-json\/wp\/v2\/users\/3"}],"replies":[{"embeddable":true,"href":"https:\/\/iicbarcellona.esteri.it\/es\/wp-json\/wp\/v2\/comments?post=8718"}],"version-history":[{"count":1,"href":"https:\/\/iicbarcellona.esteri.it\/es\/wp-json\/wp\/v2\/pages\/8718\/revisions"}],"predecessor-version":[{"id":8720,"href":"https:\/\/iicbarcellona.esteri.it\/es\/wp-json\/wp\/v2\/pages\/8718\/revisions\/8720"}],"up":[{"embeddable":true,"href":"https:\/\/iicbarcellona.esteri.it\/es\/wp-json\/wp\/v2\/pages\/85"}],"wp:attachment":[{"href":"https:\/\/iicbarcellona.esteri.it\/es\/wp-json\/wp\/v2\/media?parent=8718"}],"curies":[{"name":"wp","href":"https:\/\/api.w.org\/{rel}","templated":true}]}}