{"id":8712,"date":"2024-11-12T12:42:37","date_gmt":"2024-11-12T09:42:37","guid":{"rendered":"https:\/\/iicbarcellona.esteri.it\/?page_id=8712"},"modified":"2024-11-12T12:42:37","modified_gmt":"2024-11-12T09:42:37","slug":"informacion-util","status":"publish","type":"page","link":"https:\/\/iicbarcellona.esteri.it\/es\/chi-siamo\/la-sede\/informacion-util\/","title":{"rendered":"Informaci\u00f3n \u00fatil"},"content":{"rendered":"<div class=\"entry-content\">\n<div>\n<div>\n<p><strong>Horario de atenci\u00f3n al p\u00fablico<\/strong><\/p>\n<p>De Lunes a Jueves de 9.00 a 14.00 y de 15:00 a 16:30<br \/>\nViernes de 9:00 a 15:00<\/p>\n<hr \/>\n<p><strong>Para informaci\u00f3n relativa a nuestros cursos de italiano o ex\u00e1menes oficiales :<\/strong><\/p>\n<p><strong><a href=\"mailto:segreteriacorsi.iicbarcellona@esteri.it\">segreteriacorsi.iicbarcellona@esteri.it<\/a><\/strong><\/p>\n<p><strong><a href=\"mailto:coordinamentocorsi.iicbarcellona@esteri.it\">coordinamentocorsi.iicbarcellona@esteri.it<\/a><\/strong><\/p>\n<hr \/>\n<p>Propuestas de actos culturales<\/p>\n<p>Gracias por sus propuestas, que pueden enviar a iicbarcellona@esteri.it<\/p>\n<p>Debido al gran n\u00famero de mensajes recibidos, s\u00f3lo ser\u00e1 posible responder en el caso se vaya a dar curso al proyecto.<\/p>\n<hr \/>\n<p>Istituto Italiano di Cultura di Barcellona<br \/>\nPassatge M\u00e9ndez Vigo, 5<br \/>\nE \u2013 08009 Barcelona<br \/>\ntel\u00e9fono: +34-934875306<br \/>\nemail: <a href=\"mailto:iicbarcellona@esteri.it\">iicbarcellona@esteri.it<\/a><br \/>\nPEC: <a href=\"mailto:iic.barcellona@cert.esteri.it\">iic.barcellona@cert.esteri.it<\/a> \u00a0(direcci\u00f3n exclusiva para correo electr\u00f3nico certificado \/PEC)<\/p>\n<p>&nbsp;<\/p>\n<hr \/>\n<p><strong>Festividades 2024<\/strong><\/p>\n<p>01 enero A\u00f1o Nuevo<br \/>\n06 enero Epifania<br \/>\n1 abril Lunes de Pasqua<br \/>\n01 mayo Fiesta del trabajo<br \/>\n02 junio Fiesta de la Republica Italiana<br \/>\n15 agosto Virgen de Agosto<br \/>\n11 septiembre Diada Nacional Catalana<br \/>\n12 octubre Fiesta Nacional Espa\u00f1ola<br \/>\n01 noviembre Todos los Santos<br \/>\n25 diciembre Navidad<br \/>\n26 diciembre San Esteban<\/p>\n<hr \/>\n<p><strong>Festividades 2025<\/strong><\/p>\n<p>01 enero A\u00f1o Nuevo<br \/>\n06 enero Epifania<br \/>\n21 abril Lunes de Pasqua<br \/>\n01 mayo Fiesta del trabajo<br \/>\n02 junio Fiesta de la Republica Italiana<br \/>\n15 agosto Virgen de Agosto<br \/>\n11 septiembre Diada Nacional Catalana<br \/>\n12 octubre Fiesta Nacional Espa\u00f1ola<br \/>\n01 noviembre Todos los Santos<br \/>\n25 diciembre Navidad<br \/>\n26 diciembre San Esteban<\/p>\n<hr \/>\n<hr \/>\n<p>Publicado el: 1\/12\/2005 | Actualizado el: 12\/11\/2024<\/p>\n<\/div>\n<\/div>\n<\/div>\n","protected":false},"excerpt":{"rendered":"Horario de atenci\u00f3n al p\u00fablico De Lunes a Jueves de 9.00 a 14.00 y de 15:00 a 16:30 Viernes de 9:00 a 15:00 Para informaci\u00f3n relativa a nuestros cursos de italiano o ex\u00e1menes oficiales : segreteriacorsi.iicbarcellona@esteri.it coordinamentocorsi.iicbarcellona@esteri.it Propuestas de actos culturales Gracias por sus propuestas, que pueden enviar a iicbarcellona@esteri.it Debido al gran n\u00famero de [&hellip;]","protected":false},"author":3,"featured_media":0,"parent":85,"menu_order":0,"comment_status":"closed","ping_status":"closed","template":"","meta":{"footnotes":""},"class_list":["post-8712","page","type-page","status-publish","hentry"],"_links":{"self":[{"href":"https:\/\/iicbarcellona.esteri.it\/es\/wp-json\/wp\/v2\/pages\/8712","targetHints":{"allow":["GET"]}}],"collection":[{"href":"https:\/\/iicbarcellona.esteri.it\/es\/wp-json\/wp\/v2\/pages"}],"about":[{"href":"https:\/\/iicbarcellona.esteri.it\/es\/wp-json\/wp\/v2\/types\/page"}],"author":[{"embeddable":true,"href":"https:\/\/iicbarcellona.esteri.it\/es\/wp-json\/wp\/v2\/users\/3"}],"replies":[{"embeddable":true,"href":"https:\/\/iicbarcellona.esteri.it\/es\/wp-json\/wp\/v2\/comments?post=8712"}],"version-history":[{"count":1,"href":"https:\/\/iicbarcellona.esteri.it\/es\/wp-json\/wp\/v2\/pages\/8712\/revisions"}],"predecessor-version":[{"id":8715,"href":"https:\/\/iicbarcellona.esteri.it\/es\/wp-json\/wp\/v2\/pages\/8712\/revisions\/8715"}],"up":[{"embeddable":true,"href":"https:\/\/iicbarcellona.esteri.it\/es\/wp-json\/wp\/v2\/pages\/85"}],"wp:attachment":[{"href":"https:\/\/iicbarcellona.esteri.it\/es\/wp-json\/wp\/v2\/media?parent=8712"}],"curies":[{"name":"wp","href":"https:\/\/api.w.org\/{rel}","templated":true}]}}