{"id":87,"date":"2023-04-03T20:55:21","date_gmt":"2023-04-03T17:55:21","guid":{"rendered":"https:\/\/iicbarcellona.esteri.it\/chi-siamo\/contatti\/"},"modified":"2026-02-23T16:30:55","modified_gmt":"2026-02-23T13:30:55","slug":"contatti","status":"publish","type":"page","link":"https:\/\/iicbarcellona.esteri.it\/es\/chi-siamo\/contatti\/","title":{"rendered":"Contatti"},"content":{"rendered":"<p><strong>PROPUESTAS CULTURALES<\/strong><\/p>\n<p style=\"text-align: justify;\"><strong>Para presentar un proyecto o propuesta cultural<\/strong>, env\u00ede \u00fanicamente una breve descripci\u00f3n con una ficha t\u00e9cnica y econ\u00f3mica a <a href=\"mailto:iicbarcellona@esteri.it\">iicbarcellona@esteri.it<\/a>. No env\u00ede archivos adjuntos de m\u00e1s de 10 MB, ya que el servidor los rechazar\u00e1 autom\u00e1ticamente por motivos de seguridad. Cada propuesta recibida ser\u00e1 atentamente evaluada. No obstante, dado el elevado n\u00famero de solicitudes, el Instituto s\u00f3lo se pondr\u00e1 en contacto con Usted cuando las propuestas puedan considerarse posibles colaboraciones e incluirse provechosamente en la futura programaci\u00f3n del IIC o de sus socios institucionales.<\/p>\n<hr \/>\n<p><strong>PARA SER SOCIO<\/strong><\/p>\n<p style=\"text-align: justify;\">Ser <strong>socio\/a<\/strong> del <strong>Instituto Italiano de Cultura<\/strong> permite tomar prestados libros y material audiovisual y obtener <strong>descuentos en eventos o espect\u00e1culos<\/strong> organizados fuera de nuestra sede, as\u00ed como acceso gratuito a la biblioteca digital <a href=\"https:\/\/www.medialibrary.it\"><strong>MLOL<\/strong><\/a>.<\/p>\n<p style=\"text-align: justify;\"><strong>La cuota anual de inscripci\u00f3n es de 40\u20ac<\/strong><br \/>\nEl pago de la cuota de socio se realizar\u00e1 exclusivamente mediante transferencia bancaria a la siguiente cuenta corriente:<br \/>\n<strong>IBAN: ES72 0049 4707 5323 1606 5554 \u2013 Instituto Italiano de Cultura.<\/strong><br \/>\nBanco Santander \u2014 c\/Pau Claris, 157-08037 Barcelona<br \/>\n<strong>MOTIVO: Cuota de socio IIC (nombre y apellido)<\/strong><\/p>\n<p style=\"text-align: justify;\">La inscripci\u00f3n se formalizar\u00e1 enviando los siguientes datos v\u00eda correo electr\u00f3nico a la direcci\u00f3n: <a href=\"biblioteca.iicbarcellona@esteri.it\">biblioteca.iicbarcellona@esteri.it<\/a> :<br \/>\nNombre y apellidos, correo electr\u00f3nico y tel\u00e9fono, copia del justificante de la transferencia bancaria y fotograf\u00eda tipo carn\u00e9.<\/p>\n<hr \/>\n<p><strong>C\u00d3MO SER PATROCINADOR<\/strong><\/p>\n<p style=\"text-align: justify;\">El <strong>Instituto Italiano de Cultura de Barcelona<\/strong>, como parte de su actividad de promoci\u00f3n de la cultura italiana, organiza durante todo el a\u00f1o actos art\u00edstico-culturales, promocionales y divulgativos de alto perfil institucional.<\/p>\n<p style=\"text-align: justify;\">Con este prop\u00f3sito, este Instituto acepta manifestaciones de inter\u00e9s de entidades p\u00fablicas o privadas interesadas que, a cambio de una contraprestaci\u00f3n monetaria, prestaciones gratuitas o subvencionadas de bienes y servicios y\/o prestaciones profesionales, pretendan participar o patrocinar algunos eventos del Instituto mediante la publicaci\u00f3n de su nombre o logotipo en las invitaciones u otro material publicitario del evento (carteles, cat\u00e1logos, boletines).<\/p>\n<p style=\"text-align: justify;\">Las personas interesadas en ser contactadas para colaborar con este Instituto est\u00e1n invitadas a enviar su manifestaci\u00f3n de inter\u00e9s a la siguiente direcci\u00f3n <a href=\"mailto:iicbarcellona@esteri.it\">iicbarcellona@esteri.it<\/a>.<\/p>\n<p style=\"text-align: justify;\">La manifestaci\u00f3n de inter\u00e9s deber\u00e1 incluir todos los elementos \u00fatiles para identificar a la persona f\u00edsica, con indicaci\u00f3n espec\u00edfica del sector de actividad correspondiente.<br \/>\nEsta comunicaci\u00f3n no vincula en modo alguno al Instituto, que se reserva el derecho de evaluar la viabilidad de la propuesta.<\/p>\n<p style=\"text-align: justify;\">En caso que dicha manifestaci\u00f3n de inter\u00e9s sea considerada merecedora de tener en cuenta, se contactar\u00e1 con los interesados, con ocasi\u00f3n de la planificaci\u00f3n de los eventos, con una comunicaci\u00f3n espec\u00edfica que, si se cumplen las condiciones, ir\u00e1 seguida de la formalizaci\u00f3n de un contrato espec\u00edfico que entrar\u00e1 en vigor con la firma de aceptaci\u00f3n del interesado.<\/p>\n<p style=\"text-align: justify;\">Finalmente, se precisa que, de conformidad con el <strong>C\u00f3digo de Conducta del Ministerio de Relaciones Exteriores y Cooperaci\u00f3n Internacional<\/strong>, el Instituto no puede invitar a actividades institucionales a sujetos cuyas actividades puedan constituir fuente de conflictos de intereses, prejuicios o da\u00f1os a la imagen &#8211; incluso potenciales &#8211; o que puedan resultar contrarias a los principios generales del sistema.<\/p>\n<hr \/>\n<p><strong>TRABAJAR EN EL INSTITUTO ITALIANO DE CULTURA DE BARCELONA<\/strong><\/p>\n<p style=\"text-align: justify;\">Los Institutos Italianos de Cultura s\u00f3lo contratan personal mediante <strong>selecci\u00f3n o concurso p\u00fablico autorizado por el Ministerio de Asuntos Exteriores<\/strong>. Encontrar\u00e1 los anuncios p\u00fablicos de contrataci\u00f3n en <strong><u><a href=\"https:\/\/iicbarcellona.esteri.it\/es\/news\/\">Noticias<\/a>.<\/u><\/strong><\/p>\n<hr \/>\n<p><strong>PR\u00c1CTICAS EN EL INSTITUTO ITALIANO DE CULTURA DE BARCELONA<\/strong><\/p>\n<p style=\"text-align: justify;\">El Instituto Italiano de Cultura de Barcelona se adhiere al <strong>programa de pr\u00e1cticas<\/strong> curriculares de tres meses en sus sedes en el extranjero estipulado de acuerdo con el <strong>Convenio entre el Ministerio de Asuntos Exteriores y Cooperaci\u00f3n Internacional, el Miur y la Fundaci\u00f3n CRUI<\/strong>. El IIC de Barcelona no organiza pr\u00e1cticas por su cuenta, ni se adhiere a otros programas ni acepta solicitudes espont\u00e1neas.<\/p>\n<p style=\"text-align: justify;\">La <strong>Fundaci\u00f3n CRUI<\/strong> se encarga del proceso de preselecci\u00f3n de becarios de acuerdo con las universidades y publica regularmente convocatorias trimestrales<a href=\"http:\/\/www.fondazionecrui.it\">(www.fondazionecrui.it<\/a>).<\/p>\n<p>Las pr\u00e1cticas en el Instituto Italiano de Cultura de Barcelona se extienden a los estudiantes que cursan todos los m\u00e1steres o carreras de ciclo \u00fanico.<\/p>\n<hr \/>\n<p><strong>Horario de atenci\u00f3n al p\u00fablico<\/strong><\/p>\n<p>De Lunes a Jueves 09.00 -14.00 y 15:00 -16:30<\/p>\n<p>Viernes 09.00 -14.00<\/p>\n<hr \/>\n<p><strong>Para informaci\u00f3n relativa a los cursos de lengua italiana y certificaciones ling\u00fc\u00edsticas:<\/strong><\/p>\n<p><strong><a href=\"mailto:segreteriacorsi.iicbarcellona@esteri.it\">segreteriacorsi.iicbarcellona@esteri.it<\/a><\/strong><\/p>\n<p><strong><a href=\"mailto:coordinamentocorsi.iicbarcellona@esteri.it\">coordinamentocorsi.iicbarcellona@esteri.it<\/a><\/strong><\/p>\n<hr \/>\n<p style=\"text-align: justify;\"><strong>Istituto Italiano di Cultura di Barcellona<\/strong><br \/>\nPassatge M\u00e9ndez Vigo, 5<br \/>\nE &#8211; 08009 Barcelona<br \/>\ntelefono: +34-934875306<\/p>\n<p>email:\u00a0<a href=\"mailto:iicbarcellona@esteri.it\">iicbarcellona@esteri.it<\/a><br \/>\nPEC:\u00a0<a href=\"mailto:iic.barcellona@cert.esteri.it\">iic.barcellona@cert.esteri.it<\/a>\u00a0(indirizzo abilitato esclusivamente alla ricezione di posta elettronica certificata\/PEC)<\/p>\n<hr \/>\n<p>Prima pubblicazione: 1\/12\/2005 | Ultimo aggiornamento: 23\/02\/2026<\/p>\n","protected":false},"excerpt":{"rendered":"PROPUESTAS CULTURALES Para presentar un proyecto o propuesta cultural, env\u00ede \u00fanicamente una breve descripci\u00f3n con una ficha t\u00e9cnica y econ\u00f3mica a iicbarcellona@esteri.it. No env\u00ede archivos adjuntos de m\u00e1s de 10 MB, ya que el servidor los rechazar\u00e1 autom\u00e1ticamente por motivos de seguridad. Cada propuesta recibida ser\u00e1 atentamente evaluada. No obstante, dado el elevado n\u00famero de [&hellip;]","protected":false},"author":1,"featured_media":0,"parent":81,"menu_order":4,"comment_status":"closed","ping_status":"closed","template":"","meta":{"footnotes":""},"class_list":["post-87","page","type-page","status-publish","hentry"],"_links":{"self":[{"href":"https:\/\/iicbarcellona.esteri.it\/es\/wp-json\/wp\/v2\/pages\/87","targetHints":{"allow":["GET"]}}],"collection":[{"href":"https:\/\/iicbarcellona.esteri.it\/es\/wp-json\/wp\/v2\/pages"}],"about":[{"href":"https:\/\/iicbarcellona.esteri.it\/es\/wp-json\/wp\/v2\/types\/page"}],"author":[{"embeddable":true,"href":"https:\/\/iicbarcellona.esteri.it\/es\/wp-json\/wp\/v2\/users\/1"}],"replies":[{"embeddable":true,"href":"https:\/\/iicbarcellona.esteri.it\/es\/wp-json\/wp\/v2\/comments?post=87"}],"version-history":[{"count":7,"href":"https:\/\/iicbarcellona.esteri.it\/es\/wp-json\/wp\/v2\/pages\/87\/revisions"}],"predecessor-version":[{"id":14507,"href":"https:\/\/iicbarcellona.esteri.it\/es\/wp-json\/wp\/v2\/pages\/87\/revisions\/14507"}],"up":[{"embeddable":true,"href":"https:\/\/iicbarcellona.esteri.it\/es\/wp-json\/wp\/v2\/pages\/81"}],"wp:attachment":[{"href":"https:\/\/iicbarcellona.esteri.it\/es\/wp-json\/wp\/v2\/media?parent=87"}],"curies":[{"name":"wp","href":"https:\/\/api.w.org\/{rel}","templated":true}]}}