{"id":85,"date":"2023-04-03T20:55:02","date_gmt":"2023-04-03T17:55:02","guid":{"rendered":"https:\/\/iicbarcellona.esteri.it\/chi-siamo\/la-sede\/"},"modified":"2026-03-25T12:25:01","modified_gmt":"2026-03-25T09:25:01","slug":"la-sede","status":"publish","type":"page","link":"https:\/\/iicbarcellona.esteri.it\/es\/chi-siamo\/la-sede\/","title":{"rendered":"La Sede"},"content":{"rendered":"<p>Fundado en 1950, el Instituto Italiano de Cultura de Barcelona tiene su sede en un elegante palacete construido en 1889, en el n\u00ba5 del Passatge de M\u00e9ndez Vigo, en pleno barrio del Eixample. Esta calle privada, dise\u00f1ada por el arquitecto Jeroni Granell Barrera en 1868, es uno de los ejemplos mejor conservados de \u201cpaisaje a la inglesa\u201d, con mansiones se\u00f1oriales y jardines.<\/p>\n<p>Las tres plantas de la sede del Instituto, propiedad del Estado italiano, est\u00e1n ocupadas por oficinas, aulas para cursos de idiomas, una sala polivalente y una biblioteca con m\u00e1s de 19.000 vol\u00famenes consultables. En particular, el Instituto cuenta con un jard\u00edn cuya parte central pavimentada reproduce una plaza italiana donde se organizan actos culturales, lecturas, proyecciones y conciertos al aire libre. En el jard\u00edn, adem\u00e1s de una magnolia, un olivo, un roble joven y una mimosa, destaca por su porte el falso pimentero (o pimentero rosa), de gran inter\u00e9s por tratarse de un ejemplar muy raro de encontrar en la ciudad. Gracias a su variada vegetaci\u00f3n, el jard\u00edn del Instituto ofrece a estudiantes y visitantes un apacible par\u00e9ntesis verde en pleno centro, a dos pasos de la Casa Batll\u00f3 y la Pedrera.<\/p>\n<hr \/>\n<p>Istituto Italiano di Cultura di Barcellona<br \/>\nPassatge M\u00e9ndez Vigo, 5<br \/>\nE &#8211; 08009 Barcelona<\/p>\n<p>tel\u00e9fono: +34-934875306<br \/>\nemail:\u00a0<a href=\"mailto:iicbarcellona@esteri.it\">iicbarcellona@esteri.it<\/a><\/p>\n<hr \/>\n<hr \/>\n<p>Prima pubblicazione: 1\/12\/2005 | Ultimo aggiornamento: 03\/02\/2026<\/p>\n","protected":false},"excerpt":{"rendered":"Fundado en 1950, el Instituto Italiano de Cultura de Barcelona tiene su sede en un elegante palacete construido en 1889, en el n\u00ba5 del Passatge de M\u00e9ndez Vigo, en pleno barrio del Eixample. Esta calle privada, dise\u00f1ada por el arquitecto Jeroni Granell Barrera en 1868, es uno de los ejemplos mejor conservados de \u201cpaisaje a [&hellip;]","protected":false},"author":1,"featured_media":0,"parent":81,"menu_order":2,"comment_status":"closed","ping_status":"closed","template":"","meta":{"footnotes":""},"class_list":["post-85","page","type-page","status-publish","hentry"],"_links":{"self":[{"href":"https:\/\/iicbarcellona.esteri.it\/es\/wp-json\/wp\/v2\/pages\/85","targetHints":{"allow":["GET"]}}],"collection":[{"href":"https:\/\/iicbarcellona.esteri.it\/es\/wp-json\/wp\/v2\/pages"}],"about":[{"href":"https:\/\/iicbarcellona.esteri.it\/es\/wp-json\/wp\/v2\/types\/page"}],"author":[{"embeddable":true,"href":"https:\/\/iicbarcellona.esteri.it\/es\/wp-json\/wp\/v2\/users\/1"}],"replies":[{"embeddable":true,"href":"https:\/\/iicbarcellona.esteri.it\/es\/wp-json\/wp\/v2\/comments?post=85"}],"version-history":[{"count":7,"href":"https:\/\/iicbarcellona.esteri.it\/es\/wp-json\/wp\/v2\/pages\/85\/revisions"}],"predecessor-version":[{"id":15280,"href":"https:\/\/iicbarcellona.esteri.it\/es\/wp-json\/wp\/v2\/pages\/85\/revisions\/15280"}],"up":[{"embeddable":true,"href":"https:\/\/iicbarcellona.esteri.it\/es\/wp-json\/wp\/v2\/pages\/81"}],"wp:attachment":[{"href":"https:\/\/iicbarcellona.esteri.it\/es\/wp-json\/wp\/v2\/media?parent=85"}],"curies":[{"name":"wp","href":"https:\/\/api.w.org\/{rel}","templated":true}]}}