{"id":81,"date":"2023-04-03T20:29:59","date_gmt":"2023-04-03T17:29:59","guid":{"rendered":"https:\/\/iicbarcellona.esteri.it\/chi-siamo\/"},"modified":"2026-02-09T14:43:55","modified_gmt":"2026-02-09T11:43:55","slug":"chi-siamo","status":"publish","type":"page","link":"https:\/\/iicbarcellona.esteri.it\/es\/chi-siamo\/","title":{"rendered":"Qui\u00e9nes somos"},"content":{"rendered":"<p><strong><img loading=\"lazy\" decoding=\"async\" class=\"wp-image-152 img-fluid aligncenter\" src=\"https:\/\/iicbarcellona.esteri.it\/wp-content\/uploads\/2023\/05\/143420_f_iic51IICcolorebarcellona3.jpg\" alt=\"143420_f_iic51IICcolorebarcellona3\" width=\"295\" height=\"197\" srcset=\"https:\/\/iicbarcellona.esteri.it\/wp-content\/uploads\/2023\/05\/143420_f_iic51IICcolorebarcellona3.jpg 886w, https:\/\/iicbarcellona.esteri.it\/wp-content\/uploads\/2023\/05\/143420_f_iic51IICcolorebarcellona3-300x200.jpg 300w, https:\/\/iicbarcellona.esteri.it\/wp-content\/uploads\/2023\/05\/143420_f_iic51IICcolorebarcellona3-768x512.jpg 768w\" sizes=\"auto, (max-width: 295px) 100vw, 295px\" \/><\/strong><\/p>\n<p style=\"text-align: justify;\">Presentes en las principales ciudades de los cinco continentes, los 88 Institutos Italianos de Cultura en el Mundo son un lugar ideal de encuentro y di\u00e1logo para intelectuales, artistas y otros operadores culturales, pero tambi\u00e9n para todos los ciudadanos, tanto italianos como locales, que desean establecer o mantener una relaci\u00f3n con nuestro pa\u00eds.<\/p>\n<p style=\"text-align: justify;\">No s\u00f3lo escaparate de Italia y fuente de informaci\u00f3n actualizada sobre el \u00abSistema Pa\u00eds\u00bb, sino tambi\u00e9n motor de iniciativas y actividades de cooperaci\u00f3n cultural, el Instituto Italiano de Cultura se convierte en un punto de referencia esencial para las comunidades italianas en el extranjero y para la creciente demanda de cultura italiana en todo el mundo.<\/p>\n<p style=\"text-align: justify;\">En apoyo de las actividades ya realizadas por las Embajadas y los Consulados, los Institutos Italianos de Cultura identifican los instrumentos m\u00e1s adecuados para promover la imagen de Italia como centro de producci\u00f3n, conservaci\u00f3n y difusi\u00f3n cultural desde la \u00e9poca cl\u00e1sica hasta nuestros d\u00edas. Adem\u00e1s de organizar eventos culturales en diversos sectores (arte, m\u00fasica, cine, teatro, danza, moda, dise\u00f1o, fotograf\u00eda), los Institutos Italianos de Cultura<\/p>\n<p style=\"text-align: justify;\">&#8211; ofrecen la posibilidad, a quienes lo deseen, de conocer la lengua y la cultura italianas, mediante la organizaci\u00f3n de cursos, la gesti\u00f3n de bibliotecas y el suministro de material did\u00e1ctico y editorial;<\/p>\n<p style=\"text-align: justify;\">&#8211; crean contactos y condiciones que faciliten la integraci\u00f3n de los operadores italianos en los procesos internacionales de intercambio y producci\u00f3n cultural<\/p>\n<p style=\"text-align: justify;\">&#8211; proporcionan informaci\u00f3n y apoyo log\u00edstico a los operadores culturales p\u00fablicos y privados, tanto italianos como locales;<\/p>\n<p style=\"text-align: justify;\">&#8211; apoyan iniciativas que fomenten el di\u00e1logo intercultural basado en los principios de la democracia y la solidaridad internacional.<\/p>\n<hr \/>\n<p style=\"text-align: justify;\">El <strong>Instituto Italiano de Cultura de Barcelona<\/strong>, organismo oficial del Estado italiano, tiene por objetivo promover y difundir la lengua y la cultura italiana en el \u00e1rea de su competencia (todo el Levante de Espa\u00f1a: <strong>Catalu\u00f1a, Arag\u00f3n, Comunidad Valenciana, Murcia, Islas Baleares y el Principado de Andorra<\/strong>) a trav\u00e9s de la organizaci\u00f3n de eventos culturales para favorecer la circulaci\u00f3n de las ideas, de las artes y de las ciencias.<\/p>\n<hr \/>\n<p>El Instituto forma parte del cluster <strong>EUNIC Barcelona<\/strong><\/p>\n<p><img loading=\"lazy\" decoding=\"async\" class=\" wp-image-7494 img-fluid alignnone\" src=\"https:\/\/iicbarcellona.esteri.it\/wp-content\/uploads\/2024\/08\/logo-eunic-formatkey-png-w983.png\" alt=\"\" width=\"359\" height=\"112\" srcset=\"https:\/\/iicbarcellona.esteri.it\/wp-content\/uploads\/2024\/08\/logo-eunic-formatkey-png-w983.png 983w, https:\/\/iicbarcellona.esteri.it\/wp-content\/uploads\/2024\/08\/logo-eunic-formatkey-png-w983-300x94.png 300w, https:\/\/iicbarcellona.esteri.it\/wp-content\/uploads\/2024\/08\/logo-eunic-formatkey-png-w983-768x240.png 768w\" sizes=\"auto, (max-width: 359px) 100vw, 359px\" \/><\/p>\n<hr \/>\n<p><strong>Servicios<\/strong><\/p>\n<p>El Instituto Italiano de Cultura de Barcelona ofrece al p\u00fablico los siguientes servicios:<\/p>\n<ul>\n<li>Cursos de lengua y cultura italiana a cargo de docentes nativos calificados.<\/li>\n<li>Una Biblioteca con m\u00e1s de 19.000 vol\u00famenes a disposici\u00f3n de los alumnos y los socios para la consulta y el pr\u00e9stamo de libros, revistas y peri\u00f3dicos italianos.<\/li>\n<li>\u2022Acceso a la Biblioteca digital MLOL<\/li>\n<\/ul>\n<hr \/>\n<hr \/>\n<p>Primera publicaci\u00f3n: 1\/12\/2005 | \u00daltima actualizaci\u00f3n: 14\/11\/2024<\/p>\n","protected":false},"excerpt":{"rendered":"Presentes en las principales ciudades de los cinco continentes, los 88 Institutos Italianos de Cultura en el Mundo son un lugar ideal de encuentro y di\u00e1logo para intelectuales, artistas y otros operadores culturales, pero tambi\u00e9n para todos los ciudadanos, tanto italianos como locales, que desean establecer o mantener una relaci\u00f3n con nuestro pa\u00eds. No s\u00f3lo [&hellip;]","protected":false},"author":1,"featured_media":0,"parent":0,"menu_order":2,"comment_status":"closed","ping_status":"closed","template":"","meta":{"footnotes":""},"class_list":["post-81","page","type-page","status-publish","hentry"],"_links":{"self":[{"href":"https:\/\/iicbarcellona.esteri.it\/es\/wp-json\/wp\/v2\/pages\/81","targetHints":{"allow":["GET"]}}],"collection":[{"href":"https:\/\/iicbarcellona.esteri.it\/es\/wp-json\/wp\/v2\/pages"}],"about":[{"href":"https:\/\/iicbarcellona.esteri.it\/es\/wp-json\/wp\/v2\/types\/page"}],"author":[{"embeddable":true,"href":"https:\/\/iicbarcellona.esteri.it\/es\/wp-json\/wp\/v2\/users\/1"}],"replies":[{"embeddable":true,"href":"https:\/\/iicbarcellona.esteri.it\/es\/wp-json\/wp\/v2\/comments?post=81"}],"version-history":[{"count":6,"href":"https:\/\/iicbarcellona.esteri.it\/es\/wp-json\/wp\/v2\/pages\/81\/revisions"}],"predecessor-version":[{"id":14255,"href":"https:\/\/iicbarcellona.esteri.it\/es\/wp-json\/wp\/v2\/pages\/81\/revisions\/14255"}],"wp:attachment":[{"href":"https:\/\/iicbarcellona.esteri.it\/es\/wp-json\/wp\/v2\/media?parent=81"}],"curies":[{"name":"wp","href":"https:\/\/api.w.org\/{rel}","templated":true}]}}