{"id":544,"date":"2023-08-10T11:09:11","date_gmt":"2023-08-10T08:09:11","guid":{"rendered":"https:\/\/iicbarcellona.esteri.it\/?page_id=544"},"modified":"2024-10-16T14:43:24","modified_gmt":"2024-10-16T11:43:24","slug":"politicas-de-tratamiento-de-los-datos-personales","status":"publish","type":"page","link":"https:\/\/iicbarcellona.esteri.it\/es\/chi-siamo\/la-sede\/informazioni-pratiche\/politicas-de-tratamiento-de-los-datos-personales\/","title":{"rendered":"Pol\u00edticas de tratamiento de los datos personales"},"content":{"rendered":"<div class=\"sr-only\"><\/div>\n<div>\n<p><strong>Pol\u00edticas de tratamiento de los datos personales del Instituto Italiano de Cultura de Barcelona (IIC) del Ministerio de Asuntos Exteriores y de la Cooperaci\u00f3n Internacional de Italia (MAECI-Ministero degli Affari Esteri e della Cooperazione Internazionale)<\/strong><\/p>\n<p><strong>(Reglamento General de Protecci\u00f3n de Datos (UE) 2016\/679, art. 13)<\/strong><\/p>\n<p>&nbsp;<\/p>\n<ul>\n<li><strong>Generalidades<\/strong><\/li>\n<\/ul>\n<p>El tratamiento de los datos personales del IIC, como Oficina exterior del MAECI, se basa en los principios de legalidad, correcci\u00f3n y transparencia en la tutela de los derechos y libertades fundamentales de las personas f\u00edsicas.<\/p>\n<p>&nbsp;<\/p>\n<p>El Responsable del tratamiento es el Ministero degli Affari Esteri e della Cooperazione internazionale (MAECI) de la Rep\u00fablica italiana que opera, en este caso espec\u00edfico, a trav\u00e9s del Istituto Italiano di Cultura de Barcelona<br \/>\nPasaje M\u00e9ndez Vigo 5<br \/>\n08009 Barcelona<br \/>\nTel. (+34)934875306<br \/>\nemail: <a href=\"mailto:iicbarcellona@esteri.it\">iicbarcellona@esteri.it<\/a><br \/>\npec: <a href=\"mailto:iic.barcellona@cert.esteri.it\">iic.barcellona@cert.esteri.it<\/a><\/p>\n<p>&nbsp;<\/p>\n<p>Para cualquier pregunta o reclamaci\u00f3n el interesado puede contactar al Responsable de Protecci\u00f3n de Datos (RPD) del MAECI (Ministero degli Affari Esteri e della Cooperazione internazionale<br \/>\nPiazzale della Farnesina 1<br \/>\n00135 ROMA<br \/>\nTel. (+39)0636911 (centralita)<br \/>\nmail: <a href=\"mailto:rpd@esteri.it\">rpd@esteri.it<\/a><br \/>\npec: <a href=\"mailto:rpd@cert.esteri.it\">rpd@cert.esteri.it<\/a><\/p>\n<p>&nbsp;<\/p>\n<p>Los datos personales recopilados se incluir\u00e1n en ficheros utilizados para las siguientes finalidades: invitaciones a eventos culturales organizados por el IIC, difusi\u00f3n del programa de las actividades culturales, promoci\u00f3n de los cursos de lengua y cultura italiana, comunicaciones de secretar\u00eda al alumnado, uso de la biblioteca.<\/p>\n<p>El tratamiento de los datos introducidos en los ficheros se basa en el consentimiento. El deniego a proporcionar los propios datos personales no permitir\u00e1 al interesado el acceso al servicio.<\/p>\n<p>El tratamiento de datos, llevado a cabo por personal espec\u00edficamente designado por el IIC, se efectuar\u00e1 en modalidad mixta.<\/p>\n<p>Cada 5 a\u00f1os, despu\u00e9s del registro o de su renovaci\u00f3n, el IIC solicitar\u00e1 a los usuarios la confirmaci\u00f3n por correo electr\u00f3nico de su inter\u00e9s en continuar utilizando el servicio y eliminar\u00e1 los datos personales de quienes no la proporcionen, por falta de respuesta o por expl\u00edcita denegaci\u00f3n.<br \/>\nEl interesado puede solicitar el acceso a sus datos personales y modificarlos. Sin perjuicio de las consecuencias sobre el acceso al servicio, tambi\u00e9n puede solicitar la cancelaci\u00f3n de dichos datos, as\u00ed como la limitaci\u00f3n del tratamiento u oposici\u00f3n al mismo. En estos casos el interesado debe presentar una solicitud espec\u00edfica al IIC de Barcelona y enviar copia de la misma al RPD del MAECI.<\/p>\n<p>&nbsp;<\/p>\n<p>Si considera que sus derechos hayan sido vulnerados, el interesado puede presentar una reclamaci\u00f3n al RPD del MAECI. Si lo prefiere, puede contactar con la Autoridad Italiana de Protecci\u00f3n de Datos (Garante italiano per la Protezione dei Dati Personali) :<br \/>\nPiazza di Montecitorio 121<br \/>\n00186 ROMA<br \/>\nTel. (+39)06696771 (centralita)<br \/>\nmail: <a href=\"mailto:garante@gpdp.it\">garante@gpdp.it<\/a><br \/>\npec: <a href=\"mailto:protocollo@pec.gpdp.it\">protocollo@pec.gpdp.it<\/a><\/p>\n<\/div>\n<p>&nbsp;<\/p>\n<p>Data di creazione: 2022 | Ultimo aggiornamento: 10\/10\/2024<\/p>\n<hr \/>\n","protected":false},"excerpt":{"rendered":"Pol\u00edticas de tratamiento de los datos personales del Instituto Italiano de Cultura de Barcelona (IIC) del Ministerio de Asuntos Exteriores y de la Cooperaci\u00f3n Internacional de Italia (MAECI-Ministero degli Affari Esteri e della Cooperazione Internazionale) (Reglamento General de Protecci\u00f3n de Datos (UE) 2016\/679, art. 13) &nbsp; Generalidades El tratamiento de los datos personales del IIC, [&hellip;]","protected":false},"author":3,"featured_media":0,"parent":520,"menu_order":0,"comment_status":"closed","ping_status":"closed","template":"","meta":{"footnotes":""},"class_list":["post-544","page","type-page","status-publish","hentry"],"_links":{"self":[{"href":"https:\/\/iicbarcellona.esteri.it\/es\/wp-json\/wp\/v2\/pages\/544","targetHints":{"allow":["GET"]}}],"collection":[{"href":"https:\/\/iicbarcellona.esteri.it\/es\/wp-json\/wp\/v2\/pages"}],"about":[{"href":"https:\/\/iicbarcellona.esteri.it\/es\/wp-json\/wp\/v2\/types\/page"}],"author":[{"embeddable":true,"href":"https:\/\/iicbarcellona.esteri.it\/es\/wp-json\/wp\/v2\/users\/3"}],"replies":[{"embeddable":true,"href":"https:\/\/iicbarcellona.esteri.it\/es\/wp-json\/wp\/v2\/comments?post=544"}],"version-history":[{"count":2,"href":"https:\/\/iicbarcellona.esteri.it\/es\/wp-json\/wp\/v2\/pages\/544\/revisions"}],"predecessor-version":[{"id":8278,"href":"https:\/\/iicbarcellona.esteri.it\/es\/wp-json\/wp\/v2\/pages\/544\/revisions\/8278"}],"up":[{"embeddable":true,"href":"https:\/\/iicbarcellona.esteri.it\/es\/wp-json\/wp\/v2\/pages\/520"}],"wp:attachment":[{"href":"https:\/\/iicbarcellona.esteri.it\/es\/wp-json\/wp\/v2\/media?parent=544"}],"curies":[{"name":"wp","href":"https:\/\/api.w.org\/{rel}","templated":true}]}}