{"id":520,"date":"2023-08-09T12:38:31","date_gmt":"2023-08-09T09:38:31","guid":{"rendered":"https:\/\/iicbarcellona.esteri.it\/chi-siamo\/la-sede\/informazioni-pratiche\/"},"modified":"2025-10-30T13:46:08","modified_gmt":"2025-10-30T10:46:08","slug":"informazioni-pratiche","status":"publish","type":"page","link":"https:\/\/iicbarcellona.esteri.it\/es\/chi-siamo\/la-sede\/informazioni-pratiche\/","title":{"rendered":"Informaciones \u00fatiles"},"content":{"rendered":"<div>\n<div>\n<p><strong>Horario de atenci\u00f3n al p\u00fablico:<\/strong><\/p>\n<p>De Lunes a Jueves de 9.00 a 16:30<br \/>\nViernes de 9:00 a 14:30<\/p>\n<hr \/>\n<p><strong>Para informaci\u00f3n relativa a nuestros cursos de italiano o ex\u00e1menes oficiales :<\/strong><\/p>\n<p><strong><a href=\"mailto:segreteriacorsi.iicbarcellona@esteri.it\">segreteriacorsi.iicbarcellona@esteri.it<\/a><\/strong><\/p>\n<p><strong><a href=\"mailto:coordinamentocorsi.iicbarcellona@esteri.it\">coordinamentocorsi.iicbarcellona@esteri.it<\/a><\/strong><\/p>\n<hr \/>\n<p>Istituto Italiano di Cultura di Barcellona<br \/>\nPassatge M\u00e9ndez Vigo, 5<br \/>\nE &#8211; 08009 Barcelona<br \/>\ntel\u00e9fono: +34-934875306<br \/>\nemail: <a href=\"mailto:iicbarcellona@esteri.it\">iicbarcellona@esteri.it<\/a><br \/>\nPEC: <a href=\"mailto:iic.barcellona@cert.esteri.it\">iic.barcellona@cert.esteri.it<\/a> \u00a0(direcci\u00f3n exclusiva para correo electr\u00f3nico certificado \/PEC)<\/p>\n<p>&nbsp;<\/p>\n<hr \/>\n<p><strong>Festividades 2025<\/strong><\/p>\n<p>01 enero A\u00f1o Nuevo<br \/>\n06 enero Epifania<br \/>\n21 abril Lunes de Pasqua<br \/>\n01 mayo Fiesta del trabajo<br \/>\n02 junio Fiesta de la Republica Italiana<br \/>\n15 agosto Virgen de Agosto<br \/>\n11 septiembre Diada Nacional Catalana<br \/>\n12 octubre Fiesta Nacional Espa\u00f1ola<br \/>\n01 noviembre Todos los Santos<br \/>\n25 diciembre Navidad<br \/>\n26 diciembre San Esteban<\/p>\n<hr \/>\n<p><strong>Festividades 2026<\/strong><\/p>\n<p>01 enero A\u00f1o Nuevo<br \/>\n06 enero Epifania<br \/>\n6 abril Lunes de Pasqua<br \/>\n01 mayo Fiesta del trabajo<br \/>\n02 junio Fiesta de la Republica Italiana<br \/>\n15 agosto Virgen de Agosto<br \/>\n11 septiembre Diada Nacional Catalana<br \/>\n12 octubre Fiesta Nacional Espa\u00f1ola<br \/>\n01 noviembre Todos los Santos<br \/>\n25 diciembre Navidad<br \/>\n26 diciembre San Esteban<\/p>\n<hr \/>\n<hr \/>\n<p>Publicado el: 1\/12\/2005 | Actualizado el: 12\/11\/2024<\/p>\n<\/div>\n<\/div>\n","protected":false},"excerpt":{"rendered":"Horario de atenci\u00f3n al p\u00fablico: De Lunes a Jueves de 9.00 a 16:30 Viernes de 9:00 a 14:30 Para informaci\u00f3n relativa a nuestros cursos de italiano o ex\u00e1menes oficiales : segreteriacorsi.iicbarcellona@esteri.it coordinamentocorsi.iicbarcellona@esteri.it Istituto Italiano di Cultura di Barcellona Passatge M\u00e9ndez Vigo, 5 E &#8211; 08009 Barcelona tel\u00e9fono: +34-934875306 email: iicbarcellona@esteri.it PEC: iic.barcellona@cert.esteri.it \u00a0(direcci\u00f3n exclusiva para [&hellip;]","protected":false},"author":3,"featured_media":0,"parent":85,"menu_order":0,"comment_status":"closed","ping_status":"closed","template":"","meta":{"footnotes":""},"class_list":["post-520","page","type-page","status-publish","hentry"],"_links":{"self":[{"href":"https:\/\/iicbarcellona.esteri.it\/es\/wp-json\/wp\/v2\/pages\/520","targetHints":{"allow":["GET"]}}],"collection":[{"href":"https:\/\/iicbarcellona.esteri.it\/es\/wp-json\/wp\/v2\/pages"}],"about":[{"href":"https:\/\/iicbarcellona.esteri.it\/es\/wp-json\/wp\/v2\/types\/page"}],"author":[{"embeddable":true,"href":"https:\/\/iicbarcellona.esteri.it\/es\/wp-json\/wp\/v2\/users\/3"}],"replies":[{"embeddable":true,"href":"https:\/\/iicbarcellona.esteri.it\/es\/wp-json\/wp\/v2\/comments?post=520"}],"version-history":[{"count":6,"href":"https:\/\/iicbarcellona.esteri.it\/es\/wp-json\/wp\/v2\/pages\/520\/revisions"}],"predecessor-version":[{"id":13072,"href":"https:\/\/iicbarcellona.esteri.it\/es\/wp-json\/wp\/v2\/pages\/520\/revisions\/13072"}],"up":[{"embeddable":true,"href":"https:\/\/iicbarcellona.esteri.it\/es\/wp-json\/wp\/v2\/pages\/85"}],"wp:attachment":[{"href":"https:\/\/iicbarcellona.esteri.it\/es\/wp-json\/wp\/v2\/media?parent=520"}],"curies":[{"name":"wp","href":"https:\/\/api.w.org\/{rel}","templated":true}]}}