{"id":5192,"date":"2024-02-23T13:09:32","date_gmt":"2024-02-23T10:09:32","guid":{"rendered":"https:\/\/iicbarcellona.esteri.it\/?page_id=5192"},"modified":"2026-03-06T12:54:44","modified_gmt":"2026-03-06T09:54:44","slug":"celi-adolescentes","status":"publish","type":"page","link":"https:\/\/iicbarcellona.esteri.it\/es\/lingua-e-cultura\/certificazioni\/celi-adolescentes\/","title":{"rendered":"CELI Adolescentes"},"content":{"rendered":"<h4 style=\"text-align: center;\"><strong>Ex\u00e1menes CELI a \u2013 2026<\/strong><br \/>\n<strong>Instituto Italiano de Cultura de Barcelona<\/strong><br \/>\n<strong>Universit\u00e0 per Stranieri di Perugia<\/strong><\/h4>\n<p><a href=\"https:\/\/iicbarcellona.esteri.it\/wp-content\/uploads\/2026\/03\/CELI-adolescenti-2026.pdf\"><img loading=\"lazy\" decoding=\"async\" class=\"img-fluid aligncenter wp-image-14810\" src=\"https:\/\/iicbarcellona.esteri.it\/wp-content\/uploads\/2026\/03\/CELI-ADOLESCENTI-2026-2.jpg\" alt=\"\" width=\"900\" height=\"506\" srcset=\"https:\/\/iicbarcellona.esteri.it\/wp-content\/uploads\/2026\/03\/CELI-ADOLESCENTI-2026-2.jpg 1280w, https:\/\/iicbarcellona.esteri.it\/wp-content\/uploads\/2026\/03\/CELI-ADOLESCENTI-2026-2-300x169.jpg 300w, https:\/\/iicbarcellona.esteri.it\/wp-content\/uploads\/2026\/03\/CELI-ADOLESCENTI-2026-2-1024x576.jpg 1024w, https:\/\/iicbarcellona.esteri.it\/wp-content\/uploads\/2026\/03\/CELI-ADOLESCENTI-2026-2-768x432.jpg 768w\" sizes=\"auto, (max-width: 900px) 100vw, 900px\" \/><\/a><\/p>\n<p>&nbsp;<\/p>\n<p style=\"text-align: justify;\">Los certificados <strong>CELI a<\/strong> son t\u00edtulos que acreditan el nivel de conocimiento de la lengua italiana dirigidos a adolescentes de entre 12 y 18 a\u00f1os.<br \/>\nVerifican la capacidad de utilizar la lengua italiana en las situaciones comunicativas m\u00e1s habituales en las que se encuentra interactuando un adolescente.<br \/>\nLos <strong>CELI a<\/strong> se dividen en 3 niveles: <strong>CELI 1 a (A2) <\/strong>&#8211;<strong> CELI 2 a (B1) <\/strong>&#8211;<strong> CELI 3 a (B2)<\/strong> y se realizan una vez al a\u00f1o.<\/p>\n<p style=\"text-align: justify;\"><strong>Convocatoria: 09 Mayo 2026<\/strong><br \/>\n<strong>Niveles CELI 1a-A2, CELI 2a-B1 e CELI 3a-B2<\/strong><br \/>\n<strong>inscripciones online abiertas hasta el 7 abril 2026<\/strong><br \/>\n<a href=\"https:\/\/icbl.eduplanweb.it\/courses\/#\/certificazioni\"><strong>https:\/\/icbl.eduplanweb.it\/courses\/#\/certificazioni<\/strong><\/a><\/p>\n<p>Para m\u00e1s informaci\u00f3n, pod\u00e9is escribir a las siguientes direcciones :<br \/>\n<a href=\"mailto:segreteriacorsi.iicbarcellona@esteri.it\"><strong>segreteriacorsi.iicbarcellona@esteri.it<\/strong><\/a><br \/>\n<strong><a href=\"mailto:coordinamentocorsi.iicbarcellona@esteri.it\">coordinamentocorsi.iicbarcellona@esteri.it<\/a><\/strong><\/p>\n","protected":false},"excerpt":{"rendered":"Ex\u00e1menes CELI a \u2013 2026 Instituto Italiano de Cultura de Barcelona Universit\u00e0 per Stranieri di Perugia &nbsp; Los certificados CELI a son t\u00edtulos que acreditan el nivel de conocimiento de la lengua italiana dirigidos a adolescentes de entre 12 y 18 a\u00f1os. Verifican la capacidad de utilizar la lengua italiana en las situaciones comunicativas m\u00e1s [&hellip;]","protected":false},"author":5,"featured_media":0,"parent":95,"menu_order":1,"comment_status":"closed","ping_status":"closed","template":"","meta":{"footnotes":""},"class_list":["post-5192","page","type-page","status-publish","hentry"],"_links":{"self":[{"href":"https:\/\/iicbarcellona.esteri.it\/es\/wp-json\/wp\/v2\/pages\/5192","targetHints":{"allow":["GET"]}}],"collection":[{"href":"https:\/\/iicbarcellona.esteri.it\/es\/wp-json\/wp\/v2\/pages"}],"about":[{"href":"https:\/\/iicbarcellona.esteri.it\/es\/wp-json\/wp\/v2\/types\/page"}],"author":[{"embeddable":true,"href":"https:\/\/iicbarcellona.esteri.it\/es\/wp-json\/wp\/v2\/users\/5"}],"replies":[{"embeddable":true,"href":"https:\/\/iicbarcellona.esteri.it\/es\/wp-json\/wp\/v2\/comments?post=5192"}],"version-history":[{"count":6,"href":"https:\/\/iicbarcellona.esteri.it\/es\/wp-json\/wp\/v2\/pages\/5192\/revisions"}],"predecessor-version":[{"id":14826,"href":"https:\/\/iicbarcellona.esteri.it\/es\/wp-json\/wp\/v2\/pages\/5192\/revisions\/14826"}],"up":[{"embeddable":true,"href":"https:\/\/iicbarcellona.esteri.it\/es\/wp-json\/wp\/v2\/pages\/95"}],"wp:attachment":[{"href":"https:\/\/iicbarcellona.esteri.it\/es\/wp-json\/wp\/v2\/media?parent=5192"}],"curies":[{"name":"wp","href":"https:\/\/api.w.org\/{rel}","templated":true}]}}