{"id":4338,"date":"2024-01-10T13:46:28","date_gmt":"2024-01-10T10:46:28","guid":{"rendered":"https:\/\/iicbarcellona.esteri.it\/lingua-e-cultura\/certificazioni\/condizioni-pagamento-esame\/"},"modified":"2025-03-26T13:53:42","modified_gmt":"2025-03-26T10:53:42","slug":"condizioni-pagamento-esame","status":"publish","type":"page","link":"https:\/\/iicbarcellona.esteri.it\/es\/lingua-e-cultura\/certificazioni\/condizioni-pagamento-esame\/","title":{"rendered":"T\u00e9rminos y condiciones de pago de la tasa de inscripci\u00f3n a un examen de certificaci\u00f3n de italiano"},"content":{"rendered":"<ul>\n<li>El interesado declara ser mayor de 18 a\u00f1os (en caso contrario, el pago lo realizar\u00e1 uno de sus padres o tutor legal).<\/li>\n<li>El importe de la tasa del examen se abonar\u00e1 en un \u00fanico pago. No se aceptan pagos por a cuenta ni anticipos.<\/li>\n<li>El importe de la tasa del examen no es reembolsable en ning\u00fan caso. El candidato que resulte ausente a la convocatoria por motivos de salud, si dispone de un certificado m\u00e9dico, podr\u00e1 presentarse \u00fanicamente a la convocatoria de examen inmediatamente sucesiva con reserva del pago de la tasa.<\/li>\n<li>La inscripci\u00f3n a una convocatoria de examen no est\u00e1 vinculada en ning\u00fan caso a la asistencia a un curso de italiano o a un curso de preparaci\u00f3n CELI, ambos ofrecidos por el IIC.<\/li>\n<li>La elecci\u00f3n del nivel a certificar es responsabilidad exclusiva del candidato.<\/li>\n<\/ul>\n<p>Para conocer el reglamento completo, otras informaciones y requisitos, consulte el Reglamento CELI, disponible en el siguiente enlace : <a href=\"http:\/\/www.cvcl.it\/categorie\/categoria-196?explicit=SI\">http:\/\/www.cvcl.it\/categorie\/categoria-196?explicit=SI<\/a><\/p>\n","protected":false},"excerpt":{"rendered":"El interesado declara ser mayor de 18 a\u00f1os (en caso contrario, el pago lo realizar\u00e1 uno de sus padres o tutor legal). El importe de la tasa del examen se abonar\u00e1 en un \u00fanico pago. No se aceptan pagos por a cuenta ni anticipos. El importe de la tasa del examen no es reembolsable en [&hellip;]","protected":false},"author":5,"featured_media":0,"parent":95,"menu_order":0,"comment_status":"closed","ping_status":"closed","template":"","meta":{"footnotes":""},"class_list":["post-4338","page","type-page","status-publish","hentry"],"_links":{"self":[{"href":"https:\/\/iicbarcellona.esteri.it\/es\/wp-json\/wp\/v2\/pages\/4338","targetHints":{"allow":["GET"]}}],"collection":[{"href":"https:\/\/iicbarcellona.esteri.it\/es\/wp-json\/wp\/v2\/pages"}],"about":[{"href":"https:\/\/iicbarcellona.esteri.it\/es\/wp-json\/wp\/v2\/types\/page"}],"author":[{"embeddable":true,"href":"https:\/\/iicbarcellona.esteri.it\/es\/wp-json\/wp\/v2\/users\/5"}],"replies":[{"embeddable":true,"href":"https:\/\/iicbarcellona.esteri.it\/es\/wp-json\/wp\/v2\/comments?post=4338"}],"version-history":[{"count":6,"href":"https:\/\/iicbarcellona.esteri.it\/es\/wp-json\/wp\/v2\/pages\/4338\/revisions"}],"predecessor-version":[{"id":4386,"href":"https:\/\/iicbarcellona.esteri.it\/es\/wp-json\/wp\/v2\/pages\/4338\/revisions\/4386"}],"up":[{"embeddable":true,"href":"https:\/\/iicbarcellona.esteri.it\/es\/wp-json\/wp\/v2\/pages\/95"}],"wp:attachment":[{"href":"https:\/\/iicbarcellona.esteri.it\/es\/wp-json\/wp\/v2\/media?parent=4338"}],"curies":[{"name":"wp","href":"https:\/\/api.w.org\/{rel}","templated":true}]}}