{"id":308,"date":"2023-06-21T17:08:08","date_gmt":"2023-06-21T14:08:08","guid":{"rendered":"https:\/\/iicbarcellona.esteri.it\/lingua-e-cultura\/i-corsi-di-lingua\/calendario\/"},"modified":"2026-03-16T14:56:42","modified_gmt":"2026-03-16T11:56:42","slug":"calendario","status":"publish","type":"page","link":"https:\/\/iicbarcellona.esteri.it\/es\/lingua-e-cultura\/i-corsi-di-lingua\/calendario\/","title":{"rendered":"Calendario"},"content":{"rendered":"<p><a href=\"https:\/\/iicbarcellona.esteri.it\/wp-content\/uploads\/2026\/01\/Programma-Corsi-Quadrimestrali-2025-2026-2oQ-spa-60-ore.pdf\"><img loading=\"lazy\" decoding=\"async\" class=\"alignnone size-full wp-image-13575 img-fluid\" src=\"https:\/\/iicbarcellona.esteri.it\/wp-content\/uploads\/2025\/12\/Focus-Banner-Febbraio-2026-spa.jpg\" alt=\"\" width=\"1890\" height=\"378\" srcset=\"https:\/\/iicbarcellona.esteri.it\/wp-content\/uploads\/2025\/12\/Focus-Banner-Febbraio-2026-spa.jpg 1890w, https:\/\/iicbarcellona.esteri.it\/wp-content\/uploads\/2025\/12\/Focus-Banner-Febbraio-2026-spa-300x60.jpg 300w, https:\/\/iicbarcellona.esteri.it\/wp-content\/uploads\/2025\/12\/Focus-Banner-Febbraio-2026-spa-1024x205.jpg 1024w, https:\/\/iicbarcellona.esteri.it\/wp-content\/uploads\/2025\/12\/Focus-Banner-Febbraio-2026-spa-768x154.jpg 768w\" sizes=\"auto, (max-width: 1890px) 100vw, 1890px\" \/><\/a><\/p>\n<p>&nbsp;<\/p>\n<p class=\"x_MsoNormal\"><span style=\"color: #ff0000;\"><b><u>CURSOS CUATRIMESTRALES DE ITALIANO\u00a0\u00a0(NIVEL A1-C2)<\/u><\/b><\/span><\/p>\n<p style=\"text-align: justify;\">El IIC de Barcelona es una instituci\u00f3n oficial sin \u00e1nimo de lucro dedicada a la promoci\u00f3n de la lengua y la cultura italianas. Por ello, garantizamos cursos de italiano de calidad en diferentes horarios, incluso en grupos reducidos.<br \/>\nEmpleamos estrategias de ense\u00f1anza eficaces e integradas, aprovechando la experiencia y la profesionalidad de nuestros profesores, todos nativos, para que el aprendizaje sea divertido y din\u00e1mico en un ambiente agradable.<br \/>\nTambi\u00e9n ofrecemos cursos y seminarios sobre diversos temas para profundizar en las habilidades de quienes ya tienen conocimientos de italiano.<br \/>\nLos estudiantes pueden ampliar su experiencia participando en los numerosos eventos culturales organizados por el IIC, muchos de los cuales son gratuitos o bien ofrecen atractivos descuentos, y aprovechar el amplio cat\u00e1logo de MLOL, la primera y m\u00e1s importante mediateca digital de Italia, a un precio conveniente.<\/p>\n<p class=\"x_MsoNormal\"><span style=\"color: #ff0000;\"><strong>20 FEBRERO-22 JUNIO 2026<\/strong><\/span><br \/>\nCursos de 60 horas organizados seg\u00fan los niveles de competencia establecidos por el Marco Com\u00fan Europeo de Referencia para las Lenguas.<br \/>\n<span style=\"color: #ff0000;\"><a style=\"color: #ff0000;\" href=\"https:\/\/iicbarcellona.esteri.it\/wp-content\/uploads\/2026\/01\/Programma-Corsi-Quadrimestrali-2025-2026-2oQ-spa-60-ore.pdf\"><strong>PROGRAMA INFORMATIVO<\/strong><\/a><\/span><\/p>\n<p class=\"x_MsoNormal\"><span style=\"color: #ff0000;\"><a style=\"color: #ff0000;\" href=\"https:\/\/iicbarcellona.esteri.it\/es\/lingua-e-cultura\/i-corsi-di-lingua\/come-iscriversi\/\" target=\"_blank\" rel=\"noopener noreferrer\"><b>Como matricularse<\/b><\/a><\/span><\/p>\n<p>Para mantenerse al d\u00eda, sugerimos consultar peri\u00f3dicamente esta p\u00e1gina o contactarnos:\u00a0<b><a href=\"mailto:segreteriacorsi.iicbarcellona@esteri.it\" target=\"_blank\" rel=\"noopener noreferrer\">Secretar\u00eda de Cursos<\/a><\/b>\u00a0y\u00a0<a href=\"mailto:coordinamentocorsi.IICBarcellona@esteri.it\" target=\"_blank\" rel=\"noopener noreferrer\"><b>Coordinaci\u00f3n de Cursos<\/b><\/a><\/p>\n<hr \/>\n<p><span style=\"color: #666699;\"><em>Debido a importantes obras de reforma en nuestras instalaciones, que empezar\u00e1n en febrero,<\/em><\/span><br \/>\n<span style=\"color: #666699;\"><em>podr\u00eda verificarse que unas pocas clases a principio cuatrimestre se tengan que dar a distancia (en modo sincr\u00f3nico).<\/em><\/span><br \/>\n<span style=\"color: #666699;\"><em>El IIC se compromete a informar a los inscritos de los cursos afectados de cualquier cambio con la mayor antelaci\u00f3n posible.<\/em><\/span><\/p>\n<hr \/>\n<p>&nbsp;<\/p>\n<ul>\n<li><strong><u>EX\u00c1MENES DE CERTIFICACI\u00d3N LING\u00dc\u00cdSTICA<\/u><\/strong><\/li>\n<\/ul>\n<p>Para informaci\u00f3n sobre ex\u00e1menes de certificaci\u00f3n ling\u00fc\u00edstica dir\u00edgete al siguiente\u00a0<a href=\"https:\/\/iicbarcellona.esteri.it\/iic_barcellona\/es\/imparare_italiano\/certificazioni\/\" target=\"_blank\" rel=\"noopener\"><strong>ENLACE<\/strong><\/a><\/p>\n","protected":false},"excerpt":{"rendered":"&nbsp; CURSOS CUATRIMESTRALES DE ITALIANO\u00a0\u00a0(NIVEL A1-C2) El IIC de Barcelona es una instituci\u00f3n oficial sin \u00e1nimo de lucro dedicada a la promoci\u00f3n de la lengua y la cultura italianas. Por ello, garantizamos cursos de italiano de calidad en diferentes horarios, incluso en grupos reducidos. Empleamos estrategias de ense\u00f1anza eficaces e integradas, aprovechando la experiencia y [&hellip;]","protected":false},"author":3,"featured_media":0,"parent":91,"menu_order":0,"comment_status":"closed","ping_status":"closed","template":"","meta":{"footnotes":""},"class_list":["post-308","page","type-page","status-publish","hentry"],"_links":{"self":[{"href":"https:\/\/iicbarcellona.esteri.it\/es\/wp-json\/wp\/v2\/pages\/308","targetHints":{"allow":["GET"]}}],"collection":[{"href":"https:\/\/iicbarcellona.esteri.it\/es\/wp-json\/wp\/v2\/pages"}],"about":[{"href":"https:\/\/iicbarcellona.esteri.it\/es\/wp-json\/wp\/v2\/types\/page"}],"author":[{"embeddable":true,"href":"https:\/\/iicbarcellona.esteri.it\/es\/wp-json\/wp\/v2\/users\/3"}],"replies":[{"embeddable":true,"href":"https:\/\/iicbarcellona.esteri.it\/es\/wp-json\/wp\/v2\/comments?post=308"}],"version-history":[{"count":7,"href":"https:\/\/iicbarcellona.esteri.it\/es\/wp-json\/wp\/v2\/pages\/308\/revisions"}],"predecessor-version":[{"id":15141,"href":"https:\/\/iicbarcellona.esteri.it\/es\/wp-json\/wp\/v2\/pages\/308\/revisions\/15141"}],"up":[{"embeddable":true,"href":"https:\/\/iicbarcellona.esteri.it\/es\/wp-json\/wp\/v2\/pages\/91"}],"wp:attachment":[{"href":"https:\/\/iicbarcellona.esteri.it\/es\/wp-json\/wp\/v2\/media?parent=308"}],"curies":[{"name":"wp","href":"https:\/\/api.w.org\/{rel}","templated":true}]}}