{"id":251,"date":"2023-06-30T13:38:16","date_gmt":"2023-06-30T10:38:16","guid":{"rendered":"https:\/\/iicbarcellona.esteri.it\/lingua-e-cultura\/i-corsi-di-lingua\/come-iscriversi\/termini-e-condizioni\/"},"modified":"2025-12-23T18:07:34","modified_gmt":"2025-12-23T15:07:34","slug":"termini-e-condizioni","status":"publish","type":"page","link":"https:\/\/iicbarcellona.esteri.it\/es\/lingua-e-cultura\/i-corsi-di-lingua\/come-iscriversi\/termini-e-condizioni\/","title":{"rendered":"T\u00e9rminos y condiciones de inscripci\u00f3n a cursos y seminarios del Instituto Italiano de Cultura de Barcelona"},"content":{"rendered":"<p style=\"text-align: justify;\">El interesado declara ser mayor de 18 a\u00f1os (en caso contrario, el pago ser\u00e1 realizado por uno de sus padres o tutor legal).<br \/>\nPara realizar los cursos en modalidad online, el inscrito autoriza al IIC a comunicar su correo electr\u00f3nico al profesor.<br \/>\nEl importe del curso se abonar\u00e1 en un \u00fanico pago. No aceptamos pagos por adelantado ni anticipos.<br \/>\nEl costo del manual no est\u00e1 incluido en el precio del curso.<br \/>\nUn curso se activar\u00e1 si al finalizar el plazo de inscripci\u00f3n se ha alcanzado el n\u00famero m\u00ednimo de participantes.<br \/>\nEl n\u00famero m\u00e1ximo de alumnos por clase ser\u00e1 de 12 personas en cursos online y de 15 personas en cursos presenciales (en casos excepcionales el n\u00famero podr\u00e1 incrementarse en 1-2 unidades), m\u00e1ximo 10 personas para los cursos de conversaci\u00f3n.<br \/>\nLa devoluci\u00f3n del importe del curso est\u00e1 prevista solo si la clase no se consigue formar, y el inscrito no puede optar por otro horario.<br \/>\nEl Instituto se reserva el derecho de realizar cambios o modificaciones de calendario, horario y\/o profesorado por necesidades del servicio.<\/p>\n<hr \/>\n<p style=\"text-align: justify;\"><span style=\"color: #666699;\"><strong><em>Debido a importantes obras de reforma en nuestras instalaciones, que empezar\u00e1n en febrero, podr\u00eda verificarse que unas pocas clases a principio cuatrimestre se tengan que dar a distancia (en modo sincr\u00f3nico).<\/em><\/strong><\/span><br \/>\n<span style=\"color: #666699;\"><strong><em>El IIC se compromete a informar a los inscritos de los cursos afectados de cualquier cambio con la mayor antelaci\u00f3n posible.<\/em><\/strong><\/span><\/p>\n<hr \/>\n<p style=\"text-align: justify;\">Una vez finalizado el proceso de pago, el sistema genera autom\u00e1ticamente un correo electr\u00f3nico de confirmaci\u00f3n, que acredita la correcta inscripci\u00f3n.<br \/>\nLa secretar\u00eda del curso comprueba y registra las inscripciones por orden de llegada.<br \/>\nUna vez agotado el n\u00famero de plazas disponibles para cada clase, el curso se dar\u00e1 por cerrado y los nombres de los interesados se colocar\u00e1n en lista de espera.<br \/>\nAl inscribirse en el curso, el alumno acepta autom\u00e1ticamente recibir el bolet\u00edn del IIC en la direcci\u00f3n de correo electr\u00f3nico proporcionada, con el fin de estar informado sobre la programaci\u00f3n cultural y las actividades del Instituto.<br \/>\nPuede revocar su registro en cualquier momento enviando un correo electr\u00f3nico de renuncia a <a href=\"mailto:iicbarcellona@esteri.it\">iicbarcellona@esteri.it<\/a><\/p>\n","protected":false},"excerpt":{"rendered":"El interesado declara ser mayor de 18 a\u00f1os (en caso contrario, el pago ser\u00e1 realizado por uno de sus padres o tutor legal). Para realizar los cursos en modalidad online, el inscrito autoriza al IIC a comunicar su correo electr\u00f3nico al profesor. El importe del curso se abonar\u00e1 en un \u00fanico pago. No aceptamos pagos [&hellip;]","protected":false},"author":5,"featured_media":0,"parent":245,"menu_order":0,"comment_status":"closed","ping_status":"closed","template":"","meta":{"footnotes":""},"class_list":["post-251","page","type-page","status-publish","hentry"],"_links":{"self":[{"href":"https:\/\/iicbarcellona.esteri.it\/es\/wp-json\/wp\/v2\/pages\/251","targetHints":{"allow":["GET"]}}],"collection":[{"href":"https:\/\/iicbarcellona.esteri.it\/es\/wp-json\/wp\/v2\/pages"}],"about":[{"href":"https:\/\/iicbarcellona.esteri.it\/es\/wp-json\/wp\/v2\/types\/page"}],"author":[{"embeddable":true,"href":"https:\/\/iicbarcellona.esteri.it\/es\/wp-json\/wp\/v2\/users\/5"}],"replies":[{"embeddable":true,"href":"https:\/\/iicbarcellona.esteri.it\/es\/wp-json\/wp\/v2\/comments?post=251"}],"version-history":[{"count":7,"href":"https:\/\/iicbarcellona.esteri.it\/es\/wp-json\/wp\/v2\/pages\/251\/revisions"}],"predecessor-version":[{"id":13598,"href":"https:\/\/iicbarcellona.esteri.it\/es\/wp-json\/wp\/v2\/pages\/251\/revisions\/13598"}],"up":[{"embeddable":true,"href":"https:\/\/iicbarcellona.esteri.it\/es\/wp-json\/wp\/v2\/pages\/245"}],"wp:attachment":[{"href":"https:\/\/iicbarcellona.esteri.it\/es\/wp-json\/wp\/v2\/media?parent=251"}],"curies":[{"name":"wp","href":"https:\/\/api.w.org\/{rel}","templated":true}]}}