{"id":245,"date":"2023-06-21T17:15:54","date_gmt":"2023-06-21T14:15:54","guid":{"rendered":"https:\/\/iicbarcellona.esteri.it\/lingua-e-cultura\/i-corsi-di-lingua\/come-iscriversi\/"},"modified":"2025-03-26T16:48:06","modified_gmt":"2025-03-26T13:48:06","slug":"come-iscriversi","status":"publish","type":"page","link":"https:\/\/iicbarcellona.esteri.it\/es\/lingua-e-cultura\/i-corsi-di-lingua\/come-iscriversi\/","title":{"rendered":"C\u00f3mo Matricularse"},"content":{"rendered":"<div>\n<ul>\n<li><span style=\"color: #0000ff;\"><strong>C\u00d3MO MATRICULARSE EN UN CURSO DE LENGUA ITALIANA<\/strong><\/span><\/li>\n<\/ul>\n<p>Haz clic\u00a0<strong><a href=\"https:\/\/icbl.eduplanweb.it\/courses\/#\/corsi-in-partenza\">aqu\u00ed<\/a><\/strong>\u00a0para matricularte online en nuestros cursos de italiano, de conversaci\u00f3n y en los cursos especiales de cultura italiana. El procedimiento es guiado y muy r\u00e1pido y sencillo, solo has de seguir las instrucciones.<\/p>\n<p>Para cualquier aclaraci\u00f3n, escribir a :\u00a0<strong><a href=\"mailto:segreteriacorsi.iicbarcellona@esteri.it\">segreteriacorsi.iicbarcellona@esteri.it<\/a><\/strong><\/p>\n<\/div>\n<ul>\n<li><span style=\"color: #0000ff;\"><a style=\"color: #0000ff;\" href=\"https:\/\/iicbarcellona.esteri.it\/es\/lingua-e-cultura\/i-corsi-di-lingua\/calendario\/\"><strong>CALENDARIO<\/strong><\/a><\/span><\/li>\n<\/ul>\n<p>Seguir el enlace para consultar el calendario de pr\u00f3ximos cursos.<\/p>\n<div>\n<ul>\n<li><span style=\"color: #0000ff;\"><a style=\"color: #0000ff;\" href=\"https:\/\/iicbarcellona.esteri.it\/es\/lingua-e-cultura\/i-corsi-di-lingua\/come-iscriversi\/termini-e-condizioni\/\"><strong>TE<\/strong><strong>RMINOS Y CONDICIONES DE INSCR<\/strong><strong>IPCI\u00d3N<\/strong><\/a><\/span><\/li>\n<\/ul>\n<p>Seguir el enlace para consultar los t\u00e9rminos y condiciones de inscripci\u00f3n.<\/p>\n<ul>\n<li><span style=\"color: #0000ff;\"><strong>PRUEBA DE ACCESO. SOLO PARA MATRICULARSE A CURSOS SUCESIVOS AL A1 (PRINCIPIANTES)<\/strong><\/span><\/li>\n<\/ul>\n<p><strong>La prueba tiene una finalidad orientativa y en ning\u00fan caso constituye una certificaci\u00f3n del nivel de conocimiento del italiano.<\/strong>\u00a0Es gratuito y consta de una entrevista individual y una prueba escrita, con una duraci\u00f3n total de 15-20 minutos. Se puede realizar presencialmente o a distancia.<\/p>\n<p>Qui\u00e9n debe realizar la prueba de acceso:<\/p>\n<ul>\n<li>Quien se matricule por primera vez en los cursos del IIC, pero ya haya estudiado italiano y sea capaz de producir textos escritos y orales.<\/li>\n<li>Quien haya estado matriculado en los cursos del IIC anteriormente, pero no haya asistido durante m\u00e1s de un a\u00f1o.<\/li>\n<\/ul>\n<p>Para solicitar la prueba de acceso, escribir a:\u00a0<strong><a href=\"mailto:coordinamentocorsi.iicbarcelona@esteri.it\">coordinamentocorsi.iicbarcellona@esteri.it<\/a><\/strong>, indicando su n\u00famero de tel\u00e9fono.<\/p>\n<\/div>\n<p>&nbsp;<\/p>\n<ul>\n<li><span style=\"color: #0000ff;\"><strong>C\u00d3MO INSCRIBIRSE EN UN EX\u00c1MEN DE CERTIFICACI\u00d3N LING\u00dc\u00cdSTICA<\/strong><\/span><\/li>\n<\/ul>\n<p style=\"padding-left: 40px;\">Consultar la informaci\u00f3n en el siguiente enlace :<\/p>\n<p style=\"padding-left: 40px;\"><a href=\"https:\/\/iicbarcellona.esteri.it\/es\/lingua-e-cultura\/certificazioni\/\">https:\/\/iicbarcellona.esteri.it\/es\/lingua-e-cultura\/certificazioni\/<\/a><\/p>\n","protected":false},"excerpt":{"rendered":"C\u00d3MO MATRICULARSE EN UN CURSO DE LENGUA ITALIANA Haz clic\u00a0aqu\u00ed\u00a0para matricularte online en nuestros cursos de italiano, de conversaci\u00f3n y en los cursos especiales de cultura italiana. El procedimiento es guiado y muy r\u00e1pido y sencillo, solo has de seguir las instrucciones. Para cualquier aclaraci\u00f3n, escribir a :\u00a0segreteriacorsi.iicbarcellona@esteri.it CALENDARIO Seguir el enlace para consultar el [&hellip;]","protected":false},"author":3,"featured_media":0,"parent":91,"menu_order":0,"comment_status":"closed","ping_status":"closed","template":"","meta":{"footnotes":""},"class_list":["post-245","page","type-page","status-publish","hentry"],"_links":{"self":[{"href":"https:\/\/iicbarcellona.esteri.it\/es\/wp-json\/wp\/v2\/pages\/245","targetHints":{"allow":["GET"]}}],"collection":[{"href":"https:\/\/iicbarcellona.esteri.it\/es\/wp-json\/wp\/v2\/pages"}],"about":[{"href":"https:\/\/iicbarcellona.esteri.it\/es\/wp-json\/wp\/v2\/types\/page"}],"author":[{"embeddable":true,"href":"https:\/\/iicbarcellona.esteri.it\/es\/wp-json\/wp\/v2\/users\/3"}],"replies":[{"embeddable":true,"href":"https:\/\/iicbarcellona.esteri.it\/es\/wp-json\/wp\/v2\/comments?post=245"}],"version-history":[{"count":7,"href":"https:\/\/iicbarcellona.esteri.it\/es\/wp-json\/wp\/v2\/pages\/245\/revisions"}],"predecessor-version":[{"id":10092,"href":"https:\/\/iicbarcellona.esteri.it\/es\/wp-json\/wp\/v2\/pages\/245\/revisions\/10092"}],"up":[{"embeddable":true,"href":"https:\/\/iicbarcellona.esteri.it\/es\/wp-json\/wp\/v2\/pages\/91"}],"wp:attachment":[{"href":"https:\/\/iicbarcellona.esteri.it\/es\/wp-json\/wp\/v2\/media?parent=245"}],"curies":[{"name":"wp","href":"https:\/\/api.w.org\/{rel}","templated":true}]}}