{"id":14434,"date":"2026-02-19T14:20:33","date_gmt":"2026-02-19T11:20:33","guid":{"rendered":"https:\/\/iicbarcellona.esteri.it\/lingua-e-cultura\/i-corsi-di-lingua\/va-pensiero-corso-dintroduzione-allitaliano-per-amanti-de-lopera\/"},"modified":"2026-03-23T11:18:44","modified_gmt":"2026-03-23T08:18:44","slug":"va-pensiero-corso-dintroduzione-allitaliano-per-amanti-de-lopera","status":"publish","type":"page","link":"https:\/\/iicbarcellona.esteri.it\/es\/lingua-e-cultura\/i-corsi-di-lingua\/va-pensiero-corso-dintroduzione-allitaliano-per-amanti-de-lopera\/","title":{"rendered":"Va, Pensiero | Curso de introducci\u00f3n al italiano para amantes del \u00d3pera"},"content":{"rendered":"<p><img loading=\"lazy\" decoding=\"async\" class=\"alignnone size-full wp-image-14864 img-fluid\" src=\"https:\/\/iicbarcellona.esteri.it\/wp-content\/uploads\/2026\/03\/Copia-di-Va-Pensiero-Presentazione.jpg\" alt=\"\" width=\"1920\" height=\"1080\" srcset=\"https:\/\/iicbarcellona.esteri.it\/wp-content\/uploads\/2026\/03\/Copia-di-Va-Pensiero-Presentazione.jpg 1920w, https:\/\/iicbarcellona.esteri.it\/wp-content\/uploads\/2026\/03\/Copia-di-Va-Pensiero-Presentazione-300x169.jpg 300w, https:\/\/iicbarcellona.esteri.it\/wp-content\/uploads\/2026\/03\/Copia-di-Va-Pensiero-Presentazione-1024x576.jpg 1024w, https:\/\/iicbarcellona.esteri.it\/wp-content\/uploads\/2026\/03\/Copia-di-Va-Pensiero-Presentazione-768x432.jpg 768w\" sizes=\"auto, (max-width: 1920px) 100vw, 1920px\" \/><\/p>\n<p>\u00bfTe apasiona la m\u00fasica y quieres aprender italiano de una forma \u00fanica y emocionante?<br \/>\nEste curso est\u00e1 dise\u00f1ado especialmente para principiantes que desean acercarse al italiano a trav\u00e9s de uno de sus m\u00e1s grandes tesoros culturales: la \u00d3pera l\u00edrica.<br \/>\n\u00a1No necesitas experiencia previa en italiano ni en m\u00fasica! Solo tu pasi\u00f3n por la \u00d3pera y tus ganas de compartirla.<br \/>\nMatr\u00edcula abierta hasta el 09\/03!<br \/>\nEl curso se compone de 10 lecciones, todos los jueves desde 19 de marzo hasta el 28 de mayo, a las horas 17.00-19.00<br \/>\nPara m\u00e1s informaci\u00f3n: <a href=\"mailto:segreteriacorsi.iicbarcellona@esteri.it\">segreteriacorsi.iicbarcellona@esteri.it<\/a><\/p>\n","protected":false},"excerpt":{"rendered":"\u00bfTe apasiona la m\u00fasica y quieres aprender italiano de una forma \u00fanica y emocionante? Este curso est\u00e1 dise\u00f1ado especialmente para principiantes que desean acercarse al italiano a trav\u00e9s de uno de sus m\u00e1s grandes tesoros culturales: la \u00d3pera l\u00edrica. \u00a1No necesitas experiencia previa en italiano ni en m\u00fasica! Solo tu pasi\u00f3n por la \u00d3pera y [&hellip;]","protected":false},"author":5,"featured_media":0,"parent":91,"menu_order":0,"comment_status":"closed","ping_status":"closed","template":"","meta":{"footnotes":""},"class_list":["post-14434","page","type-page","status-publish","hentry"],"_links":{"self":[{"href":"https:\/\/iicbarcellona.esteri.it\/es\/wp-json\/wp\/v2\/pages\/14434","targetHints":{"allow":["GET"]}}],"collection":[{"href":"https:\/\/iicbarcellona.esteri.it\/es\/wp-json\/wp\/v2\/pages"}],"about":[{"href":"https:\/\/iicbarcellona.esteri.it\/es\/wp-json\/wp\/v2\/types\/page"}],"author":[{"embeddable":true,"href":"https:\/\/iicbarcellona.esteri.it\/es\/wp-json\/wp\/v2\/users\/5"}],"replies":[{"embeddable":true,"href":"https:\/\/iicbarcellona.esteri.it\/es\/wp-json\/wp\/v2\/comments?post=14434"}],"version-history":[{"count":5,"href":"https:\/\/iicbarcellona.esteri.it\/es\/wp-json\/wp\/v2\/pages\/14434\/revisions"}],"predecessor-version":[{"id":14872,"href":"https:\/\/iicbarcellona.esteri.it\/es\/wp-json\/wp\/v2\/pages\/14434\/revisions\/14872"}],"up":[{"embeddable":true,"href":"https:\/\/iicbarcellona.esteri.it\/es\/wp-json\/wp\/v2\/pages\/91"}],"wp:attachment":[{"href":"https:\/\/iicbarcellona.esteri.it\/es\/wp-json\/wp\/v2\/media?parent=14434"}],"curies":[{"name":"wp","href":"https:\/\/api.w.org\/{rel}","templated":true}]}}