{"id":14207,"date":"2024-11-13T18:08:01","date_gmt":"2024-11-13T15:08:01","guid":{"rendered":"https:\/\/iicbarcellona.esteri.it\/chi-siamo\/contatti\/netiquette-internet\/"},"modified":"2026-02-03T14:01:34","modified_gmt":"2026-02-03T11:01:34","slug":"netiquette-internet","status":"publish","type":"page","link":"https:\/\/iicbarcellona.esteri.it\/es\/chi-siamo\/contatti\/netiquette-internet\/","title":{"rendered":"Netiquette Internet"},"content":{"rendered":"<p data-start=\"92\" data-end=\"525\">El Instituto Italiano de Cultura de Barcelona utiliza las redes sociales (Facebook, Instagram, X y YouTube) con fines institucionales para mejorar la transparencia e informar de manera capilar al p\u00fablico sobre sus actividades, as\u00ed como para compartir iniciativas de promoci\u00f3n y oportunidades relacionadas con la lengua y la cultura italiana, noticias del Consulado General de Italia en Barcelona y de la Embajada de Italia en Madrid.<\/p>\n<p data-start=\"527\" data-end=\"620\">El IIC de Barcelona informa, comunica, recibe y publica contenidos de car\u00e1cter institucional.<\/p>\n<p data-start=\"622\" data-end=\"987\">Los contenidos publicados incluyen fotograf\u00edas, v\u00eddeos institucionales, comunicados de prensa, informaci\u00f3n de servicio, noticias sobre las actividades de la sede, noticias procedentes de Italia, elementos de la cultura italiana y oportunidades laborales. Los datos personales se tratan de conformidad con la normativa vigente, cuya informaci\u00f3n est\u00e1 disponible aqu\u00ed.<\/p>\n<p data-start=\"989\" data-end=\"1520\">A trav\u00e9s de sus canales sociales, esta sede puede compartir y republicar contenidos y mensajes de inter\u00e9s p\u00fablico o de servicio publicados por otros usuarios. El IIC de Barcelona se compromete a gestionar espacios de comunicaci\u00f3n y di\u00e1logo a trav\u00e9s de sus cuentas en redes sociales y solicita a sus usuarios, <strong data-start=\"1298\" data-end=\"1362\">EN LA INTERACCI\u00d3N Y EL DI\u00c1LOGO CON LOS CONTENIDOS PUBLICADOS<\/strong>, que respeten unas normas sencillas. En particular, no se tolerar\u00e1n y ser\u00e1n eliminados, a discreci\u00f3n exclusiva del administrador, los siguientes comentarios:<\/p>\n<ul data-start=\"1522\" data-end=\"2502\">\n<li data-start=\"1522\" data-end=\"1705\">\n<p data-start=\"1524\" data-end=\"1705\">insultos, vulgaridades, ofensas, amenazas y, en general, actitudes violentas, irrespetuosas o difamatorias; se pide a todos que expresen su opini\u00f3n con correcci\u00f3n, mesura y respeto;<\/p>\n<\/li>\n<li data-start=\"1706\" data-end=\"1779\">\n<p data-start=\"1708\" data-end=\"1779\">contenidos obscenos o que puedan herir la sensibilidad de los usuarios;<\/p>\n<\/li>\n<li data-start=\"1780\" data-end=\"1864\">\n<p data-start=\"1782\" data-end=\"1864\">cualquier forma de publicidad o promoci\u00f3n de intereses privados de cualquier tipo;<\/p>\n<\/li>\n<li data-start=\"1865\" data-end=\"1936\">\n<p data-start=\"1867\" data-end=\"1936\">contenidos enga\u00f1osos, alarmistas o que vulneren derechos de terceros;<\/p>\n<\/li>\n<li data-start=\"1937\" data-end=\"2112\">\n<p data-start=\"1939\" data-end=\"2112\">contenidos discriminatorios por raz\u00f3n de g\u00e9nero, raza, etnia, lengua, creencias religiosas, opiniones pol\u00edticas, orientaci\u00f3n sexual, edad, condiciones personales o sociales;<\/p>\n<\/li>\n<li data-start=\"2113\" data-end=\"2217\">\n<p data-start=\"2115\" data-end=\"2217\">contenidos que vulneren los derechos de autor o que apoyen el uso no autorizado de marcas registradas;<\/p>\n<\/li>\n<li data-start=\"2218\" data-end=\"2310\">\n<p data-start=\"2220\" data-end=\"2310\">contenidos contrarios a cualquier norma de los ordenamientos jur\u00eddicos italiano o espa\u00f1ol;<\/p>\n<\/li>\n<li data-start=\"2311\" data-end=\"2502\">\n<p data-start=\"2313\" data-end=\"2502\">contenidos que vulneren la privacidad y la protecci\u00f3n de datos personales. Deben evitarse referencias a hechos o detalles sin relevancia p\u00fablica que lesionen la esfera personal de terceros.<\/p>\n<\/li>\n<\/ul>\n<p data-start=\"2504\" data-end=\"2968\">En caso de incumplimiento reiterado de estas condiciones o de las pol\u00edticas de las plataformas utilizadas, esta sede, de conformidad con la Social Media Policy del MAECI, se reserva el derecho de aplicar el <strong data-start=\"2711\" data-end=\"2718\">ban<\/strong> o el bloqueo (cuando sea posible, tras un primer aviso por mensaje privado) para impedir nuevas intervenciones, as\u00ed como de se\u00f1alar al usuario a los responsables de la plataforma y, en su caso, a las fuerzas del orden u otras instancias competentes.<\/p>\n<p data-start=\"2970\" data-end=\"3260\">Esta sede interact\u00faa con los usuarios a trav\u00e9s de sus perfiles sociales \u00fanicamente para una primera orientaci\u00f3n sobre los distintos temas. Para acceder a los servicios de informaci\u00f3n y asistencia, es posible contactar con la sede seg\u00fan se indica en la secci\u00f3n correspondiente del sitio web.<\/p>\n<p data-start=\"3262\" data-end=\"3328\">Primera publicaci\u00f3n: 01\/10\/2024 | \u00daltima actualizaci\u00f3n: 03\/02\/2026<\/p>\n","protected":false},"excerpt":{"rendered":"El Instituto Italiano de Cultura de Barcelona utiliza las redes sociales (Facebook, Instagram, X y YouTube) con fines institucionales para mejorar la transparencia e informar de manera capilar al p\u00fablico sobre sus actividades, as\u00ed como para compartir iniciativas de promoci\u00f3n y oportunidades relacionadas con la lengua y la cultura italiana, noticias del Consulado General de [&hellip;]","protected":false},"author":3,"featured_media":0,"parent":87,"menu_order":0,"comment_status":"closed","ping_status":"closed","template":"","meta":{"footnotes":""},"class_list":["post-14207","page","type-page","status-publish","hentry"],"_links":{"self":[{"href":"https:\/\/iicbarcellona.esteri.it\/es\/wp-json\/wp\/v2\/pages\/14207","targetHints":{"allow":["GET"]}}],"collection":[{"href":"https:\/\/iicbarcellona.esteri.it\/es\/wp-json\/wp\/v2\/pages"}],"about":[{"href":"https:\/\/iicbarcellona.esteri.it\/es\/wp-json\/wp\/v2\/types\/page"}],"author":[{"embeddable":true,"href":"https:\/\/iicbarcellona.esteri.it\/es\/wp-json\/wp\/v2\/users\/3"}],"replies":[{"embeddable":true,"href":"https:\/\/iicbarcellona.esteri.it\/es\/wp-json\/wp\/v2\/comments?post=14207"}],"version-history":[{"count":2,"href":"https:\/\/iicbarcellona.esteri.it\/es\/wp-json\/wp\/v2\/pages\/14207\/revisions"}],"predecessor-version":[{"id":14211,"href":"https:\/\/iicbarcellona.esteri.it\/es\/wp-json\/wp\/v2\/pages\/14207\/revisions\/14211"}],"up":[{"embeddable":true,"href":"https:\/\/iicbarcellona.esteri.it\/es\/wp-json\/wp\/v2\/pages\/87"}],"wp:attachment":[{"href":"https:\/\/iicbarcellona.esteri.it\/es\/wp-json\/wp\/v2\/media?parent=14207"}],"curies":[{"name":"wp","href":"https:\/\/api.w.org\/{rel}","templated":true}]}}