{"id":14189,"date":"2023-08-09T12:31:36","date_gmt":"2023-08-09T09:31:36","guid":{"rendered":"https:\/\/iicbarcellona.esteri.it\/chi-siamo\/la-sede\/storia-e-direttori-iic\/"},"modified":"2026-03-25T12:28:37","modified_gmt":"2026-03-25T09:28:37","slug":"storia-e-direttori-iic","status":"publish","type":"page","link":"https:\/\/iicbarcellona.esteri.it\/es\/chi-siamo\/la-sede\/storia-e-direttori-iic\/","title":{"rendered":"Hist\u00f2ria i Directors de l&#8217;IIC"},"content":{"rendered":"<div class=\"entry-content\">\n<p><strong>L&#8217;Istituto Italiano di Cultura di Barcellona<\/strong> fue fundado en el a\u00f1o 1950.<\/p>\n<p>Directores del Istituto Italiano di Cultura desde su fundaci\u00f3n:<\/p>\n<p>(1950-1962) Renato Freschi<br \/>\n(1962-1967) Mario Forte<br \/>\n(1967-1973) Elzeario Sillari<br \/>\n(1974-1976) Ferdinando Caruso<br \/>\n(1976-1986) Aldo Penasa<br \/>\n(1986-1989) Giuseppe Manica<br \/>\n(1989-1991) Eustachio Porsia<br \/>\n(1993-1998) Bruno Bellone<br \/>\n(1998-2000) Angelo Manenti<br \/>\n(2000-2006) Ennio Bispuri<br \/>\n(2006-2009) Elio Traina<br \/>\n(2009-2010) Fortunato Ceraso<br \/>\n(2013-2017) Roberta Ferrazza<br \/>\n(2017-2019) Angelo Gio\u00e8<br \/>\n(2020-2023) Lucio Izzo<br \/>\n(2023- &#8230;) Annamaria Di Giorgio<\/p>\n<hr \/>\n<p data-start=\"2090\" data-end=\"2300\">El Instituto Italiano de Cultura de Barcelona es un organismo p\u00fablico sin \u00e1nimo de lucro, dependiente del Ministerio de Asuntos Exteriores, cuyo objetivo es promover la cultura y la lengua italiana en el mundo.<\/p>\n<p data-start=\"2302\" data-end=\"2576\">Est\u00e1 vinculado a las representaciones diplom\u00e1ticas o consulares de la ciudad en la que se encuentra y depende de un Director, nombrado por el Ministro de Asuntos Exteriores a propuesta del Director General de la Direcci\u00f3n General para la Promoci\u00f3n y la Cooperaci\u00f3n Cultural.<\/p>\n<p data-start=\"2578\" data-end=\"2631\">Las funciones espec\u00edficas del Instituto consisten en:<\/p>\n<ul data-start=\"2632\" data-end=\"3848\">\n<li data-start=\"2632\" data-end=\"2925\">\n<p data-start=\"2634\" data-end=\"2925\">establecer contactos con instituciones, entidades y personalidades del \u00e1mbito cultural y cient\u00edfico del pa\u00eds anfitri\u00f3n y fomentar propuestas y proyectos para el conocimiento de la cultura, la lengua y la realidad italianas o, en todo caso, orientados a la colaboraci\u00f3n cultural y cient\u00edfica;<\/p>\n<\/li>\n<li data-start=\"2926\" data-end=\"3040\">\n<p data-start=\"2928\" data-end=\"3040\">proporcionar documentaci\u00f3n e informaci\u00f3n sobre la vida cultural italiana y sobre las instituciones relacionadas;<\/p>\n<\/li>\n<li data-start=\"3041\" data-end=\"3177\">\n<p data-start=\"3043\" data-end=\"3177\">promover iniciativas, manifestaciones culturales y exposiciones, preferentemente en colaboraci\u00f3n con las entidades culturales locales;<\/p>\n<\/li>\n<li data-start=\"3178\" data-end=\"3389\">\n<p data-start=\"3180\" data-end=\"3389\">apoyar iniciativas para el desarrollo cultural de las comunidades italianas en el extranjero, con el fin de favorecer tanto su integraci\u00f3n en el pa\u00eds anfitri\u00f3n como el v\u00ednculo cultural con la patria de origen;<\/p>\n<\/li>\n<li data-start=\"3390\" data-end=\"3520\">\n<p data-start=\"3392\" data-end=\"3520\">garantizar la colaboraci\u00f3n a investigadores y estudiantes italianos en su actividad de investigaci\u00f3n y estudio en el extranjero;<\/p>\n<\/li>\n<li data-start=\"3521\" data-end=\"3848\">\n<p data-start=\"3523\" data-end=\"3848\">promover y favorecer iniciativas espec\u00edficas para la difusi\u00f3n de la lengua italiana en el extranjero, sirvi\u00e9ndose tambi\u00e9n de la colaboraci\u00f3n de los lectores de italiano de las universidades locales y de las universidades italianas que desarrollan actividades did\u00e1cticas y cient\u00edficas espec\u00edficas relacionadas con estos fines.<\/p>\n<\/li>\n<\/ul>\n<p data-start=\"3850\" data-end=\"4215\">Entre las m\u00faltiples iniciativas culturales, el Instituto Italiano de Cultura promueve: encuentros con personalidades de la cultura italiana, seminarios, conferencias, mesas redondas, exposiciones, conciertos, ciclos de cine italiano, espect\u00e1culos teatrales, cursos de lengua y cultura italiana, cursos de historia, cursos de arte, cursos de cine y cursos de m\u00fasica.<\/p>\n<p>Prima pubblicazione: 1\/12\/2005 | Ultimo aggiornamento: 03\/02\/2026<\/p>\n<\/div>\n","protected":false},"excerpt":{"rendered":"L&#8217;Istituto Italiano di Cultura di Barcellona fue fundado en el a\u00f1o 1950. Directores del Istituto Italiano di Cultura desde su fundaci\u00f3n: (1950-1962) Renato Freschi (1962-1967) Mario Forte (1967-1973) Elzeario Sillari (1974-1976) Ferdinando Caruso (1976-1986) Aldo Penasa (1986-1989) Giuseppe Manica (1989-1991) Eustachio Porsia (1993-1998) Bruno Bellone (1998-2000) Angelo Manenti (2000-2006) Ennio Bispuri (2006-2009) Elio Traina (2009-2010) [&hellip;]","protected":false},"author":3,"featured_media":0,"parent":85,"menu_order":1,"comment_status":"closed","ping_status":"closed","template":"","meta":{"footnotes":""},"class_list":["post-14189","page","type-page","status-publish","hentry"],"_links":{"self":[{"href":"https:\/\/iicbarcellona.esteri.it\/es\/wp-json\/wp\/v2\/pages\/14189","targetHints":{"allow":["GET"]}}],"collection":[{"href":"https:\/\/iicbarcellona.esteri.it\/es\/wp-json\/wp\/v2\/pages"}],"about":[{"href":"https:\/\/iicbarcellona.esteri.it\/es\/wp-json\/wp\/v2\/types\/page"}],"author":[{"embeddable":true,"href":"https:\/\/iicbarcellona.esteri.it\/es\/wp-json\/wp\/v2\/users\/3"}],"replies":[{"embeddable":true,"href":"https:\/\/iicbarcellona.esteri.it\/es\/wp-json\/wp\/v2\/comments?post=14189"}],"version-history":[{"count":2,"href":"https:\/\/iicbarcellona.esteri.it\/es\/wp-json\/wp\/v2\/pages\/14189\/revisions"}],"predecessor-version":[{"id":15287,"href":"https:\/\/iicbarcellona.esteri.it\/es\/wp-json\/wp\/v2\/pages\/14189\/revisions\/15287"}],"up":[{"embeddable":true,"href":"https:\/\/iicbarcellona.esteri.it\/es\/wp-json\/wp\/v2\/pages\/85"}],"wp:attachment":[{"href":"https:\/\/iicbarcellona.esteri.it\/es\/wp-json\/wp\/v2\/media?parent=14189"}],"curies":[{"name":"wp","href":"https:\/\/api.w.org\/{rel}","templated":true}]}}