{"id":13801,"date":"2026-01-22T14:22:21","date_gmt":"2026-01-22T11:22:21","guid":{"rendered":"https:\/\/iicbarcellona.esteri.it\/lingua-e-cultura\/i-corsi-di-lingua\/larte-parla-ii-tecniche-e-personaggi-nella-storia-dellarte-scultura-mosaico-e-affresco-corsi-speciali\/"},"modified":"2026-01-28T17:48:10","modified_gmt":"2026-01-28T14:48:10","slug":"larte-parla-ii-tecniche-e-personaggi-nella-storia-dellarte-scultura-mosaico-e-affresco-corsi-speciali","status":"publish","type":"page","link":"https:\/\/iicbarcellona.esteri.it\/es\/lingua-e-cultura\/i-corsi-di-lingua\/larte-parla-ii-tecniche-e-personaggi-nella-storia-dellarte-scultura-mosaico-e-affresco-corsi-speciali\/","title":{"rendered":"L&#8217;Arte parla II, Tecniche e personaggi : Come leggere ci\u00f2 che non si dice | Cursos Especiales"},"content":{"rendered":"<p><img loading=\"lazy\" decoding=\"async\" class=\"img-fluid alignnone wp-image-13963\" src=\"https:\/\/iicbarcellona.esteri.it\/wp-content\/uploads\/2026\/01\/LArte-Parla-Febbraio-2026-web-3.jpg\" alt=\"\" width=\"1358\" height=\"924\" srcset=\"https:\/\/iicbarcellona.esteri.it\/wp-content\/uploads\/2026\/01\/LArte-Parla-Febbraio-2026-web-3.jpg 1058w, https:\/\/iicbarcellona.esteri.it\/wp-content\/uploads\/2026\/01\/LArte-Parla-Febbraio-2026-web-3-300x204.jpg 300w, https:\/\/iicbarcellona.esteri.it\/wp-content\/uploads\/2026\/01\/LArte-Parla-Febbraio-2026-web-3-1024x697.jpg 1024w, https:\/\/iicbarcellona.esteri.it\/wp-content\/uploads\/2026\/01\/LArte-Parla-Febbraio-2026-web-3-768x523.jpg 768w\" sizes=\"auto, (max-width: 1358px) 100vw, 1358px\" \/><\/p>\n<p>&nbsp;<\/p>\n<hr \/>\n<p style=\"text-align: justify;\"><strong><em>L&#8217;arte parla II, tecniche e personaggi: come leggere ci\u00f2 che non si dice<\/em><\/strong> es un curso de lengua y cultura italiana que comienza con las t\u00e9cnicas art\u00edsticas de la escultura, el mosaico y el fresco, y conduce a la interpretaci\u00f3n de obras y artistas clave de la historia del arte, explorando la relaci\u00f3n entre los materiales, los procesos creativos, el lenguaje iconogr\u00e1fico y el significado.<br \/>\nA trav\u00e9s de diez lecciones tem\u00e1ticas, el curso explora momentos clave de la tradici\u00f3n art\u00edstica italiana \u2014desde el arte antiguo hasta la <strong><em>Edad Media<\/em><\/strong>, del <strong><em>Renacimiento<\/em> <\/strong>al <strong><em>Barroco<\/em> <\/strong>y el <strong><em>Neoclasicismo<\/em><\/strong>\u2014, abordando obras y artistas como <em><strong>Giotto<\/strong><\/em>, <strong><em>Michelangelo<\/em><\/strong>, <em><strong>Bernini<\/strong><\/em>, <strong><em>Canova<\/em> <\/strong>y <em><strong>Leonardo<\/strong><\/em>, partiendo siempre del an\u00e1lisis de las t\u00e9cnicas para llegar a la comprensi\u00f3n de la po\u00e9tica y los contextos hist\u00f3ricos.<br \/>\nEste recorrido educativo combina la historia del arte y la educaci\u00f3n ling\u00fc\u00edstica: de las t\u00e9cnicas a las obras de arte, de las herramientas a los artistas, para enriquecer el vocabulario, fortalecer las habilidades expresivas y agudizar la mirada cr\u00edtica sobre las im\u00e1genes.<\/p>\n<hr \/>\n<p><strong>10 clases<\/strong><br \/>\n<strong>02 marzo \u2013 18 mayo 2026<\/strong><br \/>\n<strong>Horario : cada lunes 17,00-19,00<\/strong><br \/>\n<strong>Importe total: 300,00 \u20ac<\/strong><br \/>\n<strong><a href=\"https:\/\/iicbarcellona.esteri.it\/wp-content\/uploads\/2026\/01\/LArte-Parla-Febbraio-2026-def-5.pdf\">DESCARGA<\/a> el programa completo<\/strong><br \/>\n<a href=\"https:\/\/icbl.eduplanweb.it\/courses\/#\/corso\/larte-parla-ii-tecniche-e-personaggi-nella-storia-dellarte-scultura-mosaico-e-affresco-marzo-2026\/1705\"><strong>Inscripciones online<\/strong><\/a><br \/>\n<strong>PLAZAS LIMITADAS<\/strong><\/p>\n<p>Para informaci\u00f3n : <a href=\"mailto:segreteriacorsi.iicbarcellona@esteri.it\">segreteriacorsi.iicbarcellona@esteri.it<\/a> e <a href=\"mailto:coordinamentocorsi.iicbarcellona@esteri.it\">coordinamentocorsi.iicbarcellona@esteri.it<\/a><\/p>\n<p>&nbsp;<\/p>\n<p>&nbsp;<\/p>\n<p>&nbsp;<\/p>\n","protected":false},"excerpt":{"rendered":"&nbsp; L&#8217;arte parla II, tecniche e personaggi: come leggere ci\u00f2 che non si dice es un curso de lengua y cultura italiana que comienza con las t\u00e9cnicas art\u00edsticas de la escultura, el mosaico y el fresco, y conduce a la interpretaci\u00f3n de obras y artistas clave de la historia del arte, explorando la relaci\u00f3n entre [&hellip;]","protected":false},"author":5,"featured_media":0,"parent":91,"menu_order":0,"comment_status":"closed","ping_status":"closed","template":"","meta":{"footnotes":""},"class_list":["post-13801","page","type-page","status-publish","hentry"],"_links":{"self":[{"href":"https:\/\/iicbarcellona.esteri.it\/es\/wp-json\/wp\/v2\/pages\/13801","targetHints":{"allow":["GET"]}}],"collection":[{"href":"https:\/\/iicbarcellona.esteri.it\/es\/wp-json\/wp\/v2\/pages"}],"about":[{"href":"https:\/\/iicbarcellona.esteri.it\/es\/wp-json\/wp\/v2\/types\/page"}],"author":[{"embeddable":true,"href":"https:\/\/iicbarcellona.esteri.it\/es\/wp-json\/wp\/v2\/users\/5"}],"replies":[{"embeddable":true,"href":"https:\/\/iicbarcellona.esteri.it\/es\/wp-json\/wp\/v2\/comments?post=13801"}],"version-history":[{"count":6,"href":"https:\/\/iicbarcellona.esteri.it\/es\/wp-json\/wp\/v2\/pages\/13801\/revisions"}],"predecessor-version":[{"id":14030,"href":"https:\/\/iicbarcellona.esteri.it\/es\/wp-json\/wp\/v2\/pages\/13801\/revisions\/14030"}],"up":[{"embeddable":true,"href":"https:\/\/iicbarcellona.esteri.it\/es\/wp-json\/wp\/v2\/pages\/91"}],"wp:attachment":[{"href":"https:\/\/iicbarcellona.esteri.it\/es\/wp-json\/wp\/v2\/media?parent=13801"}],"curies":[{"name":"wp","href":"https:\/\/api.w.org\/{rel}","templated":true}]}}