{"id":111,"date":"2023-04-03T20:32:25","date_gmt":"2023-04-03T17:32:25","guid":{"rendered":"https:\/\/iicbarcellona.esteri.it\/amministrazione-trasparente\/"},"modified":"2024-12-04T18:37:54","modified_gmt":"2024-12-04T15:37:54","slug":"amministrazione-trasparente","status":"publish","type":"page","link":"https:\/\/iicbarcellona.esteri.it\/es\/amministrazione-trasparente\/","title":{"rendered":"Administraci\u00f3n transparente"},"content":{"rendered":"<div>\n<p>Las Embajadas, los Consulados y los Institutos Italianos de Cultura constituyen los servicios perif\u00e9ricos del Ministerio de Asuntos Exteriores y de Cooperaci\u00f3n Internacional, que garantiza la transparencia de sus datos a trav\u00e9s del apartado \u00abAdministraci\u00f3n Transparente\u00bb de la p\u00e1gina web www.esteri.it<\/p>\n<p>Las secciones de dicha p\u00e1gina generalmente redirigen a las respectivas secciones de la p\u00e1gina de la Administraci\u00f3n central.<\/p>\n<p>Para m\u00e1s informaci\u00f3n, consulta la <a href=\"https:\/\/iicbarcellona.esteri.it\/it\/amministrazione-trasparente\/\">versi\u00f3n en italiano<\/a> de esta p\u00e1gina.<\/p>\n<p>\u00bfQuieres conocer algo m\u00e1s sobre las iniciativas del Gobierno italiano respecto a la lucha contra la corrupci\u00f3n? Consulta la p\u00e1gina web de ANAC (Autoridad nacional Anticorrupci\u00f3n).<\/p>\n<\/div>\n<hr \/>\n<div class=\"row\"><\/div>\n","protected":false},"excerpt":{"rendered":"Las Embajadas, los Consulados y los Institutos Italianos de Cultura constituyen los servicios perif\u00e9ricos del Ministerio de Asuntos Exteriores y de Cooperaci\u00f3n Internacional, que garantiza la transparencia de sus datos a trav\u00e9s del apartado \u00abAdministraci\u00f3n Transparente\u00bb de la p\u00e1gina web www.esteri.it Las secciones de dicha p\u00e1gina generalmente redirigen a las respectivas secciones de la p\u00e1gina [&hellip;]","protected":false},"author":1,"featured_media":0,"parent":0,"menu_order":10,"comment_status":"closed","ping_status":"closed","template":"","meta":{"footnotes":""},"class_list":["post-111","page","type-page","status-publish","hentry"],"_links":{"self":[{"href":"https:\/\/iicbarcellona.esteri.it\/es\/wp-json\/wp\/v2\/pages\/111","targetHints":{"allow":["GET"]}}],"collection":[{"href":"https:\/\/iicbarcellona.esteri.it\/es\/wp-json\/wp\/v2\/pages"}],"about":[{"href":"https:\/\/iicbarcellona.esteri.it\/es\/wp-json\/wp\/v2\/types\/page"}],"author":[{"embeddable":true,"href":"https:\/\/iicbarcellona.esteri.it\/es\/wp-json\/wp\/v2\/users\/1"}],"replies":[{"embeddable":true,"href":"https:\/\/iicbarcellona.esteri.it\/es\/wp-json\/wp\/v2\/comments?post=111"}],"version-history":[{"count":4,"href":"https:\/\/iicbarcellona.esteri.it\/es\/wp-json\/wp\/v2\/pages\/111\/revisions"}],"predecessor-version":[{"id":8937,"href":"https:\/\/iicbarcellona.esteri.it\/es\/wp-json\/wp\/v2\/pages\/111\/revisions\/8937"}],"wp:attachment":[{"href":"https:\/\/iicbarcellona.esteri.it\/es\/wp-json\/wp\/v2\/media?parent=111"}],"curies":[{"name":"wp","href":"https:\/\/api.w.org\/{rel}","templated":true}]}}