{"id":105,"date":"2023-04-03T20:57:00","date_gmt":"2023-04-03T17:57:00","guid":{"rendered":"https:\/\/iicbarcellona.esteri.it\/lingua-e-cultura\/premi-alla-traduzione\/"},"modified":"2026-02-25T15:11:49","modified_gmt":"2026-02-25T12:11:49","slug":"premi-alla-traduzione","status":"publish","type":"page","link":"https:\/\/iicbarcellona.esteri.it\/es\/lingua-e-cultura\/premi-alla-traduzione\/","title":{"rendered":"Premios de traducci\u00f3n"},"content":{"rendered":"<div class=\"entry-content\">\n<div class=\"entry-content\">\n<h2><strong>CONVOCATORIA 2026<\/strong><\/h2>\n<p>El <strong>Ministerio de Asuntos Exteriores y de Cooperaci\u00f3n Internacional<\/strong>\u00a0promueve la difusi\u00f3n de obras editoriales y cinematogr\u00e1ficas italianas en el extranjero mediante la concesi\u00f3n de incentivos a la traducci\u00f3n y al doblaje\/subtitulado, que representan un instrumento estrat\u00e9gico para la promoci\u00f3n de la lengua y la cultura italiana en el extranjero.<\/p>\n<p>El Ministerio de Asuntos Exteriores y de Cooperaci\u00f3n Internacional concede dos tipos de incentivos financieros:<\/p>\n<p>&nbsp;<\/p>\n<p><strong>AYUDAS <\/strong>para:<\/p>\n<ul>\n<li>la divulgaci\u00f3n del libro italiano en el extranjero mediante la traducci\u00f3n y publicaci\u00f3n de obras literarias y cient\u00edficas italianas, tambi\u00e9n en soporte digital (libro electr\u00f3nico o e-book) cuya publicaci\u00f3n est\u00e9 prevista <strong>despu\u00e9s del 1 de julio de 2026<\/strong>;<\/li>\n<li>la producci\u00f3n, el doblaje o el subtitulado de cortometrajes, largometrajes y series de televisi\u00f3n destinados a los medios de comunicaci\u00f3n de masas cuya realizaci\u00f3n est\u00e9 prevista <strong>despu\u00e9s del 1 de\u00a0<\/strong><strong>julio de 2026<\/strong><\/li>\n<\/ul>\n<p><strong>PREMIOS<\/strong> para:<\/p>\n<ul>\n<li>obras literarias y cient\u00edficas italianas, tambi\u00e9n en versi\u00f3n digital (libro electr\u00f3nico o e-book) que ya hayan sido traducidas y publicadas <strong>despu\u00e9s del 1 de enero de 2025<\/strong>;<\/li>\n<li>producci\u00f3n, doblaje, subtitulaci\u00f3n de cortometrajes y largometrajes y de series de televisi\u00f3n destinados a los medios de comunicaci\u00f3n de masas que ya se hayan realizado <strong>despu\u00e9s del 1 de enero de 2025<\/strong>.<\/li>\n<\/ul>\n<p><a href=\"https:\/\/iicbarcellona.esteri.it\/wp-content\/uploads\/2026\/02\/ITA_2026-Bando-Premi-e-Contributi.pdf\">descargar la <strong>convocatoria en italiano<\/strong>\u00a0<\/a><\/p>\n<p><a href=\"https:\/\/iicbarcellona.esteri.it\/wp-content\/uploads\/2026\/02\/ESP-2026_BANDO.pdf\">descargar la <strong>convocatoria en espa\u00f1ol<\/strong><\/a><\/p>\n<p><a href=\"https:\/\/iicbarcellona.esteri.it\/wp-content\/uploads\/2026\/02\/2026-modulo-di-domanda-IT-EN-ESP_RICHIEDENTE-1.docx\">descargar el modelo de solicitud\u00a0<\/a><\/p>\n<p>&nbsp;<\/p>\n<p>M\u00e1s informaci\u00f3n:<\/p>\n<p><a href=\"http:\/\/www.esteri.it\/\">www.esteri.it<\/a><\/p>\n<p><strong>PLAZO M\u00c1XIMO PARA EL ENV\u00cdO DE LAS SOLICITUDES: 31 DE MARZO DE 2026<\/strong><\/p>\n<p><strong>Mail de contacto d\u00f3nde enviar la documentaci\u00f3n: <a href=\"mailto:davide.scoglio@esteri.it\">davide.scoglio@esteri.it<\/a> <\/strong><\/p>\n<p><strong>Se ruega consultar la convocatoria para los plazos y la documentaci\u00f3n requerida.<\/strong><\/p>\n<\/div>\n<hr \/>\n<p data-start=\"1895\" data-end=\"1962\">Primera publicaci\u00f3n: 1\/12\/2018 | \u00daltima actualizaci\u00f3n: 25\/02\/2026<\/p>\n<hr data-start=\"1964\" data-end=\"1967\" \/>\n<p data-start=\"3743\" data-end=\"3810\">\n<\/div>\n","protected":false},"excerpt":{"rendered":"CONVOCATORIA 2026 El Ministerio de Asuntos Exteriores y de Cooperaci\u00f3n Internacional\u00a0promueve la difusi\u00f3n de obras editoriales y cinematogr\u00e1ficas italianas en el extranjero mediante la concesi\u00f3n de incentivos a la traducci\u00f3n y al doblaje\/subtitulado, que representan un instrumento estrat\u00e9gico para la promoci\u00f3n de la lengua y la cultura italiana en el extranjero. El Ministerio de Asuntos [&hellip;]","protected":false},"author":1,"featured_media":5556,"parent":89,"menu_order":12,"comment_status":"closed","ping_status":"closed","template":"","meta":{"footnotes":""},"class_list":["post-105","page","type-page","status-publish","has-post-thumbnail","hentry"],"_links":{"self":[{"href":"https:\/\/iicbarcellona.esteri.it\/es\/wp-json\/wp\/v2\/pages\/105","targetHints":{"allow":["GET"]}}],"collection":[{"href":"https:\/\/iicbarcellona.esteri.it\/es\/wp-json\/wp\/v2\/pages"}],"about":[{"href":"https:\/\/iicbarcellona.esteri.it\/es\/wp-json\/wp\/v2\/types\/page"}],"author":[{"embeddable":true,"href":"https:\/\/iicbarcellona.esteri.it\/es\/wp-json\/wp\/v2\/users\/1"}],"replies":[{"embeddable":true,"href":"https:\/\/iicbarcellona.esteri.it\/es\/wp-json\/wp\/v2\/comments?post=105"}],"version-history":[{"count":6,"href":"https:\/\/iicbarcellona.esteri.it\/es\/wp-json\/wp\/v2\/pages\/105\/revisions"}],"predecessor-version":[{"id":14644,"href":"https:\/\/iicbarcellona.esteri.it\/es\/wp-json\/wp\/v2\/pages\/105\/revisions\/14644"}],"up":[{"embeddable":true,"href":"https:\/\/iicbarcellona.esteri.it\/es\/wp-json\/wp\/v2\/pages\/89"}],"wp:featuredmedia":[{"embeddable":true,"href":"https:\/\/iicbarcellona.esteri.it\/es\/wp-json\/wp\/v2\/media\/5556"}],"wp:attachment":[{"href":"https:\/\/iicbarcellona.esteri.it\/es\/wp-json\/wp\/v2\/media?parent=105"}],"curies":[{"name":"wp","href":"https:\/\/api.w.org\/{rel}","templated":true}]}}