{"id":103,"date":"2023-04-03T20:56:47","date_gmt":"2023-04-03T17:56:47","guid":{"rendered":"https:\/\/iicbarcellona.esteri.it\/lingua-e-cultura\/biblioteca\/"},"modified":"2026-02-19T14:20:49","modified_gmt":"2026-02-19T11:20:49","slug":"biblioteca","status":"publish","type":"page","link":"https:\/\/iicbarcellona.esteri.it\/es\/lingua-e-cultura\/biblioteca\/","title":{"rendered":"Biblioteca"},"content":{"rendered":"<p><span style=\"color: #ff0000;\"><strong>A causa di lavori in corso, l\u2019accesso alla biblioteca e i servizi di prestito e consultazione sono temporaneamente sospesi sino a nuova comunicazione.<\/strong><\/span><\/p>\n<p><span style=\"color: #ff0000;\"><strong>Proseguono regolarmente i servizi digitali della piattaforma MLOL.<\/strong><\/span><\/p>\n<p><span style=\"color: #ff0000;\"><strong>Vi ringraziamo per la comprensione.<\/strong><\/span><\/p>\n<hr \/>\n<p><span lang=\"ES\"><strong>Biblioteca y Mediateca<\/strong><\/span><\/p>\n<hr \/>\n<p>La <em><strong>Biblioteca del IIC<\/strong><\/em> posee unos 19000 vol\u00famenes, principalmente en italiano, y la mediateca m\u00e1s de 300 DVD, pel\u00edculas y documentales.<br \/>\nLa consulta es gratuita en los horarios indicados:<br \/>\nLunes y mi\u00e9rcoles de 11.00 a 13.00<br \/>\nMartes y jueves de 14.00 a 16.00<\/p>\n<p><img loading=\"lazy\" decoding=\"async\" class=\" wp-image-7532 img-fluid alignnone\" src=\"https:\/\/iicbarcellona.esteri.it\/wp-content\/uploads\/2024\/09\/edi.png\" alt=\"\" width=\"301\" height=\"301\" srcset=\"https:\/\/iicbarcellona.esteri.it\/wp-content\/uploads\/2024\/09\/edi.png 1080w, https:\/\/iicbarcellona.esteri.it\/wp-content\/uploads\/2024\/09\/edi-300x300.png 300w, https:\/\/iicbarcellona.esteri.it\/wp-content\/uploads\/2024\/09\/edi-1024x1024.png 1024w, https:\/\/iicbarcellona.esteri.it\/wp-content\/uploads\/2024\/09\/edi-150x150.png 150w, https:\/\/iicbarcellona.esteri.it\/wp-content\/uploads\/2024\/09\/edi-768x768.png 768w\" sizes=\"auto, (max-width: 301px) 100vw, 301px\" \/><\/p>\n<p>El pr\u00e9stamo de libros, pel\u00edculas y documentales y el acceso a la <strong><em>Biblioteca Digital MLOL<\/em><\/strong> (<a href=\"https:\/\/www.medialibrary.it\">https:\/\/www.medialibrary.it<\/a>) est\u00e1n reservados:<br \/>\n\u2022 a los estudiantes matriculados en los cursos del Instituto, sujetos al pago de una cuota de inscripci\u00f3n anual reducida de 20 EUR<br \/>\n\u2022 al resto de interesados, previo pago de una cuota de inscripci\u00f3n anual de 40 EUR.<\/p>\n<p>El pago solo se puede realizar mediante transferencia bancaria<br \/>\n<strong>IBAN: ES72 0049 4707 5323 1606 5554<\/strong><br \/>\nInstituto Italiano de Cultura<br \/>\nBanco Santander \u2014 c\/Pau Claris, 157-08037 Barcelona<br \/>\n<strong>Concepto: Cuota Socio IIC \u2013 (indicar nombre y apellidos)<\/strong><\/p>\n<p>La inscripci\u00f3n se formalizar\u00e1 enviando los siguientes datos por correo electr\u00f3nico a la direcci\u00f3n: <a href=\"mailto:biblioteca.iicbarcellona@esteri.it\">biblioteca.iicbarcellona@esteri.it<\/a><br \/>\nnombre y apellidos<br \/>\ne-mail y tel\u00e9fono<br \/>\ncopia del recibo de la transferencia bancaria<br \/>\nuna foto tama\u00f1o carnet<\/p>\n<p>&nbsp;<\/p>\n<hr \/>\n<p><strong>Reglamento<\/strong><\/p>\n<p>No ser\u00e1n prestados m\u00e1s de dos libros a la vez, por un m\u00e1ximo de 30 d\u00edas. Es posible ampliar el plazo de entrega por otros 15 d\u00edas, siempre que los libros no hayan sido solicitados por otros lectores.<\/p>\n<p>Se excluyen del pr\u00e9stamo obras de consulta, diccionarios, manuales did\u00e1cticos, enciclopedias, obras publicadas antes de 1950 y obras de especial valor.<\/p>\n<p>De los pr\u00e9stamos quedar\u00e1n excluidos aquellos que no respeten los vencimientos del plazo de restituci\u00f3n. Se aconseja a los lectores que traten los libros prestados con el m\u00e1ximo cuidado y se les pedir\u00e1 que paguen la cantidad en caso de p\u00e9rdida o deterioro de los mismos.<\/p>\n<p>N.B. El pr\u00e9stamo tambi\u00e9n se puede solicitar por correo electr\u00f3nico a: <a href=\"mailto:biblioteca.iicbarcellona@esteri.it\">biblioteca.iicbarcellona@esteri.it<\/a><\/p>\n<p>En el objeto debe especificar: PR\u00c9STAMO DE LIBROS<\/p>\n<p>Para consultar el Fondo de la Biblioteca: <a href=\"https:\/\/clmr.infoteca.it\/bw5ne2\/Opac.aspx?WEB=ICBL&amp;SRC=SSMP\">OPAC \u2014 Instituto Italiano de Cultura de Barcelona (infoteca.it)<\/a><\/p>\n<hr \/>\n<p>Prima pubblicazione: 1\/12\/2005 | Ultimo aggiornamento: 19\/02\/2026<\/p>\n","protected":false},"excerpt":{"rendered":"A causa di lavori in corso, l\u2019accesso alla biblioteca e i servizi di prestito e consultazione sono temporaneamente sospesi sino a nuova comunicazione. Proseguono regolarmente i servizi digitali della piattaforma MLOL. Vi ringraziamo per la comprensione. Biblioteca y Mediateca La Biblioteca del IIC posee unos 19000 vol\u00famenes, principalmente en italiano, y la mediateca m\u00e1s de [&hellip;]","protected":false},"author":1,"featured_media":0,"parent":89,"menu_order":10,"comment_status":"closed","ping_status":"closed","template":"","meta":{"footnotes":""},"class_list":["post-103","page","type-page","status-publish","hentry"],"_links":{"self":[{"href":"https:\/\/iicbarcellona.esteri.it\/es\/wp-json\/wp\/v2\/pages\/103","targetHints":{"allow":["GET"]}}],"collection":[{"href":"https:\/\/iicbarcellona.esteri.it\/es\/wp-json\/wp\/v2\/pages"}],"about":[{"href":"https:\/\/iicbarcellona.esteri.it\/es\/wp-json\/wp\/v2\/types\/page"}],"author":[{"embeddable":true,"href":"https:\/\/iicbarcellona.esteri.it\/es\/wp-json\/wp\/v2\/users\/1"}],"replies":[{"embeddable":true,"href":"https:\/\/iicbarcellona.esteri.it\/es\/wp-json\/wp\/v2\/comments?post=103"}],"version-history":[{"count":6,"href":"https:\/\/iicbarcellona.esteri.it\/es\/wp-json\/wp\/v2\/pages\/103\/revisions"}],"predecessor-version":[{"id":14428,"href":"https:\/\/iicbarcellona.esteri.it\/es\/wp-json\/wp\/v2\/pages\/103\/revisions\/14428"}],"up":[{"embeddable":true,"href":"https:\/\/iicbarcellona.esteri.it\/es\/wp-json\/wp\/v2\/pages\/89"}],"wp:attachment":[{"href":"https:\/\/iicbarcellona.esteri.it\/es\/wp-json\/wp\/v2\/media?parent=103"}],"curies":[{"name":"wp","href":"https:\/\/api.w.org\/{rel}","templated":true}]}}