{"id":101,"date":"2023-04-03T20:52:42","date_gmt":"2023-04-03T17:52:42","guid":{"rendered":"https:\/\/iicbarcellona.esteri.it\/gli_eventi\/calendario\/"},"modified":"2024-10-25T17:34:56","modified_gmt":"2024-10-25T14:34:56","slug":"calendario","status":"publish","type":"page","link":"https:\/\/iicbarcellona.esteri.it\/es\/gli_eventi\/calendario\/","title":{"rendered":"Eventos programados"},"content":{"rendered":"        <div class=\"row\">\n\t\t\t<!-- Ricerca sedi post -->\n\t\t\t<div class=\"col-12 mt-4\">\n\t\t\t  <div class=\"callout callout-highlight note ricerca-esteri p-4\">\n                    <div class=\"callout-title\">\n                        <svg class=\"icon\">\n                            <use xlink:href=\"https:\/\/iicbarcellona.esteri.it\/wp-content\/themes\/sedi-tema\/assets\/svg\/sprites.svg#it-search\"><\/use>\n                        <\/svg>Introduzca sus par\u00e1metros de b\u00fasqueda                    <\/div>\n                    <form id=\"searchFormPost\" name=\"form-search-post\" class=\"form-row align-items-center\" action=\"https:\/\/iicbarcellona.esteri.it\/es\/wp-json\/wp\/v2\/pages\/101\/\" method=\"GET\"> \n                        <!-- <div class=\"form-group pt-5\"> -->\n                            <!-- <input type=\"hidden\" id=\"lang\" name=\"lang\" value=\"\"> --> <!-- <\/div> -->\n\n                        <div class=\"it-datepicker-wrapper\">\n                            <div class=\"row\">\n                                <div class=\"form-group col-md-6\">\n                                    <label class=\"active\" for=\"date-init\">Desde el<\/label>\n                                    <input class=\"form-control\" name=\"date-init\" id=\"date-init\" type=\"date\" placeholder=\"gg\/mm\/aaaa\" value=\"\"lang=\"en-EN\">  \n                                <\/div>\n                                <div class=\"form-group col-md-6\">\n                                    <label class=\"active\" for=\"date-end\">Hasta el<\/label>\n                                    <input class=\"form-control\" name=\"date-end\" id=\"date-end\" type=\"date\" placeholder=\"gg\/mm\/aaaa\" value=\"\">\n                                <\/div>\n                            <\/div>\n                        <\/div>\n                        <div class=\"form-group col-md-12 mt-3\">\n                            <label for=\"searchText\">Campo de b\u00fasqueda libre<\/label>\n                            <input type=\"text\" name=\"searchText\" class=\"form-control\" id=\"searchText\" value=\"\">\n                        <\/div>\n                        <div class=\"form-group col-md-4 offset-md-8 text-end\">\n                            <a href=\"https:\/\/iicbarcellona.esteri.it\/es\/gli_eventi\/calendario\/\" title=\"Form reset\" id=\"resetImput\" class=\"btn btn-outline-primary btn-xs\">Reset<\/a>\n                            <button type=\"submit\" class=\"btn btn-primary btn-xs\">Mostrar resultados<\/button>\n                        <\/div>\n                    <\/form>\n\t\t\t\t<\/div>\n\t\t\t<\/div>\n\t\t<\/div>\n                    \n            <div class=\"row\">\n                            <div class=\"col-12 mt-3\">\n                <!--start card-->\n                <div class=\"card-wrapper card-space\">\n                    <div class=\"card card-bg card-big border-bottom-card\">\n                        <div class=\"card-body row\">\n                                                    <div class=\"col-sm-3\">\n                                <div class=\"img-responsive\">\n                                    <figure class=\"img-wrapper\">\n                                        <a href=\"https:\/\/iicbarcellona.esteri.it\/es\/gli_eventi\/calendario\/aperitivi-di-architettura-italia-e-catalogna-a-confronto\/\" title=\"Leer el art\u00edculo: APERITIVI DI ARCHITETTURA: ITALIA E CATALOGNA A CONFRONTO\">\n                                                                                            <img loading=\"lazy\" decoding=\"async\" width=\"300\" height=\"169\" src=\"https:\/\/iicbarcellona.esteri.it\/wp-content\/uploads\/2026\/02\/IIC-Aperitivi-Ap1-def-orizzontale-per-davide-300x169.png\" srcset=\"https:\/\/iicbarcellona.esteri.it\/wp-content\/uploads\/2026\/02\/IIC-Aperitivi-Ap1-def-orizzontale-per-davide.png 1920w, https:\/\/iicbarcellona.esteri.it\/wp-content\/uploads\/2026\/02\/IIC-Aperitivi-Ap1-def-orizzontale-per-davide-300x169.png 300w, https:\/\/iicbarcellona.esteri.it\/wp-content\/uploads\/2026\/02\/IIC-Aperitivi-Ap1-def-orizzontale-per-davide-1024x576.png 1024w, https:\/\/iicbarcellona.esteri.it\/wp-content\/uploads\/2026\/02\/IIC-Aperitivi-Ap1-def-orizzontale-per-davide-768x432.png 768w\" sizes=\"auto, (max-width: 1920px) 100vw, 1920px\"  title=\"IIC-Aperitivi-Ap1 def orizzontale per davide\" alt=\"\" class=\"img-fluid\">\n                                                                                    <\/a>\n                                    <\/figure>\n                                <\/div>\n                            <\/div>\n                            <div class=\"col-sm-9\">\n                                                            <div class=\"category-top\">\n                                    <span class=\"fw-bold text-success\">En curso<\/span>                                                                        <span class=\"data\">\n                                        <svg class=\"icon icon-secondary\">\n                                            <use xlink:href=\"https:\/\/iicbarcellona.esteri.it\/wp-content\/themes\/sedi-tema\/assets\/svg\/sprites.svg#it-calendar\"><\/use>\n                                        <\/svg> Mar Mar 10 2026<svg class=\"icon icon-xs icon-secondary me-1 ms-1\"><use href=\"https:\/\/iicbarcellona.esteri.it\/wp-content\/themes\/sedi-tema\/assets\/svg\/sprites.svg#it-arrow-right\"><\/use><\/svg>Mi\u00e9 Jun 10 2026                                    <\/span>\n                                                                    <\/div>\n                            <h5 class=\"card-title big-heading text-uppercase\"><a class=\"text-body text-decoration-none\" href=\"https:\/\/iicbarcellona.esteri.it\/es\/gli_eventi\/calendario\/aperitivi-di-architettura-italia-e-catalogna-a-confronto\/\" title=\"APERITIVI DI ARCHITETTURA: ITALIA E CATALOGNA A CONFRONTO\">APERITIVI DI ARCHITETTURA: ITALIA E CATALOGNA A CONFRONTO<\/a><\/h5>\n                            <p class=\"card-text\">En el marco del programa de eventos Barcelona 2026 Capital Mundial de la Arquitectura, el Consulado General de Italia y el Instituto Italiano de Cultura de Barcelona, en colaboraci\u00f3n con la Fundaci\u00f3 Mies van der Rohe y con el apoyo de la Direcci\u00f3n General de Creatividad Contempor\u00e1nea del Ministerio de Cultura, proponen un proyecto especial [&hellip;]<\/p>\n                                <a title=\"APERITIVI DI ARCHITETTURA: ITALIA E CATALOGNA A CONFRONTO\" class=\"read-more\" href=\"https:\/\/iicbarcellona.esteri.it\/es\/gli_eventi\/calendario\/aperitivi-di-architettura-italia-e-catalogna-a-confronto\/\">\n                                    <span class=\"text\">Lee mas<\/span>\n                                    <svg class=\"icon\">\n                                    <use xlink:href=\"https:\/\/iicbarcellona.esteri.it\/wp-content\/themes\/sedi-tema\/assets\/svg\/sprites.svg#it-arrow-right\"><\/use>\n                                    <\/svg>\n                                <\/a>\n                                                        <\/div>\n                                                    <\/div>\n                    <\/div>\n                <\/div>\n                <!--end card-->\n                <\/div><!-- col-12 .mt-3-->\n                            <div class=\"col-12 mt-3\">\n                <!--start card-->\n                <div class=\"card-wrapper card-space\">\n                    <div class=\"card card-bg card-big border-bottom-card\">\n                        <div class=\"card-body row\">\n                                                    <div class=\"col-sm-3\">\n                                <div class=\"img-responsive\">\n                                    <figure class=\"img-wrapper\">\n                                        <a href=\"https:\/\/iicbarcellona.esteri.it\/es\/gli_eventi\/calendario\/xvii-festival-del-libro-dartista-e-della-piccola-edizione-2026\/\" title=\"Leer el art\u00edculo: XVII Festival del libro d\u2019artista e della piccola edizione 2026\">\n                                                                                            <img loading=\"lazy\" decoding=\"async\" width=\"244\" height=\"300\" src=\"https:\/\/iicbarcellona.esteri.it\/wp-content\/uploads\/2026\/04\/circular-books-244x300.jpg\" srcset=\"https:\/\/iicbarcellona.esteri.it\/wp-content\/uploads\/2026\/04\/circular-books.jpg 1402w, https:\/\/iicbarcellona.esteri.it\/wp-content\/uploads\/2026\/04\/circular-books-244x300.jpg 244w, https:\/\/iicbarcellona.esteri.it\/wp-content\/uploads\/2026\/04\/circular-books-833x1024.jpg 833w, https:\/\/iicbarcellona.esteri.it\/wp-content\/uploads\/2026\/04\/circular-books-768x944.jpg 768w\" sizes=\"auto, (max-width: 1402px) 100vw, 1402px\"  title=\"circular books\" alt=\"\" class=\"img-fluid\">\n                                                                                    <\/a>\n                                    <\/figure>\n                                <\/div>\n                            <\/div>\n                            <div class=\"col-sm-9\">\n                                                            <div class=\"category-top\">\n                                    <span class=\"fw-bold text-success\">En curso<\/span>                                                                        <span class=\"data\">\n                                        <svg class=\"icon icon-secondary\">\n                                            <use xlink:href=\"https:\/\/iicbarcellona.esteri.it\/wp-content\/themes\/sedi-tema\/assets\/svg\/sprites.svg#it-calendar\"><\/use>\n                                        <\/svg> Jue Abr 23 2026                                    <\/span>\n                                                                    <\/div>\n                            <h5 class=\"card-title big-heading text-uppercase\"><a class=\"text-body text-decoration-none\" href=\"https:\/\/iicbarcellona.esteri.it\/es\/gli_eventi\/calendario\/xvii-festival-del-libro-dartista-e-della-piccola-edizione-2026\/\" title=\"XVII Festival del libro d\u2019artista e della piccola edizione 2026\">XVII Festival del libro d\u2019artista e della piccola edizione 2026<\/a><\/h5>\n                            <p class=\"card-text\">Con motivo del D\u00eda Mundial del Libro de la UNESCO y de Sant Jordi, vuelve el Festival del Libro de Artista y de la Peque\u00f1a Edici\u00f3n, promovido por Elisa Pellacani y la Associaci\u00f3 ILDE en colaboraci\u00f3n con el Centre C\u00edvic Pati Llimona. En su XVII edici\u00f3n, el Festival propone este a\u00f1o un enfoque en los [&hellip;]<\/p>\n                                <a title=\"XVII Festival del libro d\u2019artista e della piccola edizione 2026\" class=\"read-more\" href=\"https:\/\/iicbarcellona.esteri.it\/es\/gli_eventi\/calendario\/xvii-festival-del-libro-dartista-e-della-piccola-edizione-2026\/\">\n                                    <span class=\"text\">Lee mas<\/span>\n                                    <svg class=\"icon\">\n                                    <use xlink:href=\"https:\/\/iicbarcellona.esteri.it\/wp-content\/themes\/sedi-tema\/assets\/svg\/sprites.svg#it-arrow-right\"><\/use>\n                                    <\/svg>\n                                <\/a>\n                                                        <\/div>\n                                                    <\/div>\n                    <\/div>\n                <\/div>\n                <!--end card-->\n                <\/div><!-- col-12 .mt-3-->\n                            <div class=\"col-12 mt-3\">\n                <!--start card-->\n                <div class=\"card-wrapper card-space\">\n                    <div class=\"card card-bg card-big border-bottom-card\">\n                        <div class=\"card-body row\">\n                                                    <div class=\"col-sm-3\">\n                                <div class=\"img-responsive\">\n                                    <figure class=\"img-wrapper\">\n                                        <a href=\"https:\/\/iicbarcellona.esteri.it\/es\/gli_eventi\/calendario\/firarrels\/\" title=\"Leer el art\u00edculo: Firarrels\">\n                                                                                            <img loading=\"lazy\" decoding=\"async\" width=\"300\" height=\"282\" src=\"https:\/\/iicbarcellona.esteri.it\/wp-content\/uploads\/2026\/04\/triptic-firarrels-2026_oficial_2_compressed-2_page-0001-1-300x282.jpg\" srcset=\"https:\/\/iicbarcellona.esteri.it\/wp-content\/uploads\/2026\/04\/triptic-firarrels-2026_oficial_2_compressed-2_page-0001-1.jpg 592w, https:\/\/iicbarcellona.esteri.it\/wp-content\/uploads\/2026\/04\/triptic-firarrels-2026_oficial_2_compressed-2_page-0001-1-300x282.jpg 300w\" sizes=\"auto, (max-width: 592px) 100vw, 592px\"  title=\"triptic firarrels 2026_oficial_2_compressed (2)_page-0001 (1)\" alt=\"\" class=\"img-fluid\">\n                                                                                    <\/a>\n                                    <\/figure>\n                                <\/div>\n                            <\/div>\n                            <div class=\"col-sm-9\">\n                                                            <div class=\"category-top\">\n                                    <span class=\"fw-bold \"><\/span>                                                                        <span class=\"\">\n                                        <svg class=\"icon icon-secondary\">\n                                            <use xlink:href=\"https:\/\/iicbarcellona.esteri.it\/wp-content\/themes\/sedi-tema\/assets\/svg\/sprites.svg#it-calendar\"><\/use>\n                                        <\/svg> Vie Abr 24 2026<svg class=\"icon icon-xs icon-secondary me-1 ms-1\"><use href=\"https:\/\/iicbarcellona.esteri.it\/wp-content\/themes\/sedi-tema\/assets\/svg\/sprites.svg#it-arrow-right\"><\/use><\/svg>Dom Abr 26 2026                                    <\/span>\n                                                                    <\/div>\n                            <h5 class=\"card-title big-heading text-uppercase\"><a class=\"text-body text-decoration-none\" href=\"https:\/\/iicbarcellona.esteri.it\/es\/gli_eventi\/calendario\/firarrels\/\" title=\"Firarrels\">Firarrels<\/a><\/h5>\n                            <p class=\"card-text\">Del 24 al 26 de abril de 2026, el municipio de Tivenys acoge el festival cultural y enogastron\u00f3mico FirArrels Tivenys \u2013 Italia 2026: el festival es una cita cultural y enogastron\u00f3mica anual que, en esta edici\u00f3n, est\u00e1 dedicada a la valorizaci\u00f3n de la cultura italiana a trav\u00e9s de tradiciones, m\u00fasica, gastronom\u00eda y espect\u00e1culo. La programaci\u00f3n [&hellip;]<\/p>\n                                <a title=\"Firarrels\" class=\"read-more\" href=\"https:\/\/iicbarcellona.esteri.it\/es\/gli_eventi\/calendario\/firarrels\/\">\n                                    <span class=\"text\">Lee mas<\/span>\n                                    <svg class=\"icon\">\n                                    <use xlink:href=\"https:\/\/iicbarcellona.esteri.it\/wp-content\/themes\/sedi-tema\/assets\/svg\/sprites.svg#it-arrow-right\"><\/use>\n                                    <\/svg>\n                                <\/a>\n                                                        <\/div>\n                                                    <\/div>\n                    <\/div>\n                <\/div>\n                <!--end card-->\n                <\/div><!-- col-12 .mt-3-->\n                            <div class=\"col-12 mt-3\">\n                <!--start card-->\n                <div class=\"card-wrapper card-space\">\n                    <div class=\"card card-bg card-big border-bottom-card\">\n                        <div class=\"card-body row\">\n                                                    <div class=\"col-sm-3\">\n                                <div class=\"img-responsive\">\n                                    <figure class=\"img-wrapper\">\n                                        <a href=\"https:\/\/iicbarcellona.esteri.it\/es\/gli_eventi\/calendario\/caffe-letterario-alcide-pierantozzi\/\" title=\"Leer el art\u00edculo: Caff\u00e9 letterario |\u00a0Alcide Pierantozzi\">\n                                                                                            <img loading=\"lazy\" decoding=\"async\" width=\"240\" height=\"300\" src=\"https:\/\/iicbarcellona.esteri.it\/wp-content\/uploads\/2026\/03\/Club-di-lettura-240x300.png\" srcset=\"https:\/\/iicbarcellona.esteri.it\/wp-content\/uploads\/2026\/03\/Club-di-lettura.png 1080w, https:\/\/iicbarcellona.esteri.it\/wp-content\/uploads\/2026\/03\/Club-di-lettura-240x300.png 240w, https:\/\/iicbarcellona.esteri.it\/wp-content\/uploads\/2026\/03\/Club-di-lettura-819x1024.png 819w, https:\/\/iicbarcellona.esteri.it\/wp-content\/uploads\/2026\/03\/Club-di-lettura-768x960.png 768w\" sizes=\"auto, (max-width: 1080px) 100vw, 1080px\"  title=\"Club di lettura\" alt=\"\" class=\"img-fluid\">\n                                                                                    <\/a>\n                                    <\/figure>\n                                <\/div>\n                            <\/div>\n                            <div class=\"col-sm-9\">\n                                                            <div class=\"category-top\">\n                                    <span class=\"fw-bold \"><\/span>                                                                        <span class=\"\">\n                                        <svg class=\"icon icon-secondary\">\n                                            <use xlink:href=\"https:\/\/iicbarcellona.esteri.it\/wp-content\/themes\/sedi-tema\/assets\/svg\/sprites.svg#it-calendar\"><\/use>\n                                        <\/svg> Mi\u00e9 Abr 29 2026                                    <\/span>\n                                                                    <\/div>\n                            <h5 class=\"card-title big-heading text-uppercase\"><a class=\"text-body text-decoration-none\" href=\"https:\/\/iicbarcellona.esteri.it\/es\/gli_eventi\/calendario\/caffe-letterario-alcide-pierantozzi\/\" title=\"Caff\u00e9 letterario |\u00a0Alcide Pierantozzi\">Caff\u00e9 letterario |\u00a0Alcide Pierantozzi<\/a><\/h5>\n                            <p class=\"card-text\">Vuelve nuestra cita con el aperitivo literario, el club de lectura del IIC, que en esta ocasi\u00f3n propone la lectura de la novela Lo sbilico de Alcide Pierantozzi. Alcide tiene cuarenta a\u00f1os, a veces todav\u00eda duerme con su madre, toma siete pastillas al d\u00eda (cinco por la ma\u00f1ana y dos despu\u00e9s de cenar), y es [&hellip;]<\/p>\n                                <a title=\"Caff\u00e9 letterario |\u00a0Alcide Pierantozzi\" class=\"read-more\" href=\"https:\/\/iicbarcellona.esteri.it\/es\/gli_eventi\/calendario\/caffe-letterario-alcide-pierantozzi\/\">\n                                    <span class=\"text\">Lee mas<\/span>\n                                    <svg class=\"icon\">\n                                    <use xlink:href=\"https:\/\/iicbarcellona.esteri.it\/wp-content\/themes\/sedi-tema\/assets\/svg\/sprites.svg#it-arrow-right\"><\/use>\n                                    <\/svg>\n                                <\/a>\n                                                        <\/div>\n                                                    <\/div>\n                    <\/div>\n                <\/div>\n                <!--end card-->\n                <\/div><!-- col-12 .mt-3-->\n                            <div class=\"col-12 mt-3\">\n                <!--start card-->\n                <div class=\"card-wrapper card-space\">\n                    <div class=\"card card-bg card-big border-bottom-card\">\n                        <div class=\"card-body row\">\n                                                    <div class=\"col-sm-3\">\n                                <div class=\"img-responsive\">\n                                    <figure class=\"img-wrapper\">\n                                        <a href=\"https:\/\/iicbarcellona.esteri.it\/es\/gli_eventi\/calendario\/fem-jazz-2026\/\" title=\"Leer el art\u00edculo: FEM JAZZ 2026\">\n                                                                                        <picture>\n                                                <source type=\"image\/webp\" srcset=\"https:\/\/iicbarcellona.esteri.it\/wp-content\/themes\/sedi-tema\/assets\/img\/img-default.webp\">\n                                                <source type=\"image\/jpg\" srcset=\"https:\/\/iicbarcellona.esteri.it\/wp-content\/themes\/sedi-tema\/assets\/img\/img-default.jpg\">\n                                                <img loading=\"lazy\" decoding=\"async\" class=\"img-fluid\" width=\"179\" height=\"125\" src=\"https:\/\/iicbarcellona.esteri.it\/wp-content\/themes\/sedi-tema\/assets\/img\/img-default.jpg\" alt=\"FEM JAZZ 2026\" title=\"FEM JAZZ 2026\">\n                                            <\/picture>\n                                                                                    <\/a>\n                                    <\/figure>\n                                <\/div>\n                            <\/div>\n                            <div class=\"col-sm-9\">\n                                                            <div class=\"category-top\">\n                                    <span class=\"fw-bold \"><\/span>                                                                        <span class=\"\">\n                                        <svg class=\"icon icon-secondary\">\n                                            <use xlink:href=\"https:\/\/iicbarcellona.esteri.it\/wp-content\/themes\/sedi-tema\/assets\/svg\/sprites.svg#it-calendar\"><\/use>\n                                        <\/svg> S\u00e1b May 09 2026                                    <\/span>\n                                                                    <\/div>\n                            <h5 class=\"card-title big-heading text-uppercase\"><a class=\"text-body text-decoration-none\" href=\"https:\/\/iicbarcellona.esteri.it\/es\/gli_eventi\/calendario\/fem-jazz-2026\/\" title=\"FEM JAZZ 2026\">FEM JAZZ 2026<\/a><\/h5>\n                            <p class=\"card-text\">In occasione della Giornata dell\u2019Europa, torna l\u2019appuntamento con il jazz al femminile promosso dal cluster EUNIC Barcelona insieme all\u2019Escola Superior de M\u00fasica de Catalunya, con il sostegno della Commissione Europea a Barcellona, della Diputaci\u00f3 e del Comune: sabato 9 maggio alle ore 19, nella suggestiva Pla\u00e7a del Rei, si esibir\u00e0 un ensemble di eccellenti musiciste [&hellip;]<\/p>\n                                <a title=\"FEM JAZZ 2026\" class=\"read-more\" href=\"https:\/\/iicbarcellona.esteri.it\/es\/gli_eventi\/calendario\/fem-jazz-2026\/\">\n                                    <span class=\"text\">Lee mas<\/span>\n                                    <svg class=\"icon\">\n                                    <use xlink:href=\"https:\/\/iicbarcellona.esteri.it\/wp-content\/themes\/sedi-tema\/assets\/svg\/sprites.svg#it-arrow-right\"><\/use>\n                                    <\/svg>\n                                <\/a>\n                                                        <\/div>\n                                                    <\/div>\n                    <\/div>\n                <\/div>\n                <!--end card-->\n                <\/div><!-- col-12 .mt-3-->\n            \n            <div class=\"col-md-12 mt-4 pb-4\">\n                <nav class=\"navigation col-md-12\" aria-label=\"Navigation\">\n                    <h2 class=\"screen-reader-text visually-hidden\">Paginaci\u00f3n<\/h2>\n                    <div class=\"nav-links\">\n                                        <\/div>\n                <\/nav>\n            <\/div>   <!--.col-md-12 -->\n              <\/div><!--.row -->\n              \n","protected":false},"excerpt":{"rendered":"","protected":false},"author":1,"featured_media":0,"parent":99,"menu_order":0,"comment_status":"closed","ping_status":"closed","template":"","meta":{"footnotes":""},"class_list":["post-101","page","type-page","status-publish","hentry"],"_links":{"self":[{"href":"https:\/\/iicbarcellona.esteri.it\/es\/wp-json\/wp\/v2\/pages\/101","targetHints":{"allow":["GET"]}}],"collection":[{"href":"https:\/\/iicbarcellona.esteri.it\/es\/wp-json\/wp\/v2\/pages"}],"about":[{"href":"https:\/\/iicbarcellona.esteri.it\/es\/wp-json\/wp\/v2\/types\/page"}],"author":[{"embeddable":true,"href":"https:\/\/iicbarcellona.esteri.it\/es\/wp-json\/wp\/v2\/users\/1"}],"replies":[{"embeddable":true,"href":"https:\/\/iicbarcellona.esteri.it\/es\/wp-json\/wp\/v2\/comments?post=101"}],"version-history":[{"count":2,"href":"https:\/\/iicbarcellona.esteri.it\/es\/wp-json\/wp\/v2\/pages\/101\/revisions"}],"predecessor-version":[{"id":8346,"href":"https:\/\/iicbarcellona.esteri.it\/es\/wp-json\/wp\/v2\/pages\/101\/revisions\/8346"}],"up":[{"embeddable":true,"href":"https:\/\/iicbarcellona.esteri.it\/es\/wp-json\/wp\/v2\/pages\/99"}],"wp:attachment":[{"href":"https:\/\/iicbarcellona.esteri.it\/es\/wp-json\/wp\/v2\/media?parent=101"}],"curies":[{"name":"wp","href":"https:\/\/api.w.org\/{rel}","templated":true}]}}