{"id":98,"date":"2023-04-03T20:31:30","date_gmt":"2023-04-03T17:31:30","guid":{"rendered":"https:\/\/iicbarcellona.esteri.it\/gli_eventi\/"},"modified":"2024-11-04T16:33:41","modified_gmt":"2024-11-04T13:33:41","slug":"gli_eventi","status":"publish","type":"page","link":"https:\/\/iicbarcellona.esteri.it\/ca\/gli_eventi\/","title":{"rendered":"Esdeveniments"},"content":{"rendered":"<p><em>L&#8217;informem que les imatges fotogr\u00e0fiques o v\u00eddeos que es puguin gravar durant els esdeveniments organitzats pel IIC Barcelona s&#8217;utilitzaran exclusivament amb finalitats de publicaci\u00f3 en els mitjans socials institucionals.<\/em><\/p>\n<p><em>El tractament d&#8217;aquestes dades es duu a terme per personal especialment designat i format pel IIC Barcelona.<\/em><\/p>\n<p><em>Cap dada \u00e9s mostrada o cedida a tercers. Si alg\u00fa t\u00e9 alguna objecci\u00f3 sobre aquest tema, preguem que ho comuniqui al personal de l&#8217;Institut present en l&#8217;acte.<\/em><\/p>\n","protected":false},"excerpt":{"rendered":"L&#8217;informem que les imatges fotogr\u00e0fiques o v\u00eddeos que es puguin gravar durant els esdeveniments organitzats pel IIC Barcelona s&#8217;utilitzaran exclusivament amb finalitats de publicaci\u00f3 en els mitjans socials institucionals. El tractament d&#8217;aquestes dades es duu a terme per personal especialment designat i format pel IIC Barcelona. Cap dada \u00e9s mostrada o cedida a tercers. Si [&hellip;]","protected":false},"author":1,"featured_media":0,"parent":0,"menu_order":6,"comment_status":"closed","ping_status":"closed","template":"","meta":{"footnotes":""},"class_list":["post-98","page","type-page","status-publish","hentry"],"_links":{"self":[{"href":"https:\/\/iicbarcellona.esteri.it\/ca\/wp-json\/wp\/v2\/pages\/98","targetHints":{"allow":["GET"]}}],"collection":[{"href":"https:\/\/iicbarcellona.esteri.it\/ca\/wp-json\/wp\/v2\/pages"}],"about":[{"href":"https:\/\/iicbarcellona.esteri.it\/ca\/wp-json\/wp\/v2\/types\/page"}],"author":[{"embeddable":true,"href":"https:\/\/iicbarcellona.esteri.it\/ca\/wp-json\/wp\/v2\/users\/1"}],"replies":[{"embeddable":true,"href":"https:\/\/iicbarcellona.esteri.it\/ca\/wp-json\/wp\/v2\/comments?post=98"}],"version-history":[{"count":3,"href":"https:\/\/iicbarcellona.esteri.it\/ca\/wp-json\/wp\/v2\/pages\/98\/revisions"}],"predecessor-version":[{"id":8499,"href":"https:\/\/iicbarcellona.esteri.it\/ca\/wp-json\/wp\/v2\/pages\/98\/revisions\/8499"}],"wp:attachment":[{"href":"https:\/\/iicbarcellona.esteri.it\/ca\/wp-json\/wp\/v2\/media?parent=98"}],"curies":[{"name":"wp","href":"https:\/\/api.w.org\/{rel}","templated":true}]}}