{"id":94,"date":"2023-04-03T20:56:11","date_gmt":"2023-04-03T17:56:11","guid":{"rendered":"https:\/\/iicbarcellona.esteri.it\/lingua-e-cultura\/certificazioni\/"},"modified":"2026-02-23T13:59:24","modified_gmt":"2026-02-23T10:59:24","slug":"certificazioni","status":"publish","type":"page","link":"https:\/\/iicbarcellona.esteri.it\/ca\/lingua-e-cultura\/certificazioni\/","title":{"rendered":"Certificazioni"},"content":{"rendered":"<h3>Certificacions Ling\u00fc\u00edstiques de la Llengua Italiana<\/h3>\n<h3>(Universit\u00e0 per Stranieri di Perugia)<\/h3>\n<p><a href=\"https:\/\/iicbarcellona.esteri.it\/wp-content\/uploads\/2024\/06\/INFO-CELI-2024-it2.pdf\"><img loading=\"lazy\" decoding=\"async\" class=\"aligncenter size-full wp-image-6620 img-fluid\" src=\"https:\/\/iicbarcellona.esteri.it\/wp-content\/uploads\/2024\/06\/CELI-BANNER-2024-a-1.jpg\" alt=\"\" width=\"1890\" height=\"378\" srcset=\"https:\/\/iicbarcellona.esteri.it\/wp-content\/uploads\/2024\/06\/CELI-BANNER-2024-a-1.jpg 1890w, https:\/\/iicbarcellona.esteri.it\/wp-content\/uploads\/2024\/06\/CELI-BANNER-2024-a-1-300x60.jpg 300w, https:\/\/iicbarcellona.esteri.it\/wp-content\/uploads\/2024\/06\/CELI-BANNER-2024-a-1-1024x205.jpg 1024w, https:\/\/iicbarcellona.esteri.it\/wp-content\/uploads\/2024\/06\/CELI-BANNER-2024-a-1-768x154.jpg 768w\" sizes=\"auto, (max-width: 1890px) 100vw, 1890px\" \/><\/a><\/p>\n<div>\n<p>&nbsp;<\/p>\n<p style=\"text-align: justify;\"><span style=\"text-decoration: underline; color: #ff0000;\"><strong><span lang=\"IT\">La Universitat per a Estrangers de Perugia, l\u2019ALTE i el Marc Com\u00fa Europeu de Referencia per a les Lleng\u00fces (MCER)\u00a0\u00a0<\/span><\/strong><\/span><span lang=\"IT\"><br \/>\n<\/span><\/p>\n<p style=\"text-align: justify;\">La Universitat per a Estrangers de Perugia expedeix certificats ling\u00fc\u00edstics des de 1987 i va ser la primera instituci\u00f3 italiana que va actuar en el sector de la certificaci\u00f3 del coneixement de l&#8217;itali\u00e0 com a segona llengua (L2).<\/p>\n<p>Per a informaci\u00f3 m\u00e9s detallada consultar els seg\u00fcents enlla\u00e7os : (<a href=\"https:\/\/cvcl.unistrapg.it\/pagine\/esami-celi-generici\"><strong>ENLLA\u00c7 1<\/strong><\/a>) , (<a href=\"https:\/\/www.unistrapg.it\/sites\/default\/files\/docs\/certificazioni\/regolamento-esami-celi-parte-pubblica.pdf\"><strong>ENLLA\u00c7 2<\/strong><\/a>)<\/p>\n<p style=\"font-weight: 400;\">Existeix un quadre d&#8217;autoavaluaci\u00f3, que pots consultar fent clic\u00a0<b><strong><a href=\"https:\/\/iicbarcellona.esteri.it\/wp-content\/uploads\/2024\/01\/Griglia-per-lautovalutazione-QCER.pdf\">aqu\u00ed<\/a><\/strong><\/b><\/p>\n<p>&nbsp;<\/p>\n<p><span style=\"color: #ff0000;\"><strong>CALENDARI EX\u00c1MENS CELI 2026<\/strong><\/span><br \/>\n<strong>09.05.2026 (adolescents (A2&gt;B2) , 09.06.2026 i 11.11.2026 (standard nivells B1&gt;C2)<\/strong><\/p>\n<p><strong>INSCRIPCIONS ONLINE (<a href=\"https:\/\/icbl.eduplanweb.it\/courses\/#\/certificazioni\"><span style=\"color: #ff0000;\">enlla\u00e7<\/span><\/a>)<\/strong><\/p>\n<p>Per motius aliens a l&#8217;Institut Cultural Itali\u00e0 de Barcelona, seu d&#8217;examen, les proves es poden desenvolupar en m\u00e9s d&#8217;un dia.<br \/>\nEls candidats inscrits per a cada sessi\u00f3 seran informats oportunament del calendari de la part escrita i dels horaris assignats individualment per la part oral.<\/p>\n<p><strong><a href=\"https:\/\/iicbarcellona.esteri.it\/wp-content\/uploads\/2026\/02\/INFO-CELI-2026-2-cat.pdf\">DESCARREGA <\/a>EL PROGRAMA INFORMATIU<\/strong><\/p>\n<p><strong><a href=\"https:\/\/iicbarcellona.esteri.it\/wp-content\/uploads\/2024\/09\/scheda_iscrizione_celi_def.pdf\">DESCARREGA <\/a>EL FORMULARI D&#8217;INSCRIPCI\u00d3 A L&#8217;EXAMEN CELI<\/strong><\/p>\n<\/div>\n","protected":false},"excerpt":{"rendered":"Certificacions Ling\u00fc\u00edstiques de la Llengua Italiana (Universit\u00e0 per Stranieri di Perugia) &nbsp; La Universitat per a Estrangers de Perugia, l\u2019ALTE i el Marc Com\u00fa Europeu de Referencia per a les Lleng\u00fces (MCER)\u00a0\u00a0 La Universitat per a Estrangers de Perugia expedeix certificats ling\u00fc\u00edstics des de 1987 i va ser la primera instituci\u00f3 italiana que va actuar [&hellip;]","protected":false},"author":1,"featured_media":0,"parent":88,"menu_order":4,"comment_status":"closed","ping_status":"closed","template":"","meta":{"footnotes":""},"class_list":["post-94","page","type-page","status-publish","hentry"],"_links":{"self":[{"href":"https:\/\/iicbarcellona.esteri.it\/ca\/wp-json\/wp\/v2\/pages\/94","targetHints":{"allow":["GET"]}}],"collection":[{"href":"https:\/\/iicbarcellona.esteri.it\/ca\/wp-json\/wp\/v2\/pages"}],"about":[{"href":"https:\/\/iicbarcellona.esteri.it\/ca\/wp-json\/wp\/v2\/types\/page"}],"author":[{"embeddable":true,"href":"https:\/\/iicbarcellona.esteri.it\/ca\/wp-json\/wp\/v2\/users\/1"}],"replies":[{"embeddable":true,"href":"https:\/\/iicbarcellona.esteri.it\/ca\/wp-json\/wp\/v2\/comments?post=94"}],"version-history":[{"count":7,"href":"https:\/\/iicbarcellona.esteri.it\/ca\/wp-json\/wp\/v2\/pages\/94\/revisions"}],"predecessor-version":[{"id":14499,"href":"https:\/\/iicbarcellona.esteri.it\/ca\/wp-json\/wp\/v2\/pages\/94\/revisions\/14499"}],"up":[{"embeddable":true,"href":"https:\/\/iicbarcellona.esteri.it\/ca\/wp-json\/wp\/v2\/pages\/88"}],"wp:attachment":[{"href":"https:\/\/iicbarcellona.esteri.it\/ca\/wp-json\/wp\/v2\/media?parent=94"}],"curies":[{"name":"wp","href":"https:\/\/api.w.org\/{rel}","templated":true}]}}