{"id":92,"date":"2023-04-03T20:55:55","date_gmt":"2023-04-03T17:55:55","guid":{"rendered":"https:\/\/iicbarcellona.esteri.it\/lingua-e-cultura\/borse-di-studio\/"},"modified":"2026-03-23T18:27:58","modified_gmt":"2026-03-23T15:27:58","slug":"borse-di-studio","status":"publish","type":"page","link":"https:\/\/iicbarcellona.esteri.it\/ca\/lingua-e-cultura\/borse-di-studio\/","title":{"rendered":"Beques"},"content":{"rendered":"<div>\n<p><strong>Premis per a estudiants de l\u2019IIC (ESTIU 2023)<\/strong><\/p>\n<p>&nbsp;<\/p>\n<p>Per a accedir a la llista d&#8217;escoles d&#8217;idiomes que ofereixen descomptes reservats per als estudiants de l&#8217;Institut Itali\u00e0 de Cultura que m\u00e9s s&#8217;ho mereixin, clica <a href=\"https:\/\/iicbarcellona.esteri.it\/IIC_Barcellona\/resource\/doc\/2023\/06\/scuole.2023.pdf\"><strong>aqu\u00ed<\/strong><\/a><\/p>\n<p>Tot seguit haur\u00e0s de descarregar el <a href=\"https:\/\/iicbarcellona.esteri.it\/IIC_Barcellona\/resource\/doc\/2023\/06\/formularioborse2023.doc\"><strong>formulari<\/strong><\/a>\u00a0i enviar-lo abans del 21 de juny de 2023 a: <a href=\"mailto:coordinamentocorsi.iicbarcellona@esteri.it\">coordinamentocorsi.iicbarcellona@esteri.it<\/a><\/p>\n<\/div>\n","protected":false},"excerpt":{"rendered":"Premis per a estudiants de l\u2019IIC (ESTIU 2023) &nbsp; Per a accedir a la llista d&#8217;escoles d&#8217;idiomes que ofereixen descomptes reservats per als estudiants de l&#8217;Institut Itali\u00e0 de Cultura que m\u00e9s s&#8217;ho mereixin, clica aqu\u00ed Tot seguit haur\u00e0s de descarregar el formulari\u00a0i enviar-lo abans del 21 de juny de 2023 a: coordinamentocorsi.iicbarcellona@esteri.it","protected":false},"author":1,"featured_media":0,"parent":88,"menu_order":2,"comment_status":"closed","ping_status":"closed","template":"","meta":{"footnotes":""},"class_list":["post-92","page","type-page","status-publish","hentry"],"_links":{"self":[{"href":"https:\/\/iicbarcellona.esteri.it\/ca\/wp-json\/wp\/v2\/pages\/92","targetHints":{"allow":["GET"]}}],"collection":[{"href":"https:\/\/iicbarcellona.esteri.it\/ca\/wp-json\/wp\/v2\/pages"}],"about":[{"href":"https:\/\/iicbarcellona.esteri.it\/ca\/wp-json\/wp\/v2\/types\/page"}],"author":[{"embeddable":true,"href":"https:\/\/iicbarcellona.esteri.it\/ca\/wp-json\/wp\/v2\/users\/1"}],"replies":[{"embeddable":true,"href":"https:\/\/iicbarcellona.esteri.it\/ca\/wp-json\/wp\/v2\/comments?post=92"}],"version-history":[{"count":4,"href":"https:\/\/iicbarcellona.esteri.it\/ca\/wp-json\/wp\/v2\/pages\/92\/revisions"}],"predecessor-version":[{"id":636,"href":"https:\/\/iicbarcellona.esteri.it\/ca\/wp-json\/wp\/v2\/pages\/92\/revisions\/636"}],"up":[{"embeddable":true,"href":"https:\/\/iicbarcellona.esteri.it\/ca\/wp-json\/wp\/v2\/pages\/88"}],"wp:attachment":[{"href":"https:\/\/iicbarcellona.esteri.it\/ca\/wp-json\/wp\/v2\/media?parent=92"}],"curies":[{"name":"wp","href":"https:\/\/api.w.org\/{rel}","templated":true}]}}