{"id":90,"date":"2023-04-03T20:55:37","date_gmt":"2023-04-03T17:55:37","guid":{"rendered":"https:\/\/iicbarcellona.esteri.it\/lingua-e-cultura\/i-corsi-di-lingua\/"},"modified":"2026-03-24T16:04:43","modified_gmt":"2026-03-24T13:04:43","slug":"i-corsi-di-lingua","status":"publish","type":"page","link":"https:\/\/iicbarcellona.esteri.it\/ca\/lingua-e-cultura\/i-corsi-di-lingua\/","title":{"rendered":"Cursos d&#8217;idiomes"},"content":{"rendered":"<p><img loading=\"lazy\" decoding=\"async\" class=\"alignnone size-full wp-image-15268 img-fluid\" src=\"https:\/\/iicbarcellona.esteri.it\/wp-content\/uploads\/2026\/03\/Banner-Corsi-di-Lingua.jpg\" alt=\"\" width=\"1223\" height=\"305\" srcset=\"https:\/\/iicbarcellona.esteri.it\/wp-content\/uploads\/2026\/03\/Banner-Corsi-di-Lingua.jpg 1223w, https:\/\/iicbarcellona.esteri.it\/wp-content\/uploads\/2026\/03\/Banner-Corsi-di-Lingua-300x75.jpg 300w, https:\/\/iicbarcellona.esteri.it\/wp-content\/uploads\/2026\/03\/Banner-Corsi-di-Lingua-1024x255.jpg 1024w, https:\/\/iicbarcellona.esteri.it\/wp-content\/uploads\/2026\/03\/Banner-Corsi-di-Lingua-768x192.jpg 768w\" sizes=\"auto, (max-width: 1223px) 100vw, 1223px\" \/><\/p>\n<p>&nbsp;<\/p>\n<p style=\"text-align: justify;\"><strong>Per qu\u00e8\u00a0aprendre itali\u00e0 a l\u2019Istituto Italiano di Cultura?<\/strong><\/p>\n<p style=\"text-align: justify;\">Segurament perqu\u00e8 \u00e9s un organisme oficial de l\u2019Estat itali\u00e0 a Catalunya per a la difusi\u00f3 de l\u2019idioma i la cultura, per\u00f2 tamb\u00e9 perqu\u00e8:<\/p>\n<ul>\n<li style=\"text-align: justify;\">des de m\u00e9s de 70 anys, el IIC \u00e9s una part d&#8217;It\u00e0lia en el cor de l&#8217;Eixample;<br \/>\nels professors s\u00f3n tots natius i estan qualificats per a ensenyar itali\u00e0 com a llengua estrangera a adults de parla hispana i catalana;<\/li>\n<li style=\"text-align: justify;\">el IIC tamb\u00e9 \u00e9s cultura: confer\u00e8ncies, cinema, exposicions, concerts, teatre, dansa, moda, disseny, gastronomia i molt m\u00e9s;<\/li>\n<li style=\"text-align: justify;\">hi ha una \u00e0mplia oferta de cursos, tamb\u00e9 per a grups redu\u00efts, durant tot l&#8217;any: quadrimestrals o intensius, en grup o individuals, en l\u00ednia i presencials;<\/li>\n<li style=\"text-align: justify;\">els cursos estan estructurats d&#8217;acord amb els nivells del Marc europeu com\u00fa de refer\u00e8ncia <strong><em>(<a href=\"https:\/\/europass.europa.eu\/es\/common-european-framework-reference-language-skills\">MCER<\/a>)<\/em><\/strong> del Consell d&#8217;Europa, per a assegurar un cam\u00ed d&#8217;aprenentatge coherent, org\u00e0nic i clar en objectius i resultats:<\/li>\n<li style=\"text-align: justify;\">al final de cada curs, fins i tot individual, s&#8217;emet un certificat d&#8217;assist\u00e8ncia, reconegut per universitats, entitats p\u00fabliques i privades, tant italianes com locals;<\/li>\n<li style=\"text-align: justify;\">\u00e9s possible realitzar ex\u00e0mens de certificaci\u00f3 de l&#8217;itali\u00e0 i assistir a cursos de preparaci\u00f3 espec\u00edfics;<\/li>\n<li style=\"text-align: justify;\">els alumnes tenen descomptes per a cursos d&#8217;idiomes a It\u00e0lia, reduccions en espectacles i acc\u00e9s a preu redu\u00eft a la <a href=\"https:\/\/www.medialibrary.it\/\"><strong><em>Biblioteca Digital MLOL<\/em><\/strong><\/a> i al pr\u00e9stec de llibres, DVD, pel\u00b7l\u00edcules, etc. de la mediateca del IIC, que compta amb m\u00e9s de 19.000 t\u00edtols.<\/li>\n<\/ul>\n","protected":false},"excerpt":{"rendered":"&nbsp; Per qu\u00e8\u00a0aprendre itali\u00e0 a l\u2019Istituto Italiano di Cultura? Segurament perqu\u00e8 \u00e9s un organisme oficial de l\u2019Estat itali\u00e0 a Catalunya per a la difusi\u00f3 de l\u2019idioma i la cultura, per\u00f2 tamb\u00e9 perqu\u00e8: des de m\u00e9s de 70 anys, el IIC \u00e9s una part d&#8217;It\u00e0lia en el cor de l&#8217;Eixample; els professors s\u00f3n tots natius i [&hellip;]","protected":false},"author":1,"featured_media":0,"parent":88,"menu_order":0,"comment_status":"closed","ping_status":"closed","template":"","meta":{"footnotes":""},"class_list":["post-90","page","type-page","status-publish","hentry"],"_links":{"self":[{"href":"https:\/\/iicbarcellona.esteri.it\/ca\/wp-json\/wp\/v2\/pages\/90","targetHints":{"allow":["GET"]}}],"collection":[{"href":"https:\/\/iicbarcellona.esteri.it\/ca\/wp-json\/wp\/v2\/pages"}],"about":[{"href":"https:\/\/iicbarcellona.esteri.it\/ca\/wp-json\/wp\/v2\/types\/page"}],"author":[{"embeddable":true,"href":"https:\/\/iicbarcellona.esteri.it\/ca\/wp-json\/wp\/v2\/users\/1"}],"replies":[{"embeddable":true,"href":"https:\/\/iicbarcellona.esteri.it\/ca\/wp-json\/wp\/v2\/comments?post=90"}],"version-history":[{"count":7,"href":"https:\/\/iicbarcellona.esteri.it\/ca\/wp-json\/wp\/v2\/pages\/90\/revisions"}],"predecessor-version":[{"id":15274,"href":"https:\/\/iicbarcellona.esteri.it\/ca\/wp-json\/wp\/v2\/pages\/90\/revisions\/15274"}],"up":[{"embeddable":true,"href":"https:\/\/iicbarcellona.esteri.it\/ca\/wp-json\/wp\/v2\/pages\/88"}],"wp:attachment":[{"href":"https:\/\/iicbarcellona.esteri.it\/ca\/wp-json\/wp\/v2\/media?parent=90"}],"curies":[{"name":"wp","href":"https:\/\/api.w.org\/{rel}","templated":true}]}}