{"id":88,"date":"2023-04-03T20:30:34","date_gmt":"2023-04-03T17:30:34","guid":{"rendered":"https:\/\/iicbarcellona.esteri.it\/lingua-e-cultura\/"},"modified":"2024-11-12T12:28:50","modified_gmt":"2024-11-12T09:28:50","slug":"lingua-e-cultura","status":"publish","type":"page","link":"https:\/\/iicbarcellona.esteri.it\/ca\/lingua-e-cultura\/","title":{"rendered":"Llengua i cultura"},"content":{"rendered":"<p>L&#8217;inter\u00e8s por l&#8217;itali\u00e0 en el m\u00f3n est\u00e0 creixent: avui \u00e9s un dels idiomes estrangers m\u00e9s estudiats en el m\u00f3n. Llavors, per a qu\u00e8 estudiar itali\u00e0?<\/p>\n<p>&nbsp;<\/p>\n<p><strong>L&#8217;itali\u00e0 es una llengua de cultura.<\/strong><\/p>\n<p>Con\u00e8ixer-ho significa tenir acc\u00e9s a un patrimoni art\u00edstic i literari fonamental la hist\u00f2ria d&#8217;Europa, a importants textos human\u00edstics i cient\u00edfics i a la producci\u00f3 teatral, musical, oper\u00edstica, cinematogr\u00e0fica i televisiva italiana, com a les creacions contempor\u00e0nies.<\/p>\n<p><strong>\u00a0<\/strong><\/p>\n<p><strong>L&#8217;itali\u00e0 es una llengua d&#8217;estudi.<\/strong><\/p>\n<p>Son molts els estudiants que cada any decideixen con\u00e8ixer les nostres escoles, universitats, acad\u00e8mies i biblioteques. Un n\u00famero cada vegada m\u00e9s alt de joves estudiants i brillants investigadores, procedents de tot el m\u00f3n, trien les nostres estructures d&#8217;excel\u00b7l\u00e8ncia i estableixen relaciones entre It\u00e0lia i el seu pa\u00eds d&#8217;origen.<\/p>\n<p><strong>\u00a0<\/strong><\/p>\n<p><strong>L&#8217;itali\u00e0 es una llengua de treball.<\/strong><\/p>\n<p>Emprenedors, homes de negoci, inversors, professionals i treballadors de qualsevol sector entren contacto con ho m\u00f3n industrial, artesanal i de serveis.<\/p>\n<hr \/>\n<hr \/>\n<p>Prima pubblicazione: 1\/12\/2005 | Ultimo aggiornamento: 12\/11\/2024<\/p>\n","protected":false},"excerpt":{"rendered":"L&#8217;inter\u00e8s por l&#8217;itali\u00e0 en el m\u00f3n est\u00e0 creixent: avui \u00e9s un dels idiomes estrangers m\u00e9s estudiats en el m\u00f3n. Llavors, per a qu\u00e8 estudiar itali\u00e0? &nbsp; L&#8217;itali\u00e0 es una llengua de cultura. Con\u00e8ixer-ho significa tenir acc\u00e9s a un patrimoni art\u00edstic i literari fonamental la hist\u00f2ria d&#8217;Europa, a importants textos human\u00edstics i cient\u00edfics i a la [&hellip;]","protected":false},"author":1,"featured_media":0,"parent":0,"menu_order":4,"comment_status":"closed","ping_status":"closed","template":"","meta":{"footnotes":""},"class_list":["post-88","page","type-page","status-publish","hentry"],"_links":{"self":[{"href":"https:\/\/iicbarcellona.esteri.it\/ca\/wp-json\/wp\/v2\/pages\/88","targetHints":{"allow":["GET"]}}],"collection":[{"href":"https:\/\/iicbarcellona.esteri.it\/ca\/wp-json\/wp\/v2\/pages"}],"about":[{"href":"https:\/\/iicbarcellona.esteri.it\/ca\/wp-json\/wp\/v2\/types\/page"}],"author":[{"embeddable":true,"href":"https:\/\/iicbarcellona.esteri.it\/ca\/wp-json\/wp\/v2\/users\/1"}],"replies":[{"embeddable":true,"href":"https:\/\/iicbarcellona.esteri.it\/ca\/wp-json\/wp\/v2\/comments?post=88"}],"version-history":[{"count":6,"href":"https:\/\/iicbarcellona.esteri.it\/ca\/wp-json\/wp\/v2\/pages\/88\/revisions"}],"predecessor-version":[{"id":8708,"href":"https:\/\/iicbarcellona.esteri.it\/ca\/wp-json\/wp\/v2\/pages\/88\/revisions\/8708"}],"wp:attachment":[{"href":"https:\/\/iicbarcellona.esteri.it\/ca\/wp-json\/wp\/v2\/media?parent=88"}],"curies":[{"name":"wp","href":"https:\/\/api.w.org\/{rel}","templated":true}]}}