{"id":86,"date":"2023-04-03T20:55:21","date_gmt":"2023-04-03T17:55:21","guid":{"rendered":"https:\/\/iicbarcellona.esteri.it\/chi-siamo\/contatti\/"},"modified":"2026-02-23T16:30:28","modified_gmt":"2026-02-23T13:30:28","slug":"contatti","status":"publish","type":"page","link":"https:\/\/iicbarcellona.esteri.it\/ca\/chi-siamo\/contatti\/","title":{"rendered":"Contatti"},"content":{"rendered":"<p style=\"text-align: justify;\"><strong>PROPOSTES CULTURALS<\/strong><\/p>\n<p style=\"text-align: justify;\"><strong>Per presentar un projecte o proposta cultural<\/strong>, envi\u00ef \u00fanicament una breu descripci\u00f3 amb una fitxa t\u00e8cnica i econ\u00f3mica a <a href=\"mailto:iicbarcellona@esteri.it\">iicbarcellona@esteri.it<\/a>. No envi\u00ef arxius adjunts de m\u00e9s de 10 MB, ja que el servidor els rebutjar\u00e0 autom\u00e0ticament per motius de seguretat. Cada proposta rebuda ser\u00e0 atentament avaluada. No obstant aix\u00f2, donat l&#8217;elevat nombre de sol\u00b7licituds, l&#8217;Institut nom\u00e9s es posar\u00e0 en contacte amb Vost\u00e8 quan les propostes puguin considerar-se possibles col\u00b7laboracions i incloure&#8217;s profitosament en la futura programaci\u00f3 del IIC o dels seus socis institucionals.<\/p>\n<hr \/>\n<p><strong>PER A SER SOCI<\/strong><\/p>\n<p style=\"text-align: justify;\">Ser <strong>soci\/a<\/strong> de l&#8217;<strong>Institut Itali\u00e0 de Cultura<\/strong> permet prendre en pr\u00e9stec llibres i material audiovisual i obtenir <strong>descomptes en esdeveniments o espectacles<\/strong> organitzats fora de la nostra seu, aix\u00ed com acc\u00e9s gratu\u00eft a la biblioteca digital <a href=\"https:\/\/www.medialibrary.it\/\"><strong>MLOL<\/strong><\/a>.<\/p>\n<p style=\"text-align: justify;\"><strong>La quota anual d&#8217;inscripci\u00f3 \u00e9s de 40\u20ac<\/strong><br \/>\nEl pagament de la quota de soci es realitzar\u00e0 exclusivament mitjan\u00e7ant transfer\u00e8ncia banc\u00e0ria al seg\u00fcent compte corrent:<br \/>\n<strong>IBAN: ES72 0049 4707 5323 1606 5554 \u2013 Institut Itali\u00e0 de Cultura.<\/strong><br \/>\nBanc Santander \u2014 c\/Pau Claris, 157-08037 Barcelona<br \/>\n<strong>MOTIU: Quota de soci IIC (nom i cognom)<\/strong><\/p>\n<p style=\"text-align: justify;\">La inscripci\u00f3 es formalitzar\u00e0 enviant les seg\u00fcents dades via correu electr\u00f2nic a l&#8217;adre\u00e7a: <a href=\"mailto:biblioteca.iicbarcellona@esteri.it\">biblioteca.iicbarcellona@esteri.it<\/a> :<br \/>\nNom i cognoms, correu electr\u00f2nic i tel\u00e8fon, c\u00f2pia del justificant de la transfer\u00e8ncia banc\u00e0ria i fotografia tipus carnet.<\/p>\n<hr \/>\n<p style=\"text-align: justify;\"><strong>COM SER PATROCINADOR<\/strong><\/p>\n<p style=\"text-align: justify;\">L&#8217;<strong>Institut Itali\u00e0 de Cultura de Barcelona<\/strong>, com a part de la seva activitat de promoci\u00f3 de la cultura italiana, organitza durant tot l&#8217;any actes art\u00edstic-culturals, promocionals i divulgatius d&#8217;alt perfil institucional.<br \/>\nAmb aquest prop\u00f2sit, l\u2019Institut accepta manifestacions d&#8217;inter\u00e8s d&#8217;entitats p\u00fabliques o privades interessades que, a canvi d&#8217;una contraprestaci\u00f3 monet\u00e0ria, prestacions gratu\u00eftes o subvencionades de b\u00e9ns i serveis i\/o prestacions professionals, pretenguin participar o patrocinar alguns esdeveniments de l&#8217;Institut mitjan\u00e7ant la publicaci\u00f3 del seu nom o logotip en les invitacions o un altre material publicitari de l&#8217;esdeveniment (cartells, cat\u00e0legs, butlletins).<br \/>\nLes persones interessades a ser contactades per a col\u00b7laborar amb aquest Institut estan convidades a enviar la seva manifestaci\u00f3 d&#8217;inter\u00e8s a la seg\u00fcent adre\u00e7a <a href=\"mailto:iicbarcellona@esteri.it\">iicbarcellona@esteri.it<\/a>.<br \/>\nLa manifestaci\u00f3 d&#8217;inter\u00e8s haur\u00e0 d&#8217;incloure tots els elements \u00fatils per a identificar a la persona f\u00edsica, amb indicaci\u00f3 espec\u00edfica del sector d&#8217;activitat corresponent.<br \/>\nAquesta comunicaci\u00f3 no vincula de cap manera a l&#8217;Institut, que es reserva el dret d&#8217;avaluar la viabilitat de la proposta.<br \/>\nEn cas que aquesta manifestaci\u00f3 d&#8217;inter\u00e8s sigui considerada mereixedora de tenir en compte, es contactar\u00e0 amb els interessats, en ocasi\u00f3 de la planificaci\u00f3 dels esdeveniments, amb una comunicaci\u00f3 espec\u00edfica que, si es compleixen les condicions, anir\u00e0 seguida de la formalitzaci\u00f3 d&#8217;un contracte espec\u00edfic que entrar\u00e0 en vigor amb la signatura d&#8217;acceptaci\u00f3 de l&#8217;interessat.<br \/>\nFinalment, es precisa que, de conformitat amb el <strong>Codi de Conducta del Ministeri de Relacions Exteriors i Cooperaci\u00f3 Internaciona<\/strong>l, l&#8217;Institut no pot convidar a activitats institucionals a subjectes les activitats dels quals puguin constituir font de conflictes d&#8217;interessos, prejudicis o danys a la imatge \u2013 fins i tot potencials \u2013 o que puguin resultar contr\u00e0ries als principis generals del sistema.<\/p>\n<hr \/>\n<p style=\"text-align: justify;\"><strong>TREBALLAR EN L&#8217;INSTITUT ITALI\u00c0 DE CULTURA DE BARCELONA<\/strong><\/p>\n<p style=\"text-align: justify;\">Els Instituts Italians de Cultura nom\u00e9s contracten personal mitjan\u00e7ant selecci\u00f3 o concurs p\u00fablic autoritzat pel Ministeri d&#8217;Afers Exteriors. Trobar\u00e0 els anuncis p\u00fablics de contractaci\u00f3 en <a href=\"https:\/\/iiclosangeles.esteri.it\/it\/news\/\"><strong>Notizie.<\/strong><\/a><\/p>\n<hr \/>\n<p style=\"text-align: justify;\"><strong>PR\u00c0CTIQUES EN L&#8217;INSTITUT ITALI\u00c0 DE CULTURA DE BARCELONA<\/strong><\/p>\n<p style=\"text-align: justify;\">L&#8217;Institut Itali\u00e0 de Cultura de Barcelona s&#8217;adhereix al <strong>programa de pr\u00e0ctiques<\/strong> curriculars de tres mesos en les seves seus a l&#8217;estranger estipulat d&#8217;acord amb el <strong>Conveni entre el Ministeri d&#8217;Afers Exteriors i Cooperaci\u00f3 Internacional, el Miur i la Fundaci\u00f3 CRUI<\/strong>. El IIC de Barcelona no organitza pr\u00e0ctiques pel seu compte, ni s&#8217;adhereix a altres programes ni accepta sol\u00b7licituds espont\u00e0nies.<\/p>\n<p style=\"text-align: justify;\">La <strong>Fundaci\u00f3 CRUI<\/strong> s&#8217;encarrega del proc\u00e9s de preselecci\u00f3 de becaris d&#8217;acord amb les universitats i publica regularment convocat\u00f2ries trimestrals(<a href=\"www.fondazionecrui.it\">www.fondazionecrui.it<\/a>).<\/p>\n<p style=\"text-align: justify;\">Les pr\u00e0ctiques en l&#8217;Institut Itali\u00e0 de Cultura de Barcelona s&#8217;estenen als estudiants que cursen tots els m\u00e0sters o carreres de cicle \u00fanic.<\/p>\n<hr \/>\n<p style=\"text-align: justify;\"><strong>Horaris d&#8217;atenci\u00f3 al p\u00fablic<\/strong><\/p>\n<p style=\"text-align: justify;\">De dilluns a dijous 09.00 &#8211; 14.00 i 15:00 -16:30<\/p>\n<p style=\"text-align: justify;\">Divendres 09.00 -14.00<\/p>\n<hr \/>\n<p style=\"text-align: justify;\"><strong> informaci\u00f3 sobre cursos i certificats ling\u00fc\u00edstics :<\/strong><\/p>\n<p style=\"text-align: justify;\"><strong><a href=\"mailto:segreteriacorsi.iicbarcellona@esteri.it\">segreteriacorsi.iicbarcellona@esteri.it<\/a><\/strong><\/p>\n<p style=\"text-align: justify;\"><strong><a href=\"mailto:coordinamentocorsi.iicbarcellona@esteri.it\">coordinamentocorsi.iicbarcellona@esteri.it<\/a><\/strong><\/p>\n<hr \/>\n<hr \/>\n<p style=\"text-align: justify;\"><strong>Istituto Italiano di Cultura di Barcellona<\/strong><br \/>\nPassatge M\u00e9ndez Vigo, 5<br \/>\nE &#8211; 08009 Barcelona<br \/>\ntel\u00e8fon: +34-934875306<br \/>\nemail:\u00a0<a href=\"mailto:iicbarcellona@esteri.it\">iicbarcellona@esteri.it<\/a><br \/>\nPEC:\u00a0<a href=\"mailto:iic.barcellona@cert.esteri.it\">iic.barcellona@cert.esteri.it<\/a>\u00a0(indirizzo abilitato esclusivamente alla ricezione di posta elettronica certificata\/PEC)<\/p>\n<hr \/>\n<p>Prima pubblicazione: 1\/12\/2005 | Ultimo aggiornamento: 23\/02\/2026<\/p>\n","protected":false},"excerpt":{"rendered":"PROPOSTES CULTURALS Per presentar un projecte o proposta cultural, envi\u00ef \u00fanicament una breu descripci\u00f3 amb una fitxa t\u00e8cnica i econ\u00f3mica a iicbarcellona@esteri.it. No envi\u00ef arxius adjunts de m\u00e9s de 10 MB, ja que el servidor els rebutjar\u00e0 autom\u00e0ticament per motius de seguretat. Cada proposta rebuda ser\u00e0 atentament avaluada. No obstant aix\u00f2, donat l&#8217;elevat nombre de [&hellip;]","protected":false},"author":1,"featured_media":0,"parent":80,"menu_order":4,"comment_status":"closed","ping_status":"closed","template":"","meta":{"footnotes":""},"class_list":["post-86","page","type-page","status-publish","hentry"],"_links":{"self":[{"href":"https:\/\/iicbarcellona.esteri.it\/ca\/wp-json\/wp\/v2\/pages\/86","targetHints":{"allow":["GET"]}}],"collection":[{"href":"https:\/\/iicbarcellona.esteri.it\/ca\/wp-json\/wp\/v2\/pages"}],"about":[{"href":"https:\/\/iicbarcellona.esteri.it\/ca\/wp-json\/wp\/v2\/types\/page"}],"author":[{"embeddable":true,"href":"https:\/\/iicbarcellona.esteri.it\/ca\/wp-json\/wp\/v2\/users\/1"}],"replies":[{"embeddable":true,"href":"https:\/\/iicbarcellona.esteri.it\/ca\/wp-json\/wp\/v2\/comments?post=86"}],"version-history":[{"count":6,"href":"https:\/\/iicbarcellona.esteri.it\/ca\/wp-json\/wp\/v2\/pages\/86\/revisions"}],"predecessor-version":[{"id":14506,"href":"https:\/\/iicbarcellona.esteri.it\/ca\/wp-json\/wp\/v2\/pages\/86\/revisions\/14506"}],"up":[{"embeddable":true,"href":"https:\/\/iicbarcellona.esteri.it\/ca\/wp-json\/wp\/v2\/pages\/80"}],"wp:attachment":[{"href":"https:\/\/iicbarcellona.esteri.it\/ca\/wp-json\/wp\/v2\/media?parent=86"}],"curies":[{"name":"wp","href":"https:\/\/api.w.org\/{rel}","templated":true}]}}