{"id":84,"date":"2023-04-03T20:55:02","date_gmt":"2023-04-03T17:55:02","guid":{"rendered":"https:\/\/iicbarcellona.esteri.it\/chi-siamo\/la-sede\/"},"modified":"2026-03-25T12:25:23","modified_gmt":"2026-03-25T09:25:23","slug":"la-sede","status":"publish","type":"page","link":"https:\/\/iicbarcellona.esteri.it\/ca\/chi-siamo\/la-sede\/","title":{"rendered":"La Sede"},"content":{"rendered":"<p>Fundat en 1950, l&#8217;Institut Itali\u00e0 de Cultura de Barcelona t\u00e9 la seva seu en una elegant torre constru\u00efda en 1889, en el n\u00ba5 del Passatge de M\u00e9ndez Vigo, en ple barri de l&#8217;Eixample. Aquest carrer privat, dissenyat per l&#8217;arquitecte Jeroni Granell Barrera en 1868, \u00e9s un dels exemples millor conservats de \u201cpaisatge a l&#8217;anglesa\u201d, amb mansions senyorials i jardins.<\/p>\n<p>Les tres plantes de la seu de l&#8217;Institut, propietat de l&#8217;Estat itali\u00e0, estan ocupades per oficines, aules per a cursos d&#8217;idiomes, una sala polivalent i una biblioteca amb m\u00e9s de 19.000 volums consultables. En particular, l&#8217;Institut compta amb un jard\u00ed la part central pavimentada del qual reprodueix una pla\u00e7a italiana on s&#8217;organitzen actes culturals, lectures, projeccions i concerts a l&#8217;aire lliure. Al jard\u00ed, a m\u00e9s d&#8217;una magnolia, una olivera, un roure jove i una mimosa, destaca pel seu port el fals pebrer (o pebrer rosa), de gran inter\u00e8s per tractar-se d&#8217;un exemplar molt rar de trobar a la ciutat. Gr\u00e0cies a la seva variada vegetaci\u00f3, el jard\u00ed de l&#8217;Institut ofereix a estudiants i visitants un agradable par\u00e8ntesi verd en ple centre, a dos passos de la Casa Batll\u00f3 i la Pedrera.<\/p>\n<p>&nbsp;<\/p>\n<hr \/>\n<p>Istituto Italiano di Cultura di Barcellona<br \/>\nPassatge M\u00e9ndez Vigo, 5<br \/>\nE &#8211; 08009 Barcelona<\/p>\n<p>tel\u00e8fon: +34-934875306<br \/>\nemail:\u00a0<a href=\"mailto:iicbarcellona@esteri.it\">iicbarcellona@esteri.it<\/a><\/p>\n<hr \/>\n<hr \/>\n<p>Prima pubblicazione: 1\/12\/2005 | Ultimo aggiornamento: 03\/02\/2026<\/p>\n","protected":false},"excerpt":{"rendered":"Fundat en 1950, l&#8217;Institut Itali\u00e0 de Cultura de Barcelona t\u00e9 la seva seu en una elegant torre constru\u00efda en 1889, en el n\u00ba5 del Passatge de M\u00e9ndez Vigo, en ple barri de l&#8217;Eixample. Aquest carrer privat, dissenyat per l&#8217;arquitecte Jeroni Granell Barrera en 1868, \u00e9s un dels exemples millor conservats de \u201cpaisatge a l&#8217;anglesa\u201d, amb [&hellip;]","protected":false},"author":1,"featured_media":0,"parent":80,"menu_order":2,"comment_status":"closed","ping_status":"closed","template":"","meta":{"footnotes":""},"class_list":["post-84","page","type-page","status-publish","hentry"],"_links":{"self":[{"href":"https:\/\/iicbarcellona.esteri.it\/ca\/wp-json\/wp\/v2\/pages\/84","targetHints":{"allow":["GET"]}}],"collection":[{"href":"https:\/\/iicbarcellona.esteri.it\/ca\/wp-json\/wp\/v2\/pages"}],"about":[{"href":"https:\/\/iicbarcellona.esteri.it\/ca\/wp-json\/wp\/v2\/types\/page"}],"author":[{"embeddable":true,"href":"https:\/\/iicbarcellona.esteri.it\/ca\/wp-json\/wp\/v2\/users\/1"}],"replies":[{"embeddable":true,"href":"https:\/\/iicbarcellona.esteri.it\/ca\/wp-json\/wp\/v2\/comments?post=84"}],"version-history":[{"count":6,"href":"https:\/\/iicbarcellona.esteri.it\/ca\/wp-json\/wp\/v2\/pages\/84\/revisions"}],"predecessor-version":[{"id":15283,"href":"https:\/\/iicbarcellona.esteri.it\/ca\/wp-json\/wp\/v2\/pages\/84\/revisions\/15283"}],"up":[{"embeddable":true,"href":"https:\/\/iicbarcellona.esteri.it\/ca\/wp-json\/wp\/v2\/pages\/80"}],"wp:attachment":[{"href":"https:\/\/iicbarcellona.esteri.it\/ca\/wp-json\/wp\/v2\/media?parent=84"}],"curies":[{"name":"wp","href":"https:\/\/api.w.org\/{rel}","templated":true}]}}