{"id":80,"date":"2023-04-03T20:29:59","date_gmt":"2023-04-03T17:29:59","guid":{"rendered":"https:\/\/iicbarcellona.esteri.it\/chi-siamo\/"},"modified":"2026-02-03T13:55:15","modified_gmt":"2026-02-03T10:55:15","slug":"chi-siamo","status":"publish","type":"page","link":"https:\/\/iicbarcellona.esteri.it\/ca\/chi-siamo\/","title":{"rendered":"Sobre nosaltres"},"content":{"rendered":"<p><strong><img loading=\"lazy\" decoding=\"async\" class=\"wp-image-152 img-fluid aligncenter\" src=\"https:\/\/iicbarcellona.esteri.it\/wp-content\/uploads\/2023\/05\/143420_f_iic51IICcolorebarcellona3.jpg\" alt=\"143420_f_iic51IICcolorebarcellona3\" width=\"272\" height=\"181\" srcset=\"https:\/\/iicbarcellona.esteri.it\/wp-content\/uploads\/2023\/05\/143420_f_iic51IICcolorebarcellona3.jpg 886w, https:\/\/iicbarcellona.esteri.it\/wp-content\/uploads\/2023\/05\/143420_f_iic51IICcolorebarcellona3-300x200.jpg 300w, https:\/\/iicbarcellona.esteri.it\/wp-content\/uploads\/2023\/05\/143420_f_iic51IICcolorebarcellona3-768x512.jpg 768w\" sizes=\"auto, (max-width: 272px) 100vw, 272px\" \/><\/strong><\/p>\n<p><strong>Qui som<\/strong><\/p>\n<p>Presents en les principals ciutats dels cinc continents, els 88 Instituts Italians de Cultura en el M\u00f3n s\u00f3n un lloc ideal de trobada i di\u00e0leg per a intel\u00b7lectuals, artistes i altres operadors culturals, per\u00f2 tamb\u00e9 per a tots els ciutadans, tant italians com locals, que desitgen establir o mantenir una relaci\u00f3 amb el nostre pa\u00eds.<\/p>\n<p>No sols aparador d&#8217;It\u00e0lia i font d&#8217;informaci\u00f3 actualitzada sobre el \u00abSistema Pa\u00eds\u00bb, sin\u00f3 tamb\u00e9 motor d&#8217;iniciatives i activitats de cooperaci\u00f3 cultural, l&#8217;Institut Itali\u00e0 de Cultura es converteix en un punt de refer\u00e8ncia essencial per a les comunitats italianes a l&#8217;estranger i per a la creixent demanda de cultura italiana a tot el m\u00f3n.<\/p>\n<p>En suport de les activitats ja realitzades per les Ambaixades i els Consolats, els Instituts Italians de Cultura identifiquen els instruments m\u00e9s adequats per a promoure la imatge d&#8217;It\u00e0lia com a centre de producci\u00f3, conservaci\u00f3 i difusi\u00f3 cultural des de l&#8217;\u00e8poca cl\u00e0ssica fins als nostres dies. A m\u00e9s d&#8217;organitzar esdeveniments culturals en diversos sectors (art, m\u00fasica, cinema, teatre, dansa, moda, disseny, fotografia), els Instituts Italians de Cultura<\/p>\n<p>&#8211; ofereixen la possibilitat, als qui ho desitgin, de con\u00e8ixer la llengua i la cultura italianes, mitjan\u00e7ant l&#8217;organitzaci\u00f3 de cursos, la gesti\u00f3 de biblioteques i el subministrament de material did\u00e0ctic i editorial;<\/p>\n<p>&#8211; creen contactes i condicions que facilitin la integraci\u00f3 dels operadors italians en els processos internacionals d&#8217;intercanvi i producci\u00f3 cultural<\/p>\n<p>&#8211; proporcionen informaci\u00f3 i suport log\u00edstic als operadors culturals p\u00fablics i privats, tant italians com locals;<\/p>\n<p>&#8211; donen suport a iniciatives que fomentin el di\u00e0leg intercultural basat en els principis de la democr\u00e0cia i la solidaritat internacional.<\/p>\n<hr \/>\n<p><strong>L&#8217;Institut Itali\u00e0 de Cultura de Barcelona<\/strong>, organisme oficial de l&#8217;Estat itali\u00e0, t\u00e9 per objectiu promoure i difondre la llengua i la cultura italiana en l&#8217;\u00e0rea de la seva compet\u00e8ncia (tot el llevant d&#8217;Espanya: <strong>Catalunya, Arag\u00f3, Comunitat Valenciana, M\u00farcia, Illes Balears i el Principat d&#8217;Andorra<\/strong>) a trav\u00e9s de l&#8217;organitzaci\u00f3 d&#8217;esdeveniments culturals per afavorir la circulaci\u00f3 de les idees, de les arts i de les ci\u00e8ncies.<\/p>\n<hr \/>\n<p>L&#8217;Institut \u00e9s part del cluster <strong>EUNIC Barcelona<\/strong><\/p>\n<p><img loading=\"lazy\" decoding=\"async\" class=\" wp-image-7494 img-fluid alignnone\" src=\"https:\/\/iicbarcellona.esteri.it\/wp-content\/uploads\/2024\/08\/logo-eunic-formatkey-png-w983.png\" alt=\"\" width=\"359\" height=\"112\" srcset=\"https:\/\/iicbarcellona.esteri.it\/wp-content\/uploads\/2024\/08\/logo-eunic-formatkey-png-w983.png 983w, https:\/\/iicbarcellona.esteri.it\/wp-content\/uploads\/2024\/08\/logo-eunic-formatkey-png-w983-300x94.png 300w, https:\/\/iicbarcellona.esteri.it\/wp-content\/uploads\/2024\/08\/logo-eunic-formatkey-png-w983-768x240.png 768w\" sizes=\"auto, (max-width: 359px) 100vw, 359px\" \/><\/p>\n<hr \/>\n<p><strong>Serveis<\/strong><\/p>\n<p>L&#8217;Institut Itali\u00e0 de Cultura de Barcelona ofereix al p\u00fablic els serveis seg\u00fcents:<\/p>\n<ul>\n<li>Cursos de llengua i cultura italiana a c\u00e0rrec de docents natius qualificats<\/li>\n<li>Una Biblioteca amb m\u00e9s de 19.000 volums a disposici\u00f3 dels alumnes i els socis per a la consulta i el pr\u00e9stec de llibres, revistes i peri\u00f2dics italians<\/li>\n<li>Acc\u00e8s a la Biblioteca digital MLOL<\/li>\n<\/ul>\n<p>&nbsp;<\/p>\n<p>Prima pubblicazione: 1\/12\/2005 | Ultimo aggiornamento: 22\/10\/2024<\/p>\n","protected":false},"excerpt":{"rendered":"Qui som Presents en les principals ciutats dels cinc continents, els 88 Instituts Italians de Cultura en el M\u00f3n s\u00f3n un lloc ideal de trobada i di\u00e0leg per a intel\u00b7lectuals, artistes i altres operadors culturals, per\u00f2 tamb\u00e9 per a tots els ciutadans, tant italians com locals, que desitgen establir o mantenir una relaci\u00f3 amb el [&hellip;]","protected":false},"author":1,"featured_media":152,"parent":0,"menu_order":2,"comment_status":"closed","ping_status":"closed","template":"","meta":{"footnotes":""},"class_list":["post-80","page","type-page","status-publish","has-post-thumbnail","hentry"],"_links":{"self":[{"href":"https:\/\/iicbarcellona.esteri.it\/ca\/wp-json\/wp\/v2\/pages\/80","targetHints":{"allow":["GET"]}}],"collection":[{"href":"https:\/\/iicbarcellona.esteri.it\/ca\/wp-json\/wp\/v2\/pages"}],"about":[{"href":"https:\/\/iicbarcellona.esteri.it\/ca\/wp-json\/wp\/v2\/types\/page"}],"author":[{"embeddable":true,"href":"https:\/\/iicbarcellona.esteri.it\/ca\/wp-json\/wp\/v2\/users\/1"}],"replies":[{"embeddable":true,"href":"https:\/\/iicbarcellona.esteri.it\/ca\/wp-json\/wp\/v2\/comments?post=80"}],"version-history":[{"count":6,"href":"https:\/\/iicbarcellona.esteri.it\/ca\/wp-json\/wp\/v2\/pages\/80\/revisions"}],"predecessor-version":[{"id":8810,"href":"https:\/\/iicbarcellona.esteri.it\/ca\/wp-json\/wp\/v2\/pages\/80\/revisions\/8810"}],"wp:featuredmedia":[{"embeddable":true,"href":"https:\/\/iicbarcellona.esteri.it\/ca\/wp-json\/wp\/v2\/media\/152"}],"wp:attachment":[{"href":"https:\/\/iicbarcellona.esteri.it\/ca\/wp-json\/wp\/v2\/media?parent=80"}],"curies":[{"name":"wp","href":"https:\/\/api.w.org\/{rel}","templated":true}]}}