{"id":546,"date":"2023-08-10T11:09:11","date_gmt":"2023-08-10T08:09:11","guid":{"rendered":"https:\/\/iicbarcellona.esteri.it\/?page_id=546"},"modified":"2024-10-16T14:43:10","modified_gmt":"2024-10-16T11:43:10","slug":"politiques-de-tractament-de-les-dades-personals","status":"publish","type":"page","link":"https:\/\/iicbarcellona.esteri.it\/ca\/chi-siamo\/la-sede\/informazioni-pratiche\/politiques-de-tractament-de-les-dades-personals\/","title":{"rendered":"Pol\u00edtiques de tractament de les dades personals"},"content":{"rendered":"<div>\n<p><strong>Pol\u00edtiques de tractament de les dades personals de l\u2019Institut Itali\u00e0 de Cultura de Barcelona (IIC) del Ministeri d&#8217;Afers Exteriors i de la Cooperaci\u00f3 Internacional d&#8217;It\u00e0lia (MAECI-Ministero degli Affari Esteri e della Cooperazione Internazionale)<\/strong><br \/>\n<strong>(Reglament General de Protecci\u00f3 de Dades (UE) 2016\/679, art. 13)<\/strong><\/p>\n<p>&nbsp;<\/p>\n<ul>\n<li><strong>Generalitats<\/strong><\/li>\n<\/ul>\n<p>El tractament de les dades personals del IIC, com a Oficina exterior del MAECI, es basa en els principis de legalitat, correcci\u00f3 i transpar\u00e8ncia en la tutela dels drets i llibertats fonamentals de les persones f\u00edsiques.<\/p>\n<p>&nbsp;<\/p>\n<p>El Responsable del tractament \u00e9s el Ministero degli Affari Esteri e della Cooperazione Internazionale (MAECI) de la Rep\u00fablica italiana que opera, en aquest cas espec\u00edfic, a trav\u00e9s de :<br \/>\nInstitut Itali\u00e0 de Cultura de Barcelona<br \/>\nPassatge M\u00e9ndez Vigo 5<br \/>\n08009 Barcelona<br \/>\nTel. (+34)934875306<br \/>\nemail: <a href=\"mailto:iicbarcellona@esteri.it\">iicbarcellona@esteri.it<\/a><br \/>\npec: <a href=\"mailto:iic.barcellona@cert.esteri.it\">iic.barcellona@cert.esteri.it<\/a><\/p>\n<p>&nbsp;<\/p>\n<p>Per a qualsevol pregunta o reclamaci\u00f3 l&#8217;interessat pot contactar al Responsable de Protecci\u00f3 de Dades (RPD) del MAECI (Ministero degli Affari Esteri e della Cooperazione Internazionale<br \/>\nPiazzale della Farnesina 1<br \/>\n00135 ROMA<br \/>\nTel. (+39)0636911 (centraleta)<br \/>\nmail: <a href=\"mailto:rpd@esteri.it\">rpd@esteri.it<\/a><br \/>\npec: <a href=\"mailto:rpd@cert.esteri.it\">rpd@cert.esteri.it<\/a><\/p>\n<p>&nbsp;<\/p>\n<p>Les dades personals recopilades s&#8217;inclouran en fitxers utilitzats per a les seg\u00fcents finalitats: invitacions a esdeveniments culturals organitzats pel IIC, difusi\u00f3 del programa de les activitats culturals, promoci\u00f3 dels cursos de llengua i cultura italiana, comunicacions de secretaria a l&#8217;alumnat, \u00fas de la biblioteca.<\/p>\n<p>El tractament de les dades introdu\u00efdes en els fitxers es basa en el consentiment. El denego a proporcionar les pr\u00f2pies dades personals no permetr\u00e0 a l&#8217;interessat l&#8217;acc\u00e9s al servei.<\/p>\n<p>El tractament de dades, dut a terme per personal espec\u00edficament designat pel IIC, s&#8217;efectuar\u00e0 en modalitat mixta.<\/p>\n<p>Cada 5 anys, despr\u00e9s del registre o de la seva renovaci\u00f3, el IIC sol\u00b7licitar\u00e0 als usuaris la confirmaci\u00f3 per correu electr\u00f2nic del seu inter\u00e8s a continuar utilitzant el servei i eliminar\u00e0 les dades personals dels qui no la proporcionin, per falta de resposta o per expl\u00edcita denegaci\u00f3.<\/p>\n<p>L&#8217;interessat pot sol\u00b7licitar l&#8217;acc\u00e9s a les seves dades personals i modificar-los. Sense perjudici de les conseq\u00fc\u00e8ncies sobre l&#8217;acc\u00e9s al servei, tamb\u00e9 pot sol\u00b7licitar la cancel\u00b7laci\u00f3 d&#8217;aquestes dades, aix\u00ed com la limitaci\u00f3 del tractament o oposici\u00f3 a aquest. En aquests casos l&#8217;interessat ha de presentar una sol\u00b7licitud espec\u00edfica a l\u2019IIC de Barcelona i enviar c\u00f2pia de la mateixa al RPD del MAECI.<\/p>\n<p>&nbsp;<\/p>\n<p>Si considera que els seus drets hagin estat vulnerats, l&#8217;interessat pot presentar una reclamaci\u00f3 al RPD del MAECI. Si ho prefereix, pot contactar amb l&#8217;Autoritat Italiana de Protecci\u00f3 de Dades (Garante italiano per la Protezione dei Dati Personali) :<br \/>\nPiazza di Montecitorio 121<br \/>\n00186 ROMA<br \/>\nTel. (+39)06696771 (centraleta)<br \/>\nmail: <a href=\"mailto:garante@gpdp.it\">garante@gpdp.it<\/a><br \/>\npec: <a href=\"mailto:protocollo@pec.gpdp.it\">protocollo@pec.gpdp.it<\/a><\/p>\n<\/div>\n<p>Data di creazione: 2022 | Ultimo aggiornamento: 10\/10\/2024<\/p>\n<hr \/>\n","protected":false},"excerpt":{"rendered":"Pol\u00edtiques de tractament de les dades personals de l\u2019Institut Itali\u00e0 de Cultura de Barcelona (IIC) del Ministeri d&#8217;Afers Exteriors i de la Cooperaci\u00f3 Internacional d&#8217;It\u00e0lia (MAECI-Ministero degli Affari Esteri e della Cooperazione Internazionale) (Reglament General de Protecci\u00f3 de Dades (UE) 2016\/679, art. 13) &nbsp; Generalitats El tractament de les dades personals del IIC, com a [&hellip;]","protected":false},"author":3,"featured_media":0,"parent":517,"menu_order":0,"comment_status":"closed","ping_status":"closed","template":"","meta":{"footnotes":""},"class_list":["post-546","page","type-page","status-publish","hentry"],"_links":{"self":[{"href":"https:\/\/iicbarcellona.esteri.it\/ca\/wp-json\/wp\/v2\/pages\/546","targetHints":{"allow":["GET"]}}],"collection":[{"href":"https:\/\/iicbarcellona.esteri.it\/ca\/wp-json\/wp\/v2\/pages"}],"about":[{"href":"https:\/\/iicbarcellona.esteri.it\/ca\/wp-json\/wp\/v2\/types\/page"}],"author":[{"embeddable":true,"href":"https:\/\/iicbarcellona.esteri.it\/ca\/wp-json\/wp\/v2\/users\/3"}],"replies":[{"embeddable":true,"href":"https:\/\/iicbarcellona.esteri.it\/ca\/wp-json\/wp\/v2\/comments?post=546"}],"version-history":[{"count":3,"href":"https:\/\/iicbarcellona.esteri.it\/ca\/wp-json\/wp\/v2\/pages\/546\/revisions"}],"predecessor-version":[{"id":8277,"href":"https:\/\/iicbarcellona.esteri.it\/ca\/wp-json\/wp\/v2\/pages\/546\/revisions\/8277"}],"up":[{"embeddable":true,"href":"https:\/\/iicbarcellona.esteri.it\/ca\/wp-json\/wp\/v2\/pages\/517"}],"wp:attachment":[{"href":"https:\/\/iicbarcellona.esteri.it\/ca\/wp-json\/wp\/v2\/media?parent=546"}],"curies":[{"name":"wp","href":"https:\/\/api.w.org\/{rel}","templated":true}]}}