{"id":5216,"date":"2024-02-23T13:09:32","date_gmt":"2024-02-23T10:09:32","guid":{"rendered":"https:\/\/iicbarcellona.esteri.it\/?page_id=5216"},"modified":"2026-03-06T12:54:50","modified_gmt":"2026-03-06T09:54:50","slug":"celi-adolescents","status":"publish","type":"page","link":"https:\/\/iicbarcellona.esteri.it\/ca\/lingua-e-cultura\/certificazioni\/celi-adolescents\/","title":{"rendered":"CELI Adolescents"},"content":{"rendered":"<h4 style=\"text-align: center;\"><strong>Ex\u00e0mens CELI a \u2013 2026<\/strong><br \/>\n<strong>Institut Itali\u00e0 de Cultura de Barcelona<\/strong><br \/>\n<strong>Universit\u00e0 per Stranieri di Perugia<\/strong><\/h4>\n<p>&nbsp;<\/p>\n<p><a href=\"https:\/\/iicbarcellona.esteri.it\/wp-content\/uploads\/2026\/03\/CELI-adolescenti-2026.pdf\"><img loading=\"lazy\" decoding=\"async\" class=\"img-fluid wp-image-14805 aligncenter\" src=\"https:\/\/iicbarcellona.esteri.it\/wp-content\/uploads\/2026\/03\/CELI-ADOLESCENTI-2026-3.jpg\" alt=\"\" width=\"900\" height=\"506\" srcset=\"https:\/\/iicbarcellona.esteri.it\/wp-content\/uploads\/2026\/03\/CELI-ADOLESCENTI-2026-3.jpg 1280w, https:\/\/iicbarcellona.esteri.it\/wp-content\/uploads\/2026\/03\/CELI-ADOLESCENTI-2026-3-300x169.jpg 300w, https:\/\/iicbarcellona.esteri.it\/wp-content\/uploads\/2026\/03\/CELI-ADOLESCENTI-2026-3-1024x576.jpg 1024w, https:\/\/iicbarcellona.esteri.it\/wp-content\/uploads\/2026\/03\/CELI-ADOLESCENTI-2026-3-768x432.jpg 768w\" sizes=\"auto, (max-width: 900px) 100vw, 900px\" \/><\/a><\/p>\n<p>&nbsp;<\/p>\n<p>&nbsp;<\/p>\n<p style=\"text-align: justify;\">Els certificats <strong>CELI<\/strong> a s\u00f3n t\u00edtols que acrediten el nivell de coneixement de la llengua italiana dirigits a adolescents d&#8217;entre 12 i 18 anys.<br \/>\nVerifiquen la capacitat d&#8217;utilitzar la llengua italiana en les situacions comunicatives m\u00e9s habituals en les quals es troba interactuant un adolescent.<br \/>\nEls <strong>CELI a<\/strong> se divideixen en 3 nivells: <strong>CELI 1 a (A2) <\/strong>&#8211;<strong> CELI 2 a (B1) <\/strong>&#8211;<strong> CELI 3 a (B2)<\/strong> i es realitzen una vegada a l&#8217;any.<\/p>\n<p><strong>Convocat\u00f2ria: 09 de maig 2026<\/strong><br \/>\n<strong>Nivells CELI 1a-A2, CELI 2a-B1 e CELI 3a-B2<\/strong><br \/>\n<strong>inscripcions online obertes fins al 7 d&#8217;abril 2026<\/strong><br \/>\n<a href=\"https:\/\/icbl.eduplanweb.it\/courses\/#\/certificazioni\"><strong>https:\/\/icbl.eduplanweb.it\/courses\/#\/certificazioni<\/strong><\/a><\/p>\n<p>Per a m\u00e9s informaci\u00f3, podeu escriure a les seg\u00fcents adreces :<br \/>\n<strong><a href=\"mailto:segreteriacorsi.iicbarcellona@esteri.it\">segreteriacorsi.iicbarcellona@esteri.it<\/a><\/strong><br \/>\n<strong><a href=\"mailto:coordinamentocorsi.iicbarcellona@esteri.it\">coordinamentocorsi.iicbarcellona@esteri.it<\/a><\/strong><\/p>\n","protected":false},"excerpt":{"rendered":"Ex\u00e0mens CELI a \u2013 2026 Institut Itali\u00e0 de Cultura de Barcelona Universit\u00e0 per Stranieri di Perugia &nbsp; &nbsp; &nbsp; Els certificats CELI a s\u00f3n t\u00edtols que acrediten el nivell de coneixement de la llengua italiana dirigits a adolescents d&#8217;entre 12 i 18 anys. Verifiquen la capacitat d&#8217;utilitzar la llengua italiana en les situacions comunicatives m\u00e9s [&hellip;]","protected":false},"author":5,"featured_media":0,"parent":94,"menu_order":1,"comment_status":"closed","ping_status":"closed","template":"","meta":{"footnotes":""},"class_list":["post-5216","page","type-page","status-publish","hentry"],"_links":{"self":[{"href":"https:\/\/iicbarcellona.esteri.it\/ca\/wp-json\/wp\/v2\/pages\/5216","targetHints":{"allow":["GET"]}}],"collection":[{"href":"https:\/\/iicbarcellona.esteri.it\/ca\/wp-json\/wp\/v2\/pages"}],"about":[{"href":"https:\/\/iicbarcellona.esteri.it\/ca\/wp-json\/wp\/v2\/types\/page"}],"author":[{"embeddable":true,"href":"https:\/\/iicbarcellona.esteri.it\/ca\/wp-json\/wp\/v2\/users\/5"}],"replies":[{"embeddable":true,"href":"https:\/\/iicbarcellona.esteri.it\/ca\/wp-json\/wp\/v2\/comments?post=5216"}],"version-history":[{"count":6,"href":"https:\/\/iicbarcellona.esteri.it\/ca\/wp-json\/wp\/v2\/pages\/5216\/revisions"}],"predecessor-version":[{"id":14829,"href":"https:\/\/iicbarcellona.esteri.it\/ca\/wp-json\/wp\/v2\/pages\/5216\/revisions\/14829"}],"up":[{"embeddable":true,"href":"https:\/\/iicbarcellona.esteri.it\/ca\/wp-json\/wp\/v2\/pages\/94"}],"wp:attachment":[{"href":"https:\/\/iicbarcellona.esteri.it\/ca\/wp-json\/wp\/v2\/media?parent=5216"}],"curies":[{"name":"wp","href":"https:\/\/api.w.org\/{rel}","templated":true}]}}