{"id":517,"date":"2023-08-09T12:38:31","date_gmt":"2023-08-09T09:38:31","guid":{"rendered":"https:\/\/iicbarcellona.esteri.it\/?page_id=517"},"modified":"2025-10-30T13:47:04","modified_gmt":"2025-10-30T10:47:04","slug":"informazioni-pratiche","status":"publish","type":"page","link":"https:\/\/iicbarcellona.esteri.it\/ca\/chi-siamo\/la-sede\/informazioni-pratiche\/","title":{"rendered":"Informacions \u00fatils"},"content":{"rendered":"<div>\n<p><strong>Horari d&#8217;atenci\u00f3 al p\u00fablic<\/strong><\/p>\n<p>De Dilluns a Dijous de 09:00 a 16:30<\/p>\n<p>Divendres de 09:00 a 14:30<\/p>\n<hr \/>\n<p><strong>Per a qualsevol informaci\u00f3 relativa als nostres cursos d&#8217;itali\u00e0 o ex\u00e0mens oficials :<\/strong><\/p>\n<p><strong><a href=\"mailto:segreteriacorsi.iicbarcellona@esteri.it\">segreteriacorsi.iicbarcellona@esteri.it<\/a><\/strong><\/p>\n<p><strong><a href=\"mailto:coordinamentocorsi.iicbarcellona@esteri.it\">coordinamentocorsi.iicbarcellona@esteri.it<\/a><\/strong><\/p>\n<hr \/>\n<p>Istituto Italiano di Cultura di Barcellona<br \/>\nPassatge M\u00e9ndez Vigo, 5<br \/>\nE &#8211; 08009 Barcelona<br \/>\ntelefono: +34-934875306<br \/>\nfax: +34-934874590<br \/>\nemail: <a href=\"mailto:iicbarcellona@esteri.it\">iicbarcellona@esteri.it<\/a><\/p>\n<p>PEC: <a href=\"mailto:iic.barcellona@cert.esteri.it\">iic.barcellona@cert.esteri.it<\/a> \u00a0(direcci\u00f3 exclusiva per a correu\u00a0electr\u00f3nic certificat \/PEC)<\/p>\n<hr \/>\n<p><strong>Calendari de festes 2025<\/strong><\/p>\n<p>01 gener Cap d&#8217;Any<br \/>\n06 gener Epifania<br \/>\n21 abril Dilluns de Pasqua<br \/>\n01 maig Festa del treball<br \/>\n02 juny Festa de la Rep\u00fablica Italiana<br \/>\n15 agost Verge d&#8217;Agost<br \/>\n11 setembre Diada Nacional Catalana<br \/>\n12 octubre Festa Nacional Espanyola<br \/>\n01 novembre Tots els Sants<br \/>\n25 desembre Nadal<br \/>\n26 desembre Sant Esteve<\/p>\n<hr \/>\n<hr \/>\n<p><strong>Calendari de festes 2026<\/strong><\/p>\n<p>01 gener Cap d&#8217;Any<br \/>\n06 gener Epifania<br \/>\n06 abril Dilluns de Pasqua<br \/>\n01 maig Festa del treball<br \/>\n02 juny Festa de la Rep\u00fablica Italiana<br \/>\n15 agost Verge d&#8217;Agost<br \/>\n11 setembre Diada Nacional Catalana<br \/>\n12 octubre Festa Nacional Espanyola<br \/>\n01 novembre Tots els Sants<br \/>\n25 desembre Nadal<br \/>\n26 desembre Sant Esteve<\/p>\n<hr \/>\n<hr \/>\n<p>Publicat: 1\/12\/2005 | Actualitzat: 12\/11\/2024<\/p>\n<\/div>\n","protected":false},"excerpt":{"rendered":"Horari d&#8217;atenci\u00f3 al p\u00fablic De Dilluns a Dijous de 09:00 a 16:30 Divendres de 09:00 a 14:30 Per a qualsevol informaci\u00f3 relativa als nostres cursos d&#8217;itali\u00e0 o ex\u00e0mens oficials : segreteriacorsi.iicbarcellona@esteri.it coordinamentocorsi.iicbarcellona@esteri.it Istituto Italiano di Cultura di Barcellona Passatge M\u00e9ndez Vigo, 5 E &#8211; 08009 Barcelona telefono: +34-934875306 fax: +34-934874590 email: iicbarcellona@esteri.it PEC: iic.barcellona@cert.esteri.it \u00a0(direcci\u00f3 [&hellip;]","protected":false},"author":3,"featured_media":0,"parent":84,"menu_order":0,"comment_status":"closed","ping_status":"closed","template":"","meta":{"footnotes":""},"class_list":["post-517","page","type-page","status-publish","hentry"],"_links":{"self":[{"href":"https:\/\/iicbarcellona.esteri.it\/ca\/wp-json\/wp\/v2\/pages\/517","targetHints":{"allow":["GET"]}}],"collection":[{"href":"https:\/\/iicbarcellona.esteri.it\/ca\/wp-json\/wp\/v2\/pages"}],"about":[{"href":"https:\/\/iicbarcellona.esteri.it\/ca\/wp-json\/wp\/v2\/types\/page"}],"author":[{"embeddable":true,"href":"https:\/\/iicbarcellona.esteri.it\/ca\/wp-json\/wp\/v2\/users\/3"}],"replies":[{"embeddable":true,"href":"https:\/\/iicbarcellona.esteri.it\/ca\/wp-json\/wp\/v2\/comments?post=517"}],"version-history":[{"count":6,"href":"https:\/\/iicbarcellona.esteri.it\/ca\/wp-json\/wp\/v2\/pages\/517\/revisions"}],"predecessor-version":[{"id":13075,"href":"https:\/\/iicbarcellona.esteri.it\/ca\/wp-json\/wp\/v2\/pages\/517\/revisions\/13075"}],"up":[{"embeddable":true,"href":"https:\/\/iicbarcellona.esteri.it\/ca\/wp-json\/wp\/v2\/pages\/84"}],"wp:attachment":[{"href":"https:\/\/iicbarcellona.esteri.it\/ca\/wp-json\/wp\/v2\/media?parent=517"}],"curies":[{"name":"wp","href":"https:\/\/api.w.org\/{rel}","templated":true}]}}