{"id":508,"date":"2023-08-09T12:31:36","date_gmt":"2023-08-09T09:31:36","guid":{"rendered":"https:\/\/iicbarcellona.esteri.it\/chi-siamo\/la-sede\/storia-e-direttori-iic\/"},"modified":"2026-02-03T13:58:31","modified_gmt":"2026-02-03T10:58:31","slug":"storia-e-direttori-iic","status":"publish","type":"page","link":"https:\/\/iicbarcellona.esteri.it\/ca\/chi-siamo\/la-sede\/storia-e-direttori-iic\/","title":{"rendered":"Hist\u00f2ria i Directors de l&#8217;IIC"},"content":{"rendered":"<div class=\"entry-content\">\n<p><strong>L&#8217;Istituto Italiano di Cultura di Barcellona<\/strong> es va fundar l&#8217;any 1950.<\/p>\n<p>Directors de l&#8217;Istituto Italiano di Cultura des de la seva fundaci\u00f3:<\/p>\n<p>(1950-1962) Renato Freschi<br \/>\n(1962-1967) Mario Forte<br \/>\n(1967-1973) Elzeario Sillari<br \/>\n(1974-1976) Ferdinando Caruso<br \/>\n(1976-1986) Aldo Penasa<br \/>\n(1986-1989) Giuseppe Manica<br \/>\n(1989-1991) Eustachio Porsia<br \/>\n(1993-1998) Bruno Bellone<br \/>\n(1998-2000) Angelo Manenti<br \/>\n(2000-2006) Ennio Bispuri<br \/>\n(2006-2009) Elio Traina<br \/>\n(2009-2010) Fortunato Ceraso<br \/>\n(2013-2017) Roberta Ferrazza<br \/>\n(2017-2019) Angelo Gio\u00e8<br \/>\n(2020-2023) Lucio Izzo<br \/>\n(2023- &#8230;) Annamaria Di Giorgio<\/p>\n<hr \/>\n<p><strong>L&#8217;Institut Itali\u00e0 de Cultura de Barcelona<\/strong>\u00a0\u00e9s un ens p\u00fablic, sense \u00e0nim de lucre, que dep\u00e8n del Ministeri d&#8217;Afers Estrangers i t\u00e9 com a objectiu promoure la cultura i la llengua italiana en el m\u00f3n.<\/p>\n<p>Est\u00e0 vinculat a les representacions diplom\u00e0tiques o consulars de la ciutat on es troba i dep\u00e8n d&#8217;un Director, anomenat pel ministre d&#8217;Afers Estrangers, a petici\u00f3 del Director General de la Direcci\u00f3 General per a la Promoci\u00f3 i la Cooperaci\u00f3 Cultural.<\/p>\n<p>Les funcions espec\u00edfiques de l&#8217;institut consisteixen en:<br \/>\n. Establir contactes amb institucions, entitats i personalitats del m\u00f3n cultural i cient\u00edfic del pa\u00eds amfitri\u00f3 i afavorir les propostes i els projectes per al coneixement de la cultura, de la llengua i de la realitat italianes o en tot cas finalitzats a la col\u2022laboraci\u00f3 cultural i cient\u00edfica;<br \/>\n\u2022 proporcionar documentaci\u00f3 i informaci\u00f3 sobre la vida cultural italiana i sobre les relatives institucions;<br \/>\n. Promoure iniciatives, manifestacions culturals i exposicions, preferiblement en col\u2022laboraci\u00f3 amb les entitats culturals locals;<br \/>\n\u2022 recolzar iniciatives per al desenvolupament cultural de les comunitats italianes a l&#8217;estranger per a afavorir tant la seva integraci\u00f3 en el pa\u00eds amfitri\u00f3, com la relaci\u00f3 cultural amb la p\u00e0tria d&#8217;origen;<br \/>\n\u2022 assegurar la col\u2022laboraci\u00f3 a estudiosos i a estudiants italians en la seva activitat d&#8217;investigaci\u00f3 i estudis a l&#8217;estranger;<br \/>\n\u2022 promoure i afavorir espec\u00edfiques iniciatives per a la difusi\u00f3 de la llengua italiana a l&#8217;estranger, servint-se tamb\u00e9 de la col\u2022laboraci\u00f3 dels lectors d&#8217;itali\u00e0 de les universitats locals i de les universitats italianes que desenvolupen espec\u00edfiques activitats did\u00e0ctiques i cient\u00edfiques relacionades amb aquestes finalitats.<\/p>\n<p>Entre les m\u00faltiples iniciatives culturals, l&#8217;Institut Itali\u00e0 de Cultura afavoreix: Trobades amb personalitats de la cultura italiana, Seminaris, Confer\u00e8ncies, Taules Rodones, Exposicions, Concerts, Cicles de Cinema itali\u00e0, Espectacles teatrals, Cursos de Llengua i Cultura italianes, Cursos d&#8217;Hist\u00f2ria, Cursos d&#8217;art, Cursos de Cinema i Cursos de M\u00fasica.<\/p>\n<\/div>\n<p>Prima pubblicazione: 1\/12\/2005 | Ultimo aggiornamento: 03\/02\/2026<\/p>\n","protected":false},"excerpt":{"rendered":"L&#8217;Istituto Italiano di Cultura di Barcellona es va fundar l&#8217;any 1950. Directors de l&#8217;Istituto Italiano di Cultura des de la seva fundaci\u00f3: (1950-1962) Renato Freschi (1962-1967) Mario Forte (1967-1973) Elzeario Sillari (1974-1976) Ferdinando Caruso (1976-1986) Aldo Penasa (1986-1989) Giuseppe Manica (1989-1991) Eustachio Porsia (1993-1998) Bruno Bellone (1998-2000) Angelo Manenti (2000-2006) Ennio Bispuri (2006-2009) Elio Traina [&hellip;]","protected":false},"author":3,"featured_media":0,"parent":84,"menu_order":1,"comment_status":"closed","ping_status":"closed","template":"","meta":{"footnotes":""},"class_list":["post-508","page","type-page","status-publish","hentry"],"_links":{"self":[{"href":"https:\/\/iicbarcellona.esteri.it\/ca\/wp-json\/wp\/v2\/pages\/508","targetHints":{"allow":["GET"]}}],"collection":[{"href":"https:\/\/iicbarcellona.esteri.it\/ca\/wp-json\/wp\/v2\/pages"}],"about":[{"href":"https:\/\/iicbarcellona.esteri.it\/ca\/wp-json\/wp\/v2\/types\/page"}],"author":[{"embeddable":true,"href":"https:\/\/iicbarcellona.esteri.it\/ca\/wp-json\/wp\/v2\/users\/3"}],"replies":[{"embeddable":true,"href":"https:\/\/iicbarcellona.esteri.it\/ca\/wp-json\/wp\/v2\/comments?post=508"}],"version-history":[{"count":6,"href":"https:\/\/iicbarcellona.esteri.it\/ca\/wp-json\/wp\/v2\/pages\/508\/revisions"}],"predecessor-version":[{"id":14195,"href":"https:\/\/iicbarcellona.esteri.it\/ca\/wp-json\/wp\/v2\/pages\/508\/revisions\/14195"}],"up":[{"embeddable":true,"href":"https:\/\/iicbarcellona.esteri.it\/ca\/wp-json\/wp\/v2\/pages\/84"}],"wp:attachment":[{"href":"https:\/\/iicbarcellona.esteri.it\/ca\/wp-json\/wp\/v2\/media?parent=508"}],"curies":[{"name":"wp","href":"https:\/\/api.w.org\/{rel}","templated":true}]}}