{"id":457,"date":"2023-05-31T14:54:13","date_gmt":"2023-05-31T11:54:13","guid":{"rendered":"https:\/\/iicbarcellona.esteri.it\/amministrazione-trasparente\/telefono-e-posta-elettronica\/"},"modified":"2025-05-21T15:09:38","modified_gmt":"2025-05-21T12:09:38","slug":"telefono-e-posta-elettronica","status":"publish","type":"page","link":"https:\/\/iicbarcellona.esteri.it\/ca\/amministrazione-trasparente\/telefono-e-posta-elettronica\/","title":{"rendered":"Telefono e posta elettronica\u00a0"},"content":{"rendered":"<p><strong>Istituto Italiano di Cultura di Barcellona<\/strong><\/p>\n<p>Passatge M\u00e9ndez Vigo, 5<br \/>\nE &#8211; 08009 Barcelona<\/p>\n<p>tel\u00e8fon: +34-934875306<\/p>\n<p>email: <a href=\"mailto:iicbarcellona@esteri.it\">iicbarcellona@esteri.it<\/a><br \/>\nPEC: <a href=\"mailto:iic.barcellona@cert.esteri.it\">iic.barcellona@cert.esteri.it<\/a> (nom\u00e9s admet correu PEC)<\/p>\n<p>&nbsp;<\/p>\n<p>&nbsp;<\/p>\n<p>&nbsp;<\/p>\n<p>Publicaci\u00f3: 1\/12\/2005 | Actualitzaci\u00f3: 20\/05\/2025<\/p>\n","protected":false},"excerpt":{"rendered":"Istituto Italiano di Cultura di Barcellona Passatge M\u00e9ndez Vigo, 5 E &#8211; 08009 Barcelona tel\u00e8fon: +34-934875306 email: iicbarcellona@esteri.it PEC: iic.barcellona@cert.esteri.it (nom\u00e9s admet correu PEC) &nbsp; &nbsp; &nbsp; Publicaci\u00f3: 1\/12\/2005 | Actualitzaci\u00f3: 20\/05\/2025","protected":false},"author":1,"featured_media":0,"parent":110,"menu_order":2,"comment_status":"closed","ping_status":"closed","template":"","meta":{"footnotes":""},"class_list":["post-457","page","type-page","status-publish","hentry"],"_links":{"self":[{"href":"https:\/\/iicbarcellona.esteri.it\/ca\/wp-json\/wp\/v2\/pages\/457","targetHints":{"allow":["GET"]}}],"collection":[{"href":"https:\/\/iicbarcellona.esteri.it\/ca\/wp-json\/wp\/v2\/pages"}],"about":[{"href":"https:\/\/iicbarcellona.esteri.it\/ca\/wp-json\/wp\/v2\/types\/page"}],"author":[{"embeddable":true,"href":"https:\/\/iicbarcellona.esteri.it\/ca\/wp-json\/wp\/v2\/users\/1"}],"replies":[{"embeddable":true,"href":"https:\/\/iicbarcellona.esteri.it\/ca\/wp-json\/wp\/v2\/comments?post=457"}],"version-history":[{"count":4,"href":"https:\/\/iicbarcellona.esteri.it\/ca\/wp-json\/wp\/v2\/pages\/457\/revisions"}],"predecessor-version":[{"id":10728,"href":"https:\/\/iicbarcellona.esteri.it\/ca\/wp-json\/wp\/v2\/pages\/457\/revisions\/10728"}],"up":[{"embeddable":true,"href":"https:\/\/iicbarcellona.esteri.it\/ca\/wp-json\/wp\/v2\/pages\/110"}],"wp:attachment":[{"href":"https:\/\/iicbarcellona.esteri.it\/ca\/wp-json\/wp\/v2\/media?parent=457"}],"curies":[{"name":"wp","href":"https:\/\/api.w.org\/{rel}","templated":true}]}}