{"id":452,"date":"2023-05-31T14:52:20","date_gmt":"2023-05-31T11:52:20","guid":{"rendered":"https:\/\/iicbarcellona.esteri.it\/amministrazione-trasparente\/articolazione-degli-uffici\/"},"modified":"2025-05-21T15:23:27","modified_gmt":"2025-05-21T12:23:27","slug":"articolazione-degli-uffici","status":"publish","type":"page","link":"https:\/\/iicbarcellona.esteri.it\/ca\/amministrazione-trasparente\/articolazione-degli-uffici\/","title":{"rendered":"Articolazione degli uffici\u00a0"},"content":{"rendered":"<div class=\"entry-content\">\n<p><strong>Annamaria Di Giorgio<\/strong><em><strong><br \/>\n<\/strong><\/em><em>Directora<br \/>\n<\/em><a href=\"mailto:direzione.iicbarcellona@esteri.it\">direzione.iicbarcellona@esteri.it<\/a><br \/>\nTel. 93 4875306<\/p>\n<hr \/>\n<p><strong>Nicoletta De Boni<br \/>\n<\/strong><em>Secreter\u00eda <\/em><strong><em><br \/>\n<\/em><a href=\"mailto:segreteriacorsi.iicbarcellona@esteri.it\">segreteria.iicbarcellona@esteri.it<\/a><br \/>\n<\/strong>Tel. 93 4875306<\/p>\n<p><strong>Gabriel Sut<br \/>\n<\/strong><em>Secreter\u00eda Cursos<br \/>\n<\/em><a href=\"mailto:segreteriacorsi.iicbarcellona@esteri.it\">segreteriacorsi.iicbarcellona@esteri.it<\/a><br \/>\nTel. 93 2720235<\/p>\n<p><strong>Annamaria Ciaravola<br \/>\n<\/strong><em>Coordinadora cursos<br \/>\n<\/em><a href=\"mailto:annamaria.ciaravola@esteri.it\">annamaria.ciaravola@esteri.it<\/a><br \/>\n<a href=\"mailto:coordinamentocorsi.iicbarcellona@esteri.it\">coordinamentocorsi.iicbarcellona@esteri.it<\/a><br \/>\nTel. 93 4875306<\/p>\n<p><strong>Davide Scoglio<br \/>\n<\/strong><em>Comunicaci\u00f3<\/em><strong><br \/>\n<\/strong><a href=\"mailto:davide.scoglio@esteri.it\">davide.scoglio@esteri.it<\/a><br \/>\nTel. 93 4875188<\/p>\n<p><strong>Lucia Cumpostu<\/strong><em><strong><br \/>\n<\/strong>Administraci\u00f3<br \/>\n<\/em><a href=\"mailto:lucia.cumpostu@esteri.it\">lucia.cumpostu@esteri.it<\/a><br \/>\n<a href=\"mailto:amministrazione.iicbarcellona@esteri.it\">amministrazione.iicbarcellona@esteri.it<\/a><br \/>\nTel. 93 4870059<\/p>\n<p><strong>Diana Gargano<\/strong><em><strong><br \/>\n<\/strong><\/em><em>Administraci\u00f3<\/em><br \/>\n<a href=\"mailto:amministrazione.iicbarcellona@esteri.it\">amministrazione.iicbarcellona@esteri.it<\/a><br \/>\nTel. 93 4870059<\/p>\n<p>&nbsp;<\/p>\n<p>Publicaci\u00f3: 1\/12\/2005 | Actualitzaci\u00f3: 20\/05\/2025<\/p>\n<\/div>\n","protected":false},"excerpt":{"rendered":"Annamaria Di Giorgio Directora direzione.iicbarcellona@esteri.it Tel. 93 4875306 Nicoletta De Boni Secreter\u00eda segreteria.iicbarcellona@esteri.it Tel. 93 4875306 Gabriel Sut Secreter\u00eda Cursos segreteriacorsi.iicbarcellona@esteri.it Tel. 93 2720235 Annamaria Ciaravola Coordinadora cursos annamaria.ciaravola@esteri.it coordinamentocorsi.iicbarcellona@esteri.it Tel. 93 4875306 Davide Scoglio Comunicaci\u00f3 davide.scoglio@esteri.it Tel. 93 4875188 Lucia Cumpostu Administraci\u00f3 lucia.cumpostu@esteri.it amministrazione.iicbarcellona@esteri.it Tel. 93 4870059 Diana Gargano Administraci\u00f3 amministrazione.iicbarcellona@esteri.it Tel. 93 4870059 [&hellip;]","protected":false},"author":1,"featured_media":0,"parent":110,"menu_order":0,"comment_status":"closed","ping_status":"closed","template":"","meta":{"footnotes":""},"class_list":["post-452","page","type-page","status-publish","hentry"],"_links":{"self":[{"href":"https:\/\/iicbarcellona.esteri.it\/ca\/wp-json\/wp\/v2\/pages\/452","targetHints":{"allow":["GET"]}}],"collection":[{"href":"https:\/\/iicbarcellona.esteri.it\/ca\/wp-json\/wp\/v2\/pages"}],"about":[{"href":"https:\/\/iicbarcellona.esteri.it\/ca\/wp-json\/wp\/v2\/types\/page"}],"author":[{"embeddable":true,"href":"https:\/\/iicbarcellona.esteri.it\/ca\/wp-json\/wp\/v2\/users\/1"}],"replies":[{"embeddable":true,"href":"https:\/\/iicbarcellona.esteri.it\/ca\/wp-json\/wp\/v2\/comments?post=452"}],"version-history":[{"count":4,"href":"https:\/\/iicbarcellona.esteri.it\/ca\/wp-json\/wp\/v2\/pages\/452\/revisions"}],"predecessor-version":[{"id":10734,"href":"https:\/\/iicbarcellona.esteri.it\/ca\/wp-json\/wp\/v2\/pages\/452\/revisions\/10734"}],"up":[{"embeddable":true,"href":"https:\/\/iicbarcellona.esteri.it\/ca\/wp-json\/wp\/v2\/pages\/110"}],"wp:attachment":[{"href":"https:\/\/iicbarcellona.esteri.it\/ca\/wp-json\/wp\/v2\/media?parent=452"}],"curies":[{"name":"wp","href":"https:\/\/api.w.org\/{rel}","templated":true}]}}